{"id":580,"date":"2016-03-24T08:51:18","date_gmt":"2016-03-24T07:51:18","guid":{"rendered":"http:\/\/www.assoargr.fr\/wp-argr\/?page_id=580"},"modified":"2016-03-24T11:11:19","modified_gmt":"2016-03-24T10:11:19","slug":"assemblee-generale-2008","status":"publish","type":"page","link":"https:\/\/www.assoargr.fr\/wp-argr\/assemblee-generale-2008\/","title":{"rendered":"Assembl\u00e9e g\u00e9n\u00e9rale 2008 &#8230; les dix ans de l&rsquo;ARGR"},"content":{"rendered":"<p>\n\t\t<!-- MasterSlider -->\n\t\t<div id=\"P_MS5703cab32326d\" class=\"master-slider-parent msl ms-parent-id-18\" style=\"max-width:800px;\"  >\n\n\t\t\t\n\t\t\t<!-- MasterSlider Main -->\n\t\t\t<div id=\"MS5703cab32326d\" class=\"master-slider ms-skin-default\" >\n\t\t\t\t \t\t\t\t \n\t\t\t\t<div  class=\"ms-slide\" data-delay=\"3\" data-fill-mode=\"fill\"  >\n\t\t\t\t\t<img decoding=\"async\" src=\"http:\/\/www.assoargr.fr\/wp-argr\/wp-content\/plugins\/master-slider\/public\/assets\/css\/blank.gif\" alt=\"\" title=\"\" data-src=\"http:\/\/www.assoargr.fr\/wp-argr\/wp-content\/uploads\/2016\/03\/fond.gif\" \/>\n\n\n\t<img decoding=\"async\" class=\"ms-thumb\" src=\"http:\/\/www.assoargr.fr\/wp-argr\/wp-content\/uploads\/2016\/03\/fond-140x80.gif\" alt=\"\" \/>\n\t<div class=\"ms-thumb\" ><div class=\"ms-tab-context\"><div class=&quot;ms-tab-context&quot;><\/div><\/div>\n<\/div>\n\t\t\t\t<\/div>\n\t\t\t\t<div  class=\"ms-slide\" data-delay=\"3\" data-fill-mode=\"fill\"  >\n\t\t\t\t\t<img decoding=\"async\" src=\"http:\/\/www.assoargr.fr\/wp-argr\/wp-content\/plugins\/master-slider\/public\/assets\/css\/blank.gif\" alt=\"\" title=\"\" data-src=\"http:\/\/www.assoargr.fr\/wp-argr\/wp-content\/uploads\/2016\/03\/ima2-6.jpg\" \/>\n\n\n\t<img decoding=\"async\" class=\"ms-thumb\" src=\"http:\/\/www.assoargr.fr\/wp-argr\/wp-content\/uploads\/2016\/03\/ima2-6-140x80.jpg\" alt=\"\" \/>\n\t<div class=\"ms-thumb\" ><div class=\"ms-tab-context\"><div class=&quot;ms-tab-context&quot;><\/div><\/div>\n<\/div>\n\t\t\t\t<\/div>\n\t\t\t\t<div  class=\"ms-slide\" data-delay=\"3\" data-fill-mode=\"fill\"  >\n\t\t\t\t\t<img decoding=\"async\" src=\"http:\/\/www.assoargr.fr\/wp-argr\/wp-content\/plugins\/master-slider\/public\/assets\/css\/blank.gif\" alt=\"\" title=\"\" data-src=\"http:\/\/www.assoargr.fr\/wp-argr\/wp-content\/uploads\/2016\/03\/ima1-6.jpg\" \/>\n\n\n\t<img decoding=\"async\" class=\"ms-thumb\" src=\"http:\/\/www.assoargr.fr\/wp-argr\/wp-content\/uploads\/2016\/03\/ima1-6-140x80.jpg\" alt=\"\" \/>\n\t<div class=\"ms-thumb\" ><div class=\"ms-tab-context\"><div class=&quot;ms-tab-context&quot;><\/div><\/div>\n<\/div>\n\t\t\t\t<\/div>\n\t\t\t\t<div  class=\"ms-slide\" data-delay=\"3\" data-fill-mode=\"fill\"  >\n\t\t\t\t\t<img decoding=\"async\" src=\"http:\/\/www.assoargr.fr\/wp-argr\/wp-content\/plugins\/master-slider\/public\/assets\/css\/blank.gif\" alt=\"\" title=\"\" data-src=\"http:\/\/www.assoargr.fr\/wp-argr\/wp-content\/uploads\/2016\/03\/ima3-6.jpg\" \/>\n\n\n\t<img decoding=\"async\" class=\"ms-thumb\" src=\"http:\/\/www.assoargr.fr\/wp-argr\/wp-content\/uploads\/2016\/03\/ima3-6-140x80.jpg\" alt=\"\" \/>\n\t<div class=\"ms-thumb\" ><div class=\"ms-tab-context\"><div class=&quot;ms-tab-context&quot;><\/div><\/div>\n<\/div>\n\t\t\t\t<\/div>\n\t\t\t\t<div  class=\"ms-slide\" data-delay=\"3\" data-fill-mode=\"fill\"  >\n\t\t\t\t\t<img decoding=\"async\" src=\"http:\/\/www.assoargr.fr\/wp-argr\/wp-content\/plugins\/master-slider\/public\/assets\/css\/blank.gif\" alt=\"\" title=\"\" data-src=\"http:\/\/www.assoargr.fr\/wp-argr\/wp-content\/uploads\/2016\/03\/ima4-6.jpg\" \/>\n\n\n\t<img decoding=\"async\" class=\"ms-thumb\" src=\"http:\/\/www.assoargr.fr\/wp-argr\/wp-content\/uploads\/2016\/03\/ima4-6-140x80.jpg\" alt=\"\" \/>\n\t<div class=\"ms-thumb\" ><div class=\"ms-tab-context\"><div class=&quot;ms-tab-context&quot;><\/div><\/div>\n<\/div>\n\t\t\t\t<\/div>\n\t\t\t\t<div  class=\"ms-slide\" data-delay=\"3\" data-fill-mode=\"fill\"  >\n\t\t\t\t\t<img decoding=\"async\" src=\"http:\/\/www.assoargr.fr\/wp-argr\/wp-content\/plugins\/master-slider\/public\/assets\/css\/blank.gif\" alt=\"\" title=\"\" data-src=\"http:\/\/www.assoargr.fr\/wp-argr\/wp-content\/uploads\/2016\/03\/ima6-6.jpg\" \/>\n\n\n\t<img decoding=\"async\" class=\"ms-thumb\" src=\"http:\/\/www.assoargr.fr\/wp-argr\/wp-content\/uploads\/2016\/03\/ima6-6-140x80.jpg\" alt=\"\" \/>\n\t<div class=\"ms-thumb\" ><div class=\"ms-tab-context\"><div class=&quot;ms-tab-context&quot;><\/div><\/div>\n<\/div>\n\t\t\t\t<\/div>\n\t\t\t\t<div  class=\"ms-slide\" data-delay=\"3\" data-fill-mode=\"fill\"  >\n\t\t\t\t\t<img decoding=\"async\" src=\"http:\/\/www.assoargr.fr\/wp-argr\/wp-content\/plugins\/master-slider\/public\/assets\/css\/blank.gif\" alt=\"\" title=\"\" data-src=\"http:\/\/www.assoargr.fr\/wp-argr\/wp-content\/uploads\/2016\/03\/ima5-6.jpg\" \/>\n\n\n\t<img decoding=\"async\" class=\"ms-thumb\" src=\"http:\/\/www.assoargr.fr\/wp-argr\/wp-content\/uploads\/2016\/03\/ima5-6-140x80.jpg\" alt=\"\" \/>\n\t<div class=\"ms-thumb\" ><div class=\"ms-tab-context\"><div class=&quot;ms-tab-context&quot;><\/div><\/div>\n<\/div>\n\t\t\t\t<\/div>\n\t\t\t\t<div  class=\"ms-slide\" data-delay=\"3\" data-fill-mode=\"fill\"  >\n\t\t\t\t\t<img decoding=\"async\" src=\"http:\/\/www.assoargr.fr\/wp-argr\/wp-content\/plugins\/master-slider\/public\/assets\/css\/blank.gif\" alt=\"\" title=\"\" data-src=\"http:\/\/www.assoargr.fr\/wp-argr\/wp-content\/uploads\/2016\/03\/ima7-6.jpg\" \/>\n\n\n\t<img decoding=\"async\" class=\"ms-thumb\" src=\"http:\/\/www.assoargr.fr\/wp-argr\/wp-content\/uploads\/2016\/03\/ima7-6-140x80.jpg\" alt=\"\" \/>\n\t<div class=\"ms-thumb\" ><div class=\"ms-tab-context\"><div class=&quot;ms-tab-context&quot;><\/div><\/div>\n<\/div>\n\t\t\t\t<\/div>\n\t\t\t\t<div  class=\"ms-slide\" data-delay=\"3\" data-fill-mode=\"fill\"  >\n\t\t\t\t\t<img decoding=\"async\" src=\"http:\/\/www.assoargr.fr\/wp-argr\/wp-content\/plugins\/master-slider\/public\/assets\/css\/blank.gif\" alt=\"\" title=\"\" data-src=\"http:\/\/www.assoargr.fr\/wp-argr\/wp-content\/uploads\/2016\/03\/ima8-6.jpg\" \/>\n\n\n\t<img decoding=\"async\" class=\"ms-thumb\" src=\"http:\/\/www.assoargr.fr\/wp-argr\/wp-content\/uploads\/2016\/03\/ima8-6-140x80.jpg\" alt=\"\" \/>\n\t<div class=\"ms-thumb\" ><div class=\"ms-tab-context\"><div class=&quot;ms-tab-context&quot;><\/div><\/div>\n<\/div>\n\t\t\t\t<\/div>\n\t\t\t\t<div  class=\"ms-slide\" data-delay=\"3\" data-fill-mode=\"fill\"  >\n\t\t\t\t\t<img decoding=\"async\" src=\"http:\/\/www.assoargr.fr\/wp-argr\/wp-content\/plugins\/master-slider\/public\/assets\/css\/blank.gif\" alt=\"\" title=\"\" data-src=\"http:\/\/www.assoargr.fr\/wp-argr\/wp-content\/uploads\/2016\/03\/ima9-5.jpg\" \/>\n\n\n\t<img decoding=\"async\" class=\"ms-thumb\" src=\"http:\/\/www.assoargr.fr\/wp-argr\/wp-content\/uploads\/2016\/03\/ima9-5-140x80.jpg\" alt=\"\" \/>\n\t<div class=\"ms-thumb\" ><div class=\"ms-tab-context\"><div class=&quot;ms-tab-context&quot;><\/div><\/div>\n<\/div>\n\t\t\t\t<\/div>\n\t\t\t\t<div  class=\"ms-slide\" data-delay=\"3\" data-fill-mode=\"fill\"  >\n\t\t\t\t\t<img decoding=\"async\" src=\"http:\/\/www.assoargr.fr\/wp-argr\/wp-content\/plugins\/master-slider\/public\/assets\/css\/blank.gif\" alt=\"\" title=\"\" data-src=\"http:\/\/www.assoargr.fr\/wp-argr\/wp-content\/uploads\/2016\/03\/ima10-6.jpg\" \/>\n\n\n\t<img decoding=\"async\" class=\"ms-thumb\" src=\"http:\/\/www.assoargr.fr\/wp-argr\/wp-content\/uploads\/2016\/03\/ima10-6-140x80.jpg\" alt=\"\" \/>\n\t<div class=\"ms-thumb\" ><div class=\"ms-tab-context\"><div class=&quot;ms-tab-context&quot;><\/div><\/div>\n<\/div>\n\t\t\t\t<\/div>\n\t\t\t\t<div  class=\"ms-slide\" data-delay=\"3\" data-fill-mode=\"fill\"  >\n\t\t\t\t\t<img decoding=\"async\" src=\"http:\/\/www.assoargr.fr\/wp-argr\/wp-content\/plugins\/master-slider\/public\/assets\/css\/blank.gif\" alt=\"\" title=\"\" data-src=\"http:\/\/www.assoargr.fr\/wp-argr\/wp-content\/uploads\/2016\/03\/ima13-5.jpg\" \/>\n\n\n\t<img decoding=\"async\" class=\"ms-thumb\" src=\"http:\/\/www.assoargr.fr\/wp-argr\/wp-content\/uploads\/2016\/03\/ima13-5-140x80.jpg\" alt=\"\" \/>\n\t<div class=\"ms-thumb\" ><div class=\"ms-tab-context\"><div class=&quot;ms-tab-context&quot;><\/div><\/div>\n<\/div>\n\t\t\t\t<\/div>\n\t\t\t\t<div  class=\"ms-slide\" data-delay=\"3\" data-fill-mode=\"fill\"  >\n\t\t\t\t\t<img decoding=\"async\" src=\"http:\/\/www.assoargr.fr\/wp-argr\/wp-content\/plugins\/master-slider\/public\/assets\/css\/blank.gif\" alt=\"\" title=\"\" data-src=\"http:\/\/www.assoargr.fr\/wp-argr\/wp-content\/uploads\/2016\/03\/ima11-6.jpg\" \/>\n\n\n\t<img decoding=\"async\" class=\"ms-thumb\" src=\"http:\/\/www.assoargr.fr\/wp-argr\/wp-content\/uploads\/2016\/03\/ima11-6-140x80.jpg\" alt=\"\" \/>\n\t<div class=\"ms-thumb\" ><div class=\"ms-tab-context\"><div class=&quot;ms-tab-context&quot;><\/div><\/div>\n<\/div>\n\t\t\t\t<\/div>\n\t\t\t\t<div  class=\"ms-slide\" data-delay=\"3\" data-fill-mode=\"fill\"  >\n\t\t\t\t\t<img decoding=\"async\" src=\"http:\/\/www.assoargr.fr\/wp-argr\/wp-content\/plugins\/master-slider\/public\/assets\/css\/blank.gif\" alt=\"\" title=\"\" data-src=\"http:\/\/www.assoargr.fr\/wp-argr\/wp-content\/uploads\/2016\/03\/ima12-5.jpg\" \/>\n\n\n\t<img decoding=\"async\" class=\"ms-thumb\" src=\"http:\/\/www.assoargr.fr\/wp-argr\/wp-content\/uploads\/2016\/03\/ima12-5-140x80.jpg\" alt=\"\" \/>\n\t<div class=\"ms-thumb\" ><div class=\"ms-tab-context\"><div class=&quot;ms-tab-context&quot;><\/div><\/div>\n<\/div>\n\t\t\t\t<\/div>\n\t\t\t\t<div  class=\"ms-slide\" data-delay=\"3\" data-fill-mode=\"fill\"  >\n\t\t\t\t\t<img decoding=\"async\" src=\"http:\/\/www.assoargr.fr\/wp-argr\/wp-content\/plugins\/master-slider\/public\/assets\/css\/blank.gif\" alt=\"\" title=\"\" data-src=\"http:\/\/www.assoargr.fr\/wp-argr\/wp-content\/uploads\/2016\/03\/ima14-5.jpg\" \/>\n\n\n\t<img decoding=\"async\" class=\"ms-thumb\" src=\"http:\/\/www.assoargr.fr\/wp-argr\/wp-content\/uploads\/2016\/03\/ima14-5-140x80.jpg\" alt=\"\" \/>\n\t<div class=\"ms-thumb\" ><div class=\"ms-tab-context\"><div class=&quot;ms-tab-context&quot;><\/div><\/div>\n<\/div>\n\t\t\t\t<\/div>\n\t\t\t\t<div  class=\"ms-slide\" data-delay=\"3\" data-fill-mode=\"fill\"  >\n\t\t\t\t\t<img decoding=\"async\" src=\"http:\/\/www.assoargr.fr\/wp-argr\/wp-content\/plugins\/master-slider\/public\/assets\/css\/blank.gif\" alt=\"\" title=\"\" data-src=\"http:\/\/www.assoargr.fr\/wp-argr\/wp-content\/uploads\/2016\/03\/ima15-5.jpg\" \/>\n\n\n\t<img decoding=\"async\" class=\"ms-thumb\" src=\"http:\/\/www.assoargr.fr\/wp-argr\/wp-content\/uploads\/2016\/03\/ima15-5-140x80.jpg\" alt=\"\" \/>\n\t<div class=\"ms-thumb\" ><div class=\"ms-tab-context\"><div class=&quot;ms-tab-context&quot;><\/div><\/div>\n<\/div>\n\t\t\t\t<\/div>\n\t\t\t\t<div  class=\"ms-slide\" data-delay=\"3\" data-fill-mode=\"fill\"  >\n\t\t\t\t\t<img decoding=\"async\" src=\"http:\/\/www.assoargr.fr\/wp-argr\/wp-content\/plugins\/master-slider\/public\/assets\/css\/blank.gif\" alt=\"\" title=\"\" data-src=\"http:\/\/www.assoargr.fr\/wp-argr\/wp-content\/uploads\/2016\/03\/ima16-5.jpg\" \/>\n\n\n\t<img decoding=\"async\" class=\"ms-thumb\" src=\"http:\/\/www.assoargr.fr\/wp-argr\/wp-content\/uploads\/2016\/03\/ima16-5-140x80.jpg\" alt=\"\" \/>\n\t<div class=\"ms-thumb\" ><div class=\"ms-tab-context\"><div class=&quot;ms-tab-context&quot;><\/div><\/div>\n<\/div>\n\t\t\t\t<\/div>\n\n\t\t\t<\/div>\n\t\t\t<!-- END MasterSlider Main -->\n\n\t\t\t \n\t\t<\/div>\n\t\t<!-- END MasterSlider -->\n\n\t\t<script>\n\t\t(function ( $ ) {\n\t\t\t\"use strict\";\n\n\t\t\t$(function () {\n\t\t\t\tvar masterslider_326d = new MasterSlider();\n\n\t\t\t\t\/\/ slider controls\n\t\t\t\tmasterslider_326d.control('arrows'     ,{ autohide:false, overVideo:true  });\t\t\t\tmasterslider_326d.control('bullets'    ,{ autohide:false, overVideo:true, dir:'h', align:'bottom' , margin:10  });\n\n\t\t\t\tmasterslider_326d.control('thumblist'  ,{ autohide:false, overVideo:true, dir:'h', speed:17, inset:false, arrows:false, hover:false, customClass:'', align:'bottom',type:'thumbs', margin:5, width:140, height:80, space:5, fillMode:'fill'  });\n\t\t\t\t\/\/ slider setup\n\t\t\t\tmasterslider_326d.setup(\"MS5703cab32326d\", {\n\t\t\t\t\t\twidth           : 800,\n\t\t\t\t\t\theight          : 480,\n\t\t\t\t\t\tminHeight       : 0,\n\t\t\t\t\t\tspace           : 0,\n\t\t\t\t\t\tstart           : 1,\n\t\t\t\t\t\tgrabCursor      : true,\n\t\t\t\t\t\tswipe           : true,\n\t\t\t\t\t\tmouse           : true,\n\t\t\t\t\t\tlayout          : \"boxed\",\n\t\t\t\t\t\twheel           : false,\n\t\t\t\t\t\tautoplay        : false,\n\t\t\t\t\t\tinstantStartLayers:false,\n\t\t\t\t\t\tloop            : false,\n\t\t\t\t\t\tshuffle         : false,\n\t\t\t\t\t\tpreload         : 0,\n\t\t\t\t\t\theightLimit     : true,\n\t\t\t\t\t\tautoHeight      : false,\n\t\t\t\t\t\tsmoothHeight    : true,\n\t\t\t\t\t\tendPause        : false,\n\t\t\t\t\t\toverPause       : true,\n\t\t\t\t\t\tfillMode        : \"fill\",\n\t\t\t\t\t\tcenterControls  : true,\n\t\t\t\t\t\tstartOnAppear   : false,\n\t\t\t\t\t\tlayersMode      : \"center\",\n\t\t\t\t\t\thideLayers      : false,\n\t\t\t\t\t\tfullscreenMargin: 0,\n\t\t\t\t\t\tspeed           : 20,\n\t\t\t\t\t\tdir             : \"h\",\n\t\t\t\t\t\tparallaxMode    : 'swipe',\n\t\t\t\t\t\tview            : \"basic\"\n\t\t\t\t});\n\n\t\t\t\t\n\t\t\t\twindow.masterslider_instances = window.masterslider_instances || [];\n\t\t\t\twindow.masterslider_instances.push( masterslider_326d );\n\t\t\t });\n\n\t\t})(jQuery);\n\t\t<\/script>\n\n<br \/>\nL&rsquo;ARGR a tenue \u00e0 honorer dignement son 10 \u00e8me anniversaire !<\/p>\n","protected":false},"excerpt":{"rendered":"<p>L&rsquo;ARGR a tenue \u00e0 honorer dignement son 10 \u00e8me anniversaire !<\/p>\n","protected":false},"author":1,"featured_media":0,"parent":0,"menu_order":0,"comment_status":"closed","ping_status":"closed","template":"","meta":{"footnotes":""},"class_list":["post-580","page","type-page","status-publish","hentry","entry","no-media"],"_links":{"self":[{"href":"https:\/\/www.assoargr.fr\/wp-argr\/wp-json\/wp\/v2\/pages\/580"}],"collection":[{"href":"https:\/\/www.assoargr.fr\/wp-argr\/wp-json\/wp\/v2\/pages"}],"about":[{"href":"https:\/\/www.assoargr.fr\/wp-argr\/wp-json\/wp\/v2\/types\/page"}],"author":[{"embeddable":true,"href":"https:\/\/www.assoargr.fr\/wp-argr\/wp-json\/wp\/v2\/users\/1"}],"replies":[{"embeddable":true,"href":"https:\/\/www.assoargr.fr\/wp-argr\/wp-json\/wp\/v2\/comments?post=580"}],"version-history":[{"count":5,"href":"https:\/\/www.assoargr.fr\/wp-argr\/wp-json\/wp\/v2\/pages\/580\/revisions"}],"predecessor-version":[{"id":662,"href":"https:\/\/www.assoargr.fr\/wp-argr\/wp-json\/wp\/v2\/pages\/580\/revisions\/662"}],"wp:attachment":[{"href":"https:\/\/www.assoargr.fr\/wp-argr\/wp-json\/wp\/v2\/media?parent=580"}],"curies":[{"name":"wp","href":"https:\/\/api.w.org\/{rel}","templated":true}]}}