{"id":51,"date":"2016-03-22T09:10:51","date_gmt":"2016-03-22T08:10:51","guid":{"rendered":"http:\/\/www.assoargr.fr\/wp-argr\/?page_id=51"},"modified":"2016-03-29T07:30:20","modified_gmt":"2016-03-29T06:30:20","slug":"carnet-mondain","status":"publish","type":"page","link":"https:\/\/www.assoargr.fr\/wp-argr\/carnet-mondain\/","title":{"rendered":"Carnet mondain"},"content":{"rendered":"<table width=\"90%\">\n<tbody>\n<tr>\n<td colspan=\"2\"><span style=\"text-decoration: underline;\"><strong>ILS NOUS ONT QUITT\u00c9S EN 2016<\/strong><\/span><\/td>\n<\/tr>\n<tr>\n<td><img loading=\"lazy\" decoding=\"async\" class=\"alignnone size-full wp-image-236\" src=\"http:\/\/www.assoargr.fr\/wp-argr\/wp-content\/uploads\/2016\/03\/gerber.png\" alt=\"gerber\" width=\"111\" height=\"130\" \/><\/td>\n<td style=\"vertical-align: top; padding-left: 10px;\"><strong>Andr\u00e9 Gerber<\/strong><br \/>\nUn des \u00ab\u00a0piliers\u00a0\u00bb de l&rsquo;usine d&rsquo;Argenteuil qu&rsquo;il dirigea avec Gabriel Varvat durant de nombreuses ann\u00e9es<\/td>\n<\/tr>\n<tr>\n<td><img loading=\"lazy\" decoding=\"async\" class=\"alignnone size-full wp-image-225\" src=\"http:\/\/www.assoargr.fr\/wp-argr\/wp-content\/uploads\/2016\/03\/magda.png\" alt=\"magda\" width=\"140\" height=\"173\" \/><\/td>\n<td style=\"vertical-align: top; padding-left: 10px;\"><strong>Magda Caudrillier<\/strong><br \/>\nChacun se souviendra avec \u00e9motion de notre amie \u00e0 tous : Magda. Elle nous laisse le souvenir de sa gentillesse, de sa joie de vivre, et de sa disponibilit\u00e9<\/td>\n<\/tr>\n<tr>\n<td colspan=\"2\"><span style=\"text-decoration: underline;\"><strong>ILS NOUS ONT QUITT\u00c9S EN 2014<\/strong><\/span><\/td>\n<\/tr>\n<tr>\n<td><img loading=\"lazy\" decoding=\"async\" class=\"alignnone size-full wp-image-221\" src=\"http:\/\/www.assoargr.fr\/wp-argr\/wp-content\/uploads\/2016\/03\/fessardr.jpg\" alt=\"fessardr\" width=\"107\" height=\"98\" \/><\/td>\n<td style=\"vertical-align: top; padding-left: 10px;\"><strong>Roland Fessard<\/strong><br \/>\nRoland nous a quitt\u00e9 le 28\/02\/2014 dans sa 82 eme ann\u00e9e, le m\u00eame jour que notre doyenne Clotilde<\/td>\n<\/tr>\n<tr>\n<td>\u00a0<img loading=\"lazy\" decoding=\"async\" class=\"alignnone size-full wp-image-217\" src=\"http:\/\/www.assoargr.fr\/wp-argr\/wp-content\/uploads\/2016\/03\/charpentier.png\" alt=\"charpentier\" width=\"243\" height=\"314\" srcset=\"https:\/\/www.assoargr.fr\/wp-argr\/wp-content\/uploads\/2016\/03\/charpentier.png 243w, https:\/\/www.assoargr.fr\/wp-argr\/wp-content\/uploads\/2016\/03\/charpentier-232x300.png 232w\" sizes=\"(max-width: 243px) 100vw, 243px\" \/><\/td>\n<td style=\"vertical-align: top; padding-left: 10px;\"><strong>Clotilde Charpentier<\/strong><br \/>\nClotilde nous a quitt\u00e9 le 28\/02\/2014 dans sa 103 eme ann\u00e9 Notre doyenne restera pour toujours dans nos m\u00e9moires.<\/td>\n<\/tr>\n<tr>\n<td><img loading=\"lazy\" decoding=\"async\" class=\"alignnone size-full wp-image-219\" src=\"http:\/\/www.assoargr.fr\/wp-argr\/wp-content\/uploads\/2016\/03\/diot.png\" alt=\"diot\" width=\"242\" height=\"249\" \/><\/td>\n<td style=\"vertical-align: top; padding-left: 10px;\"><strong>Daniel Diot<\/strong><\/p>\n<p>Daniel nous a quitt\u00e9 pr\u00e9maturement. Dans nos m\u00e9moires restera l\u2019image d\u2019un homme engag\u00e9 courageux dans ses convictions. Les motards de la soci\u00e9t\u00e9s ne l\u2019oublierons pas<\/td>\n<\/tr>\n<tr>\n<td colspan=\"2\"><span style=\"text-decoration: underline;\"><strong>ILS NOUS ONT QUITT\u00c9S EN 2011<\/strong><\/span><\/td>\n<\/tr>\n<tr>\n<td><img loading=\"lazy\" decoding=\"async\" class=\"alignnone size-full wp-image-228\" src=\"http:\/\/www.assoargr.fr\/wp-argr\/wp-content\/uploads\/2016\/03\/orambourgr.png\" alt=\"orambourgr\" width=\"91\" height=\"110\" \/><\/td>\n<td style=\"vertical-align: top; padding-left: 10px;\"><strong>Robert Orambourg<\/strong><br \/>\nRobert nous a quitt\u00e9 le 4\/10\/2011, dans sa 97 eme ann\u00e9e. Depuis toujours chez Roure, il sera regret\u00e9 par tous les anciens qui l\u2019ont bien connus. L\u2019image de Robert enfourchant son l\u00e9gendaire Solex reste grav\u00e9 dans toutes nos m\u00e9moires.<\/td>\n<\/tr>\n<tr>\n<td><img loading=\"lazy\" decoding=\"async\" class=\"alignnone size-full wp-image-232\" src=\"http:\/\/www.assoargr.fr\/wp-argr\/wp-content\/uploads\/2016\/03\/ysernin.png\" alt=\"ysernin\" width=\"198\" height=\"240\" \/><\/td>\n<td style=\"vertical-align: top; padding-left: 10px;\"><strong>Yves de Saint Sernin<\/strong><\/p>\n<p>Yves qui fut notre pr\u00e9sident durant toutes ces ann\u00e9es nous \u00e0 quitt\u00e9.<br \/>\nEntr\u00e9 dans la compagnie en 1978 Yves a particip\u00e9 \u00e0 toutes les \u00e9volutions de Roure et Givaudan. Longtemps responsable du service informatique il a \u00e9t\u00e9 l\u2019artisant de la mise en place du computeur dans la soci\u00e9t\u00e9<\/td>\n<\/tr>\n<tr>\n<td style=\"vertical-align: top; padding-left: 10px;\"><img loading=\"lazy\" decoding=\"async\" class=\"alignnone size-full wp-image-222\" src=\"http:\/\/www.assoargr.fr\/wp-argr\/wp-content\/uploads\/2016\/03\/gritter.jpg\" alt=\"gritter\" width=\"120\" height=\"132\" \/><\/td>\n<td>G<strong>eorges Ritter<\/strong><\/p>\n<p>Georges nous a quitt\u00e9 fin mars 2011. Nous gardons de lui le souvenir d\u2019homme int\u00e8gre et responsable, toujours aimable et souriant, soucieux de la qualit\u00e9 de son travail comme celle de ses amiti\u00e9s<\/td>\n<\/tr>\n<tr>\n<td colspan=\"2\"><span style=\"text-decoration: underline;\"><strong>ILS NOUS ONT QUITT\u00c9S EN 2009<\/strong><\/span><\/td>\n<\/tr>\n<tr>\n<td><span style=\"text-decoration: underline;\">\u00a0<\/span><\/td>\n<td style=\"vertical-align: top; padding-left: 10px;\"><strong>Jean Turrini<\/strong><br \/>\nJean nous a quitt\u00e9 le 4 octobre 2009, \u00e0 l\u2019age de 82 ans.<\/td>\n<\/tr>\n<tr>\n<td>\u00a0<img loading=\"lazy\" decoding=\"async\" class=\"alignnone size-full wp-image-223\" src=\"http:\/\/www.assoargr.fr\/wp-argr\/wp-content\/uploads\/2016\/03\/guilloc.jpg\" alt=\"guilloc\" width=\"122\" height=\"131\" \/><\/td>\n<td><strong>Camille Guillo<\/strong><\/p>\n<p>Camille est d\u00e9c\u00e9d\u00e9 le 22 septembre 2009, dans sa 93 \u00e8me ann\u00e9e.<\/td>\n<\/tr>\n<tr>\n<td>\u00a0<img loading=\"lazy\" decoding=\"async\" class=\"alignnone size-full wp-image-224\" src=\"http:\/\/www.assoargr.fr\/wp-argr\/wp-content\/uploads\/2016\/03\/ines.png\" alt=\"ines\" width=\"246\" height=\"272\" \/><\/td>\n<td style=\"vertical-align: top; padding-left: 10px;\"><strong>Ines de Teyssi\u00e8re<\/strong><\/p>\n<p>Ines de Teyssi\u00e8re est d\u00e9c\u00e9d\u00e9e le 30 janvier 2009, dans sa 98 \u00e8me ann\u00e9e.<\/td>\n<\/tr>\n<tr>\n<td colspan=\"2\"><span style=\"text-decoration: underline;\"><strong>ILS NOUS ONT QUITT\u00c9S EN 2007<\/strong><\/span><\/td>\n<\/tr>\n<tr>\n<td>\u00a0<img loading=\"lazy\" decoding=\"async\" class=\"alignnone size-full wp-image-216\" src=\"http:\/\/www.assoargr.fr\/wp-argr\/wp-content\/uploads\/2016\/03\/cellic.jpg\" alt=\"cellic\" width=\"119\" height=\"122\" \/><\/td>\n<td style=\"vertical-align: top; padding-left: 10px;\"><strong>Charles Celli<\/strong><br \/>\nIl fut l\u2019un des piliers du laboratoire de recherches d\u2019Argenteuil durant de nombreuses ann\u00e9es. On lui doit beaucoup dans les series des LRA et LRT.<\/td>\n<\/tr>\n<tr>\n<td colspan=\"2\"><span style=\"text-decoration: underline;\"><strong>ILS NOUS ONT QUITT\u00c9S EN 2004<\/strong><\/span><\/td>\n<\/tr>\n<tr>\n<td><img loading=\"lazy\" decoding=\"async\" class=\"alignnone size-full wp-image-231\" src=\"http:\/\/www.assoargr.fr\/wp-argr\/wp-content\/uploads\/2016\/03\/varvatg.jpg\" alt=\"varvatg\" width=\"142\" height=\"160\" \/><\/td>\n<td style=\"vertical-align: top; padding-left: 10px;\"><strong>Gabriel Varvat<\/strong><\/p>\n<p>Apparent\u00e9 \u00e0 la famille Roure, Gabriel Varvat fut durant de nombreuses ann\u00e9es directeur de notre usine d\u2019Argenteuil. Homme de coeur, autant que de culture, Gabriel laisse l\u2019image d\u2019un personnage humain, proches des gens, des grands comme des petits.<\/p>\n<p>Appr\u00e9ci\u00e9 de tous, il nous manquera beaucoup<\/td>\n<\/tr>\n<tr>\n<td colspan=\"2\"><span style=\"text-decoration: underline;\"><strong>ILS NOUS ONT QUITT\u00c9S EN 2002<\/strong><\/span><\/td>\n<\/tr>\n<tr>\n<td><img loading=\"lazy\" decoding=\"async\" class=\"alignnone size-full wp-image-218\" src=\"http:\/\/www.assoargr.fr\/wp-argr\/wp-content\/uploads\/2016\/03\/dantigny.jpg\" alt=\"dantigny\" width=\"102\" height=\"143\" \/><\/td>\n<td style=\"vertical-align: top; padding-left: 10px;\"><strong>Manuel Dantigny<\/strong><\/p>\n<p>Notre ami et coll\u00e8gue Manuel, \u00e9poux de Evelyne nous a quitt\u00e9 le 24\/04\/2002. Il a travaill\u00e9 entre 1961 et 1994 en tant que menuisier au service entretient de l\u2019usine d\u2019Argenteuil.<\/td>\n<\/tr>\n<tr>\n<td>\u00a0<img loading=\"lazy\" decoding=\"async\" class=\"alignnone size-full wp-image-230\" src=\"http:\/\/www.assoargr.fr\/wp-argr\/wp-content\/uploads\/2016\/03\/roland.jpg\" alt=\"roland\" width=\"120\" height=\"134\" \/><\/td>\n<td style=\"vertical-align: top; padding-left: 10px;\"><strong>Roland Penhoat<\/strong><\/p>\n<p>Roland fut pendant de nombreuses ann\u00e9e le chef comptable de la soci\u00e9t\u00e9 Roure, au si\u00e8ge social de Paris, puis d\u2019Argenteuil. sa gentillesse et sa joie de vivre restent encore dans toutes les m\u00e9moires.<\/td>\n<\/tr>\n<tr>\n<td colspan=\"2\"><span style=\"text-decoration: underline;\"><strong>ILS NOUS ONT QUITT\u00c9S EN 2001<\/strong><\/span><\/td>\n<\/tr>\n<tr>\n<td>\u00a0<img loading=\"lazy\" decoding=\"async\" class=\"alignnone size-full wp-image-220\" src=\"http:\/\/www.assoargr.fr\/wp-argr\/wp-content\/uploads\/2016\/03\/fauveaus.jpg\" alt=\"fauveaus\" width=\"118\" height=\"166\" \/><\/td>\n<td style=\"vertical-align: top; padding-left: 10px;\"><strong>Sylvette fauveau<\/strong><br \/>\nAncienne de l\u2019usine D\u2019Argenteuil et qui fut tr\u00e9sori\u00e8re de notre amicale depuis ses d\u00e9buts.<\/td>\n<\/tr>\n<tr>\n<td>\u00a0<img loading=\"lazy\" decoding=\"async\" class=\"alignnone size-full wp-image-226\" src=\"http:\/\/www.assoargr.fr\/wp-argr\/wp-content\/uploads\/2016\/03\/nec1.jpg\" alt=\"nec1\" width=\"153\" height=\"155\" \/><\/td>\n<td style=\"vertical-align: top; padding-left: 10px;\"><strong>Ren\u00e9 Fr\u00e9mont<\/strong><\/p>\n<p>Ren\u00e9 Fr\u00e9mont, lors de l\u2019anniversaire de ses cent ans, en compagnie de Yves de saint Sernin et Gabriel Varvat.<\/td>\n<\/tr>\n<tr>\n<td colspan=\"2\"><span style=\"text-decoration: underline;\"><strong>ILS NOUS ONT QUITT\u00c9S EN 2000<\/strong><\/span><\/td>\n<\/tr>\n<tr>\n<td><img loading=\"lazy\" decoding=\"async\" class=\"alignnone size-full wp-image-227\" src=\"http:\/\/www.assoargr.fr\/wp-argr\/wp-content\/uploads\/2016\/03\/nec3.jpg\" alt=\"nec3\" width=\"120\" height=\"162\" \/><\/td>\n<td style=\"vertical-align: top; padding-left: 10px;\"><strong>Anne -marie Gerber<\/strong><\/p>\n<p>Anne-marie ,\u00e9pouse de notre camarade Andr\u00e9 Gerber, fut notre coll\u00e8gue durant 6 ann\u00e9es au laboratoire de recherches d\u2019Argenteuil, sous la Direction de Jean Sfiras et Agn\u00e8s Demeilliers<\/td>\n<\/tr>\n<tr>\n<td colspan=\"2\"><\/td>\n<\/tr>\n<tr>\n<td><\/td>\n<td><\/td>\n<\/tr>\n<\/tbody>\n<\/table>\n","protected":false},"excerpt":{"rendered":"<p>ILS NOUS ONT QUITT\u00c9S EN 2016 Andr\u00e9 Gerber Un des \u00ab\u00a0piliers\u00a0\u00bb de l&rsquo;usine d&rsquo;Argenteuil qu&rsquo;il dirigea avec Gabriel Varvat durant de nombreuses ann\u00e9es Magda Caudrillier Chacun se souviendra avec \u00e9motion de notre amie \u00e0 tous : Magda. Elle nous laisse le souvenir de sa gentillesse, de sa joie de vivre, et de sa disponibilit\u00e9 ILS&hellip;<\/p>\n","protected":false},"author":1,"featured_media":0,"parent":0,"menu_order":0,"comment_status":"closed","ping_status":"closed","template":"","meta":{"footnotes":""},"class_list":["post-51","page","type-page","status-publish","hentry","entry","no-media"],"_links":{"self":[{"href":"https:\/\/www.assoargr.fr\/wp-argr\/wp-json\/wp\/v2\/pages\/51"}],"collection":[{"href":"https:\/\/www.assoargr.fr\/wp-argr\/wp-json\/wp\/v2\/pages"}],"about":[{"href":"https:\/\/www.assoargr.fr\/wp-argr\/wp-json\/wp\/v2\/types\/page"}],"author":[{"embeddable":true,"href":"https:\/\/www.assoargr.fr\/wp-argr\/wp-json\/wp\/v2\/users\/1"}],"replies":[{"embeddable":true,"href":"https:\/\/www.assoargr.fr\/wp-argr\/wp-json\/wp\/v2\/comments?post=51"}],"version-history":[{"count":18,"href":"https:\/\/www.assoargr.fr\/wp-argr\/wp-json\/wp\/v2\/pages\/51\/revisions"}],"predecessor-version":[{"id":1362,"href":"https:\/\/www.assoargr.fr\/wp-argr\/wp-json\/wp\/v2\/pages\/51\/revisions\/1362"}],"wp:attachment":[{"href":"https:\/\/www.assoargr.fr\/wp-argr\/wp-json\/wp\/v2\/media?parent=51"}],"curies":[{"name":"wp","href":"https:\/\/api.w.org\/{rel}","templated":true}]}}