{"id":420,"date":"2016-03-23T15:06:19","date_gmt":"2016-03-23T14:06:19","guid":{"rendered":"http:\/\/www.assoargr.fr\/wp-argr\/?page_id=420"},"modified":"2016-03-25T17:15:51","modified_gmt":"2016-03-25T16:15:51","slug":"assemblee-generale-2011","status":"publish","type":"page","link":"https:\/\/www.assoargr.fr\/wp-argr\/assemblee-generale-2011\/","title":{"rendered":"Assembl\u00e9e g\u00e9n\u00e9rale 2011"},"content":{"rendered":"<p>\n\t\t<!-- MasterSlider -->\n\t\t<div id=\"P_MS5c0d312eba3fb\" class=\"master-slider-parent msl ms-parent-id-10\" style=\"max-width:945px;\"  >\n\n\t\t\t\n\t\t\t<!-- MasterSlider Main -->\n\t\t\t<div id=\"MS5c0d312eba3fb\" class=\"master-slider ms-skin-default\" >\n\t\t\t\t \t\t\t\t \n\t\t\t\t<div  class=\"ms-slide\" data-delay=\"3\" data-fill-mode=\"fill\"  >\n\t\t\t\t\t<img decoding=\"async\" src=\"http:\/\/www.assoargr.fr\/wp-argr\/wp-content\/plugins\/master-slider\/public\/assets\/css\/blank.gif\" alt=\"\" title=\"\" data-src=\"http:\/\/www.assoargr.fr\/wp-argr\/wp-content\/uploads\/2016\/03\/ima1-3.jpg\" \/>\n\n\n\t<img decoding=\"async\" class=\"ms-thumb\" src=\"http:\/\/www.assoargr.fr\/wp-argr\/wp-content\/uploads\/2016\/03\/ima1-3-140x80.jpg\" alt=\"\" \/>\n\t<div class=\"ms-thumb\" ><div class=\"ms-tab-context\"><div class=&quot;ms-tab-context&quot;><\/div><\/div>\n<\/div>\n\t\t\t\t<\/div>\n\t\t\t\t<div  class=\"ms-slide\" data-delay=\"3\" data-fill-mode=\"fill\"  >\n\t\t\t\t\t<img decoding=\"async\" src=\"http:\/\/www.assoargr.fr\/wp-argr\/wp-content\/plugins\/master-slider\/public\/assets\/css\/blank.gif\" alt=\"\" title=\"\" data-src=\"http:\/\/www.assoargr.fr\/wp-argr\/wp-content\/uploads\/2016\/03\/ima11-3.jpg\" \/>\n\n\n\t<img decoding=\"async\" class=\"ms-thumb\" src=\"http:\/\/www.assoargr.fr\/wp-argr\/wp-content\/uploads\/2016\/03\/ima11-3-140x80.jpg\" alt=\"\" \/>\n\t<div class=\"ms-thumb\" ><div class=\"ms-tab-context\"><div class=&quot;ms-tab-context&quot;><\/div><\/div>\n<\/div>\n\t\t\t\t<\/div>\n\t\t\t\t<div  class=\"ms-slide\" data-delay=\"3\" data-fill-mode=\"fit\"  >\n\t\t\t\t\t<img decoding=\"async\" src=\"http:\/\/www.assoargr.fr\/wp-argr\/wp-content\/plugins\/master-slider\/public\/assets\/css\/blank.gif\" alt=\"\" title=\"\" data-src=\"http:\/\/www.assoargr.fr\/wp-argr\/wp-content\/uploads\/2016\/03\/ima2-3.jpg\" \/>\n\n\n\t<img decoding=\"async\" class=\"ms-thumb\" src=\"http:\/\/www.assoargr.fr\/wp-argr\/wp-content\/uploads\/2016\/03\/ima2-3-140x80.jpg\" alt=\"\" \/>\n\t<div class=\"ms-thumb\" ><div class=\"ms-tab-context\"><div class=&quot;ms-tab-context&quot;><\/div><\/div>\n<\/div>\n\t\t\t\t<\/div>\n\t\t\t\t<div  class=\"ms-slide\" data-delay=\"3\" data-fill-mode=\"fit\"  >\n\t\t\t\t\t<img decoding=\"async\" src=\"http:\/\/www.assoargr.fr\/wp-argr\/wp-content\/plugins\/master-slider\/public\/assets\/css\/blank.gif\" alt=\"\" title=\"\" data-src=\"http:\/\/www.assoargr.fr\/wp-argr\/wp-content\/uploads\/2016\/03\/ima3-3.jpg\" \/>\n\n\n\t<img decoding=\"async\" class=\"ms-thumb\" src=\"http:\/\/www.assoargr.fr\/wp-argr\/wp-content\/uploads\/2016\/03\/ima3-3-140x80.jpg\" alt=\"\" \/>\n\t<div class=\"ms-thumb\" ><div class=\"ms-tab-context\"><div class=&quot;ms-tab-context&quot;><\/div><\/div>\n<\/div>\n\t\t\t\t<\/div>\n\t\t\t\t<div  class=\"ms-slide\" data-delay=\"3\" data-fill-mode=\"fill\"  >\n\t\t\t\t\t<img decoding=\"async\" src=\"http:\/\/www.assoargr.fr\/wp-argr\/wp-content\/plugins\/master-slider\/public\/assets\/css\/blank.gif\" alt=\"\" title=\"\" data-src=\"http:\/\/www.assoargr.fr\/wp-argr\/wp-content\/uploads\/2016\/03\/ima5-3.jpg\" \/>\n\n\n\t<img decoding=\"async\" class=\"ms-thumb\" src=\"http:\/\/www.assoargr.fr\/wp-argr\/wp-content\/uploads\/2016\/03\/ima5-3-140x80.jpg\" alt=\"\" \/>\n\t<div class=\"ms-thumb\" ><div class=\"ms-tab-context\"><div class=&quot;ms-tab-context&quot;><\/div><\/div>\n<\/div>\n\t\t\t\t<\/div>\n\t\t\t\t<div  class=\"ms-slide\" data-delay=\"3\" data-fill-mode=\"fill\"  >\n\t\t\t\t\t<img decoding=\"async\" src=\"http:\/\/www.assoargr.fr\/wp-argr\/wp-content\/plugins\/master-slider\/public\/assets\/css\/blank.gif\" alt=\"\" title=\"\" data-src=\"http:\/\/www.assoargr.fr\/wp-argr\/wp-content\/uploads\/2016\/03\/ima4-3.jpg\" \/>\n\n\n\t<img decoding=\"async\" class=\"ms-thumb\" src=\"http:\/\/www.assoargr.fr\/wp-argr\/wp-content\/uploads\/2016\/03\/ima4-3-140x80.jpg\" alt=\"\" \/>\n\t<div class=\"ms-thumb\" ><div class=\"ms-tab-context\"><div class=&quot;ms-tab-context&quot;><\/div><\/div>\n<\/div>\n\t\t\t\t<\/div>\n\t\t\t\t<div  class=\"ms-slide\" data-delay=\"3\" data-fill-mode=\"fill\"  >\n\t\t\t\t\t<img decoding=\"async\" src=\"http:\/\/www.assoargr.fr\/wp-argr\/wp-content\/plugins\/master-slider\/public\/assets\/css\/blank.gif\" alt=\"\" title=\"\" data-src=\"http:\/\/www.assoargr.fr\/wp-argr\/wp-content\/uploads\/2016\/03\/ima6-3.jpg\" \/>\n\n\n\t<img decoding=\"async\" class=\"ms-thumb\" src=\"http:\/\/www.assoargr.fr\/wp-argr\/wp-content\/uploads\/2016\/03\/ima6-3-140x80.jpg\" alt=\"\" \/>\n\t<div class=\"ms-thumb\" ><div class=\"ms-tab-context\"><div class=&quot;ms-tab-context&quot;><\/div><\/div>\n<\/div>\n\t\t\t\t<\/div>\n\t\t\t\t<div  class=\"ms-slide\" data-delay=\"3\" data-fill-mode=\"fill\"  >\n\t\t\t\t\t<img decoding=\"async\" src=\"http:\/\/www.assoargr.fr\/wp-argr\/wp-content\/plugins\/master-slider\/public\/assets\/css\/blank.gif\" alt=\"\" title=\"\" data-src=\"http:\/\/www.assoargr.fr\/wp-argr\/wp-content\/uploads\/2016\/03\/ima7-3.jpg\" \/>\n\n\n\t<img decoding=\"async\" class=\"ms-thumb\" src=\"http:\/\/www.assoargr.fr\/wp-argr\/wp-content\/uploads\/2016\/03\/ima7-3-140x80.jpg\" alt=\"\" \/>\n\t<div class=\"ms-thumb\" ><div class=\"ms-tab-context\"><div class=&quot;ms-tab-context&quot;><\/div><\/div>\n<\/div>\n\t\t\t\t<\/div>\n\t\t\t\t<div  class=\"ms-slide\" data-delay=\"3\" data-fill-mode=\"fill\"  >\n\t\t\t\t\t<img decoding=\"async\" src=\"http:\/\/www.assoargr.fr\/wp-argr\/wp-content\/plugins\/master-slider\/public\/assets\/css\/blank.gif\" alt=\"\" title=\"\" data-src=\"http:\/\/www.assoargr.fr\/wp-argr\/wp-content\/uploads\/2016\/03\/ima8-3.jpg\" \/>\n\n\n\t<img decoding=\"async\" class=\"ms-thumb\" src=\"http:\/\/www.assoargr.fr\/wp-argr\/wp-content\/uploads\/2016\/03\/ima8-3-140x80.jpg\" alt=\"\" \/>\n\t<div class=\"ms-thumb\" ><div class=\"ms-tab-context\"><div class=&quot;ms-tab-context&quot;><\/div><\/div>\n<\/div>\n\t\t\t\t<\/div>\n\t\t\t\t<div  class=\"ms-slide\" data-delay=\"3\" data-fill-mode=\"fill\"  >\n\t\t\t\t\t<img decoding=\"async\" src=\"http:\/\/www.assoargr.fr\/wp-argr\/wp-content\/plugins\/master-slider\/public\/assets\/css\/blank.gif\" alt=\"\" title=\"\" data-src=\"http:\/\/www.assoargr.fr\/wp-argr\/wp-content\/uploads\/2016\/03\/ima9-3.jpg\" \/>\n\n\n\t<img decoding=\"async\" class=\"ms-thumb\" src=\"http:\/\/www.assoargr.fr\/wp-argr\/wp-content\/uploads\/2016\/03\/ima9-3-140x80.jpg\" alt=\"\" \/>\n\t<div class=\"ms-thumb\" ><div class=\"ms-tab-context\"><div class=&quot;ms-tab-context&quot;><\/div><\/div>\n<\/div>\n\t\t\t\t<\/div>\n\t\t\t\t<div  class=\"ms-slide\" data-delay=\"3\" data-fill-mode=\"fill\"  >\n\t\t\t\t\t<img decoding=\"async\" src=\"http:\/\/www.assoargr.fr\/wp-argr\/wp-content\/plugins\/master-slider\/public\/assets\/css\/blank.gif\" alt=\"\" title=\"\" data-src=\"http:\/\/www.assoargr.fr\/wp-argr\/wp-content\/uploads\/2016\/03\/ima10-3.jpg\" \/>\n\n\n\t<img decoding=\"async\" class=\"ms-thumb\" src=\"http:\/\/www.assoargr.fr\/wp-argr\/wp-content\/uploads\/2016\/03\/ima10-3-140x80.jpg\" alt=\"\" \/>\n\t<div class=\"ms-thumb\" ><div class=\"ms-tab-context\"><div class=&quot;ms-tab-context&quot;><\/div><\/div>\n<\/div>\n\t\t\t\t<\/div>\n\n\t\t\t<\/div>\n\t\t\t<!-- END MasterSlider Main -->\n\n\t\t\t \n\t\t<\/div>\n\t\t<!-- END MasterSlider -->\n\n\t\t<script>\n\t\t(function ( $ ) {\n\t\t\t\"use strict\";\n\n\t\t\t$(function () {\n\t\t\t\tvar masterslider_a3fb = new MasterSlider();\n\n\t\t\t\t\/\/ slider controls\n\t\t\t\tmasterslider_a3fb.control('arrows'     ,{ autohide:false, overVideo:true  });\t\t\t\tmasterslider_a3fb.control('bullets'    ,{ autohide:false, overVideo:true, dir:'h', align:'bottom' , margin:10  });\n\n\t\t\t\tmasterslider_a3fb.control('thumblist'  ,{ autohide:false, overVideo:true, dir:'v', speed:17, inset:false, arrows:false, hover:false, customClass:'', align:'right',type:'thumbs', margin:5, width:140, height:80, space:5, fillMode:'fill'  });\n\t\t\t\t\/\/ slider setup\n\t\t\t\tmasterslider_a3fb.setup(\"MS5c0d312eba3fb\", {\n\t\t\t\t\t\twidth           : 800,\n\t\t\t\t\t\theight          : 480,\n\t\t\t\t\t\tminHeight       : 0,\n\t\t\t\t\t\tspace           : 0,\n\t\t\t\t\t\tstart           : 1,\n\t\t\t\t\t\tgrabCursor      : true,\n\t\t\t\t\t\tswipe           : true,\n\t\t\t\t\t\tmouse           : true,\n\t\t\t\t\t\tlayout          : \"boxed\",\n\t\t\t\t\t\twheel           : false,\n\t\t\t\t\t\tautoplay        : false,\n\t\t\t\t\t\tinstantStartLayers:false,\n\t\t\t\t\t\tloop            : true,\n\t\t\t\t\t\tshuffle         : false,\n\t\t\t\t\t\tpreload         : 0,\n\t\t\t\t\t\theightLimit     : true,\n\t\t\t\t\t\tautoHeight      : false,\n\t\t\t\t\t\tsmoothHeight    : true,\n\t\t\t\t\t\tendPause        : false,\n\t\t\t\t\t\toverPause       : true,\n\t\t\t\t\t\tfillMode        : \"fill\",\n\t\t\t\t\t\tcenterControls  : true,\n\t\t\t\t\t\tstartOnAppear   : false,\n\t\t\t\t\t\tlayersMode      : \"center\",\n\t\t\t\t\t\thideLayers      : false,\n\t\t\t\t\t\tfullscreenMargin: 0,\n\t\t\t\t\t\tspeed           : 20,\n\t\t\t\t\t\tdir             : \"h\",\n\t\t\t\t\t\tparallaxMode    : 'swipe',\n\t\t\t\t\t\tview            : \"basic\"\n\t\t\t\t});\n\n\t\t\t\t\n\t\t\t\twindow.masterslider_instances = window.masterslider_instances || [];\n\t\t\t\twindow.masterslider_instances.push( masterslider_a3fb );\n\t\t\t });\n\n\t\t})(jQuery);\n\t\t<\/script>\n\n<br \/>\nEn raison de l&rsquo;indisponibilit\u00e9 de la salle de la cantine, l&rsquo;assembl\u00e9e g\u00e9n\u00e9rale s&rsquo;est tenue dans la salle du \u00ab\u00a0Caf\u00e9 des deux gares\u00a0\u00bb \u00e0 Argenteuil<\/p>\n<p><strong>ASSEMBLEE GENERALE DU MERCREDI 14 DECEMBRE 2011.<\/strong><\/p>\n<p>Pr\u00e9sents ou repr\u00e9sent\u00e9s : 51 personnes<br \/>\nAvant d\u2019aborder l\u2019ordre du jour, Marie-Christine Huan \u00e9voque le souvenir d\u2019 Yves de Saint Sernin qui a cr\u00e9\u00e9 et anim\u00e9 avec beaucoup d\u2019enthousiasme et de dynamisme la pr\u00e9sidence de notre association pendant 12 ans.<\/p>\n<p><strong>RAPPORT D\u2019ACTIVITE 2011.<\/strong><br \/>\nSortie du 24 mai 2011\u00a0\u00e0 la  Cit\u00e9 Nationale de l\u2019Histoire de l\u2019Immigration. Nous \u00e9tions 20 personnes \u00e0 participer \u00e0 cette sortie. Grace \u00e0 de nombreux documents (t\u00e9moignages, photographies, r\u00e9cits de voyage\u2026) nous avons mieux r\u00e9alis\u00e9 ce que furent,  pour ces milliers d\u2019\u00e9trangers, les diff\u00e9rentes \u00e9tapes  de leur int\u00e9gration en France pendant ces 2 derniers si\u00e8cles.<br \/>\nSortie du 13 octobre 2011 au Ch\u00e2teau de La Malmaison : 26 personnes  ont particip\u00e9 \u00e0 cette sortie au cours de laquelle nous avons pu appr\u00e9cier la richesse de l\u2019am\u00e9nagement fait par Jos\u00e9phine dans cette splendide demeure. Un dossier pr\u00e9par\u00e9 par Andr\u00e9 Gerber a \u00e9t\u00e9 remis \u00e0 chacun pour compl\u00e9ter  ses connaissances sur le ch\u00e2teau et la ville de Rueil. Merci \u00e0 lui pour ce compl\u00e9ment d\u2019informations. Un d\u00e9jeuner \u00e0 la \u00ab\u00a0Brasserie du Ch\u00e2teau\u00a0\u00bba permis aux participants de passer un bon moment.<\/p>\n<p><strong>RAPPORT FINANCIER ET APPROBATION DES COMPTES POUR 2011.<\/strong><br \/>\nPatrice Defontenay pr\u00e9sente les comptes de l\u2019Association\u00a0:<br \/>\nles d\u00e9penses pour la p\u00e9riode du 01\/12\/2010 au 30\/11\/2011 s\u2019\u00e9l\u00e8vent \u00e0 6464.73\u20ac<br \/>\nles recettes ont \u00e9t\u00e9 de 10.016,09 \u20ac<br \/>\nLa gestion est approuv\u00e9e par un vote unanime des pr\u00e9sents et repr\u00e9sent\u00e9s.<br \/>\nUn merci  tout particulier est adress\u00e9 \u00e0 la direction de GIVAUDAN pour sa g\u00e9n\u00e9reuse participation.<\/p>\n<p><strong>COTISATION 2012.<\/strong><br \/>\nLes comptes de l\u2019amicale \u00e9tant \u00e9quilibr\u00e9s la cotisation simple est maintenue \u00e0 16\u20ac et 80\u20ac pour les membres bienfaiteurs.<br \/>\n<strong><br \/>\n<\/strong>PREVISIONS POUR 2012.<br \/>\nLa tr\u00e9sorerie le permettant une sortie en car est \u00e0 envisager au 2\u00e8me trimestre plut\u00f4t \u00e0 l\u2019ouest ou au nord de la r\u00e9gion parisienne. L\u2019assembl\u00e9e est d\u2019accord pour un d\u00e9part assez t\u00f4t et un retour plus tardif.<\/p>\n<p><strong>ELECTION DU BUREAU.<\/strong><br \/>\nLe d\u00e9c\u00e8s de notre pr\u00e9sident Yves de Saint Sernin nous am\u00e8ne \u00e0 remettre \u00e0 jour l\u2019\u00e9quipe du bureau. Les diff\u00e9rentes candidatures ont \u00e9t\u00e9 \u00e9lues \u00e0 l\u2019unanimit\u00e9.<br \/>\nMarie-Christine Huan, Bernard Pailles, Patrice Defontenay, Patrick Rouillier, Sylvie K\u00e9raron, Benito Belogi<br \/>\nD&rsquo;autre part, bien que ne souhaitant pas faire partie de bureau, Josiane Daluz s&rsquo;est propos\u00e9e pour donner un coup de main si n\u00e9cessaire. Nous la remercions.<br \/>\nApr\u00e8s r\u00e9union du bureau voici la composition de celui-ci (\u00e9lu pour 2 ann\u00e9es)\u00a0:<br \/>\nPr\u00e9sidente : Marie-Christine Huan<br \/>\nTr\u00e9sorier : Patrice Defontenay<br \/>\nComptabilit\u00e9 : Sylvie K\u00e9raron<br \/>\nMembres : Bernard Pailles, Patrick Rouillier, Benito Belogi<\/p>\n<p><strong>QUESTIONS DIVERSES.<\/strong><br \/>\nMarie-Christine Huan remercie les membres pr\u00e9sents et donne des nouvelles des absents.<br \/>\nClotilde Charpentier va avoir 100 ans le 28 d\u00e9cembre, une carte circule pour lui \u00eatre remise avec les fleurs que l\u2019ARGR lui enverra.<br \/>\nPlusieurs membres de l\u2019association nous ont h\u00e9las quitt\u00e9s : Yves de Saint Sernin, Georges Ritter, Robert Orambourg.<br \/>\nA la demande de plusieurs membres, il est rappel\u00e9 comment chacun peut aller sur le site de l\u2019ARGR.<br \/>\nHttp:\/\/www.assoargr.fr<br \/>\nPour des raisons de confidentialit\u00e9, l&rsquo;acc\u00e8s \u00e0 la zone membre est prot\u00e9g\u00e9 par un mot de passe qui peut vous \u00eatre communiqu\u00e9 sur simple demande.<\/p>\n<p>Nous vous rappelons la nouvelle adresse de l\u2019association\u00a0:<\/p>\n<p>ARGR<br \/>\nChez Marie-christine Huan<br \/>\n11 rue Jean Bouin<br \/>\n78300  Poissy<br \/>\n                                       _________________________________<\/p>\n<p>L\u2019assembl\u00e9e g\u00e9n\u00e9rale a \u00e9t\u00e9 suivie du traditionnel pot de l\u2019amiti\u00e9 au cours duquel certains membres actifs sont venus nous rejoindre.<br \/>\nNous tenons \u00e0 remercier particuli\u00e8rement notre ami du caf\u00e9 des 2 gares qui nous a accueillis pour cette AG (GIVAUDAN n\u2019ayant pu nous recevoir dans la salle habituelle du restaurant d\u2019entreprise).<\/p>\n<p>Les membres du bureau tiennent \u00e0 vous souhaiter, ainsi qu\u2019\u00e0 votre famille, une tr\u00e8s bonne ann\u00e9e 2012  .Que cette nouvelle ann\u00e9e vous apporte beaucoup de joie et qu\u2019une bonne sant\u00e9 vous permette de r\u00e9aliser vos projets.<\/p>\n<p>PS\u00a0:<em> Merci \u00e0 ceux qui n\u2019ont pas r\u00e9gl\u00e9 leur cotisation et qui souhaitent continuer \u00e0 nous soutenir de bien vouloir s\u2019en acquitter.<\/em><\/p>\n<p>Bien amicalement \u00e0 toutes et tous.<\/p>\n<p>Le bureau<\/p>\n","protected":false},"excerpt":{"rendered":"<p>En raison de l&rsquo;indisponibilit\u00e9 de la salle de la cantine, l&rsquo;assembl\u00e9e g\u00e9n\u00e9rale s&rsquo;est tenue dans la salle du \u00ab\u00a0Caf\u00e9 des deux gares\u00a0\u00bb \u00e0 Argenteuil ASSEMBLEE GENERALE DU MERCREDI 14 DECEMBRE 2011. Pr\u00e9sents ou repr\u00e9sent\u00e9s : 51 personnes Avant d\u2019aborder l\u2019ordre du jour, Marie-Christine Huan \u00e9voque le souvenir d\u2019 Yves de Saint Sernin qui a cr\u00e9\u00e9&hellip;<\/p>\n","protected":false},"author":1,"featured_media":0,"parent":0,"menu_order":0,"comment_status":"closed","ping_status":"closed","template":"","meta":{"footnotes":""},"class_list":["post-420","page","type-page","status-publish","hentry","entry","no-media"],"_links":{"self":[{"href":"https:\/\/www.assoargr.fr\/wp-argr\/wp-json\/wp\/v2\/pages\/420"}],"collection":[{"href":"https:\/\/www.assoargr.fr\/wp-argr\/wp-json\/wp\/v2\/pages"}],"about":[{"href":"https:\/\/www.assoargr.fr\/wp-argr\/wp-json\/wp\/v2\/types\/page"}],"author":[{"embeddable":true,"href":"https:\/\/www.assoargr.fr\/wp-argr\/wp-json\/wp\/v2\/users\/1"}],"replies":[{"embeddable":true,"href":"https:\/\/www.assoargr.fr\/wp-argr\/wp-json\/wp\/v2\/comments?post=420"}],"version-history":[{"count":5,"href":"https:\/\/www.assoargr.fr\/wp-argr\/wp-json\/wp\/v2\/pages\/420\/revisions"}],"predecessor-version":[{"id":1128,"href":"https:\/\/www.assoargr.fr\/wp-argr\/wp-json\/wp\/v2\/pages\/420\/revisions\/1128"}],"wp:attachment":[{"href":"https:\/\/www.assoargr.fr\/wp-argr\/wp-json\/wp\/v2\/media?parent=420"}],"curies":[{"name":"wp","href":"https:\/\/api.w.org\/{rel}","templated":true}]}}