{"id":40,"date":"2016-03-22T09:08:10","date_gmt":"2016-03-22T08:08:10","guid":{"rendered":"http:\/\/www.assoargr.fr\/wp-argr\/?page_id=40"},"modified":"2016-03-22T16:49:15","modified_gmt":"2016-03-22T15:49:15","slug":"logos-et-documents-divers","status":"publish","type":"page","link":"https:\/\/www.assoargr.fr\/wp-argr\/logos-et-documents-divers\/","title":{"rendered":"Logos et documents divers"},"content":{"rendered":"<hr \/>\n<p><strong>Les divers logos de n\u00f4tre soci\u00e9t\u00e9<\/strong><\/p>\n<hr \/>\n<p><img loading=\"lazy\" decoding=\"async\" class=\"alignnone size-full wp-image-208\" src=\"http:\/\/www.assoargr.fr\/wp-argr\/wp-content\/uploads\/2016\/03\/logo5-1.jpg\" alt=\"logo5\" width=\"160\" height=\"185\" \/>\u00a0\u00a0Logo de Justin Dupont (Argenteuil)<\/p>\n<p><img loading=\"lazy\" decoding=\"async\" class=\"alignnone size-full wp-image-204\" src=\"http:\/\/www.assoargr.fr\/wp-argr\/wp-content\/uploads\/2016\/03\/logo1.jpg\" alt=\"logo1\" width=\"316\" height=\"323\" srcset=\"https:\/\/www.assoargr.fr\/wp-argr\/wp-content\/uploads\/2016\/03\/logo1.jpg 316w, https:\/\/www.assoargr.fr\/wp-argr\/wp-content\/uploads\/2016\/03\/logo1-293x300.jpg 293w\" sizes=\"(max-width: 316px) 100vw, 316px\" \/>\u00a0Logo de la soci\u00e9t\u00e9 Roure-Bertrand &amp; Justin Dupont<\/p>\n<p><img loading=\"lazy\" decoding=\"async\" class=\"alignnone size-full wp-image-205\" src=\"http:\/\/www.assoargr.fr\/wp-argr\/wp-content\/uploads\/2016\/03\/logo2.jpg\" alt=\"logo2\" width=\"330\" height=\"99\" srcset=\"https:\/\/www.assoargr.fr\/wp-argr\/wp-content\/uploads\/2016\/03\/logo2.jpg 330w, https:\/\/www.assoargr.fr\/wp-argr\/wp-content\/uploads\/2016\/03\/logo2-300x90.jpg 300w\" sizes=\"(max-width: 330px) 100vw, 330px\" \/>\u00a0\u00a0Logo de Roure Bertrand Dupont (1975)<\/p>\n<p><img loading=\"lazy\" decoding=\"async\" class=\"alignnone size-full wp-image-206\" src=\"http:\/\/www.assoargr.fr\/wp-argr\/wp-content\/uploads\/2016\/03\/logo3.jpg\" alt=\"logo3\" width=\"247\" height=\"99\" \/>\u00a0\u00a0Logo de Roure (circa 1980)<\/p>\n<p><img loading=\"lazy\" decoding=\"async\" class=\"alignnone size-full wp-image-207\" src=\"http:\/\/www.assoargr.fr\/wp-argr\/wp-content\/uploads\/2016\/03\/logo4.jpg\" alt=\"logo4\" width=\"683\" height=\"99\" srcset=\"https:\/\/www.assoargr.fr\/wp-argr\/wp-content\/uploads\/2016\/03\/logo4.jpg 683w, https:\/\/www.assoargr.fr\/wp-argr\/wp-content\/uploads\/2016\/03\/logo4-300x43.jpg 300w\" sizes=\"(max-width: 683px) 100vw, 683px\" \/>\u00a0\u00a0Logo de Givaudan-Roure (1991)<\/p>\n<hr \/>\n<p><strong>Vue des Usines de Grasse et Argenteuil<\/strong><\/p>\n<hr \/>\n<p><img loading=\"lazy\" decoding=\"async\" class=\"alignnone size-full wp-image-201\" src=\"http:\/\/www.assoargr.fr\/wp-argr\/wp-content\/uploads\/2016\/03\/gra1.jpg\" alt=\"gra1\" width=\"500\" height=\"367\" srcset=\"https:\/\/www.assoargr.fr\/wp-argr\/wp-content\/uploads\/2016\/03\/gra1.jpg 500w, https:\/\/www.assoargr.fr\/wp-argr\/wp-content\/uploads\/2016\/03\/gra1-300x220.jpg 300w\" sizes=\"(max-width: 500px) 100vw, 500px\" \/><\/p>\n<hr \/>\n<p><img loading=\"lazy\" decoding=\"async\" class=\"alignnone size-full wp-image-196\" src=\"http:\/\/www.assoargr.fr\/wp-argr\/wp-content\/uploads\/2016\/03\/arg1.jpg\" alt=\"arg1\" width=\"500\" height=\"367\" srcset=\"https:\/\/www.assoargr.fr\/wp-argr\/wp-content\/uploads\/2016\/03\/arg1.jpg 500w, https:\/\/www.assoargr.fr\/wp-argr\/wp-content\/uploads\/2016\/03\/arg1-300x220.jpg 300w\" sizes=\"(max-width: 500px) 100vw, 500px\" \/><\/p>\n<p><strong>Carte de travail sous l&rsquo;occupation Allemande<\/strong><\/p>\n<hr \/>\n<p><img loading=\"lazy\" decoding=\"async\" class=\"alignnone size-full wp-image-198\" src=\"http:\/\/www.assoargr.fr\/wp-argr\/wp-content\/uploads\/2016\/03\/badge2.jpg\" alt=\"badge2\" width=\"476\" height=\"386\" srcset=\"https:\/\/www.assoargr.fr\/wp-argr\/wp-content\/uploads\/2016\/03\/badge2.jpg 476w, https:\/\/www.assoargr.fr\/wp-argr\/wp-content\/uploads\/2016\/03\/badge2-300x243.jpg 300w\" sizes=\"(max-width: 476px) 100vw, 476px\" \/><img loading=\"lazy\" decoding=\"async\" class=\"alignnone size-full wp-image-197\" src=\"http:\/\/www.assoargr.fr\/wp-argr\/wp-content\/uploads\/2016\/03\/badge1.jpg\" alt=\"badge1\" width=\"476\" height=\"383\" srcset=\"https:\/\/www.assoargr.fr\/wp-argr\/wp-content\/uploads\/2016\/03\/badge1.jpg 476w, https:\/\/www.assoargr.fr\/wp-argr\/wp-content\/uploads\/2016\/03\/badge1-300x241.jpg 300w\" sizes=\"(max-width: 476px) 100vw, 476px\" \/><\/p>\n","protected":false},"excerpt":{"rendered":"<p>Les divers logos de n\u00f4tre soci\u00e9t\u00e9 \u00a0\u00a0Logo de Justin Dupont (Argenteuil) \u00a0Logo de la soci\u00e9t\u00e9 Roure-Bertrand &amp; Justin Dupont \u00a0\u00a0Logo de Roure Bertrand Dupont (1975) \u00a0\u00a0Logo de Roure (circa 1980) \u00a0\u00a0Logo de Givaudan-Roure (1991) Vue des Usines de Grasse et Argenteuil Carte de travail sous l&rsquo;occupation Allemande<\/p>\n","protected":false},"author":1,"featured_media":0,"parent":0,"menu_order":0,"comment_status":"closed","ping_status":"closed","template":"","meta":{"footnotes":""},"class_list":["post-40","page","type-page","status-publish","hentry","entry","no-media"],"_links":{"self":[{"href":"https:\/\/www.assoargr.fr\/wp-argr\/wp-json\/wp\/v2\/pages\/40"}],"collection":[{"href":"https:\/\/www.assoargr.fr\/wp-argr\/wp-json\/wp\/v2\/pages"}],"about":[{"href":"https:\/\/www.assoargr.fr\/wp-argr\/wp-json\/wp\/v2\/types\/page"}],"author":[{"embeddable":true,"href":"https:\/\/www.assoargr.fr\/wp-argr\/wp-json\/wp\/v2\/users\/1"}],"replies":[{"embeddable":true,"href":"https:\/\/www.assoargr.fr\/wp-argr\/wp-json\/wp\/v2\/comments?post=40"}],"version-history":[{"count":3,"href":"https:\/\/www.assoargr.fr\/wp-argr\/wp-json\/wp\/v2\/pages\/40\/revisions"}],"predecessor-version":[{"id":244,"href":"https:\/\/www.assoargr.fr\/wp-argr\/wp-json\/wp\/v2\/pages\/40\/revisions\/244"}],"wp:attachment":[{"href":"https:\/\/www.assoargr.fr\/wp-argr\/wp-json\/wp\/v2\/media?parent=40"}],"curies":[{"name":"wp","href":"https:\/\/api.w.org\/{rel}","templated":true}]}}