{"id":380,"date":"2016-03-23T15:24:32","date_gmt":"2016-03-23T14:24:32","guid":{"rendered":"http:\/\/www.assoargr.fr\/wp-argr\/?page_id=380"},"modified":"2016-03-23T15:25:04","modified_gmt":"2016-03-23T14:25:04","slug":"assemblee-generale-2012","status":"publish","type":"page","link":"https:\/\/www.assoargr.fr\/wp-argr\/assemblee-generale-2012\/","title":{"rendered":"Assembl\u00e9e g\u00e9n\u00e9rale 2012"},"content":{"rendered":"<h3>Pas de photographies de l&rsquo;AG de 2012<\/h3>\n<p><strong>ASSEMBLEE GENERALE  DU MERCREDI 12 DECEMBRE 2012.<\/strong> <\/p>\n<p class=\"stitre\">PRESENCE   <br \/>-membres pr\u00e9sents\u00a0: 30      -membres repr\u00e9sent\u00e9s\u00a0: 27    -membres inscrits\u00a0: 71<\/p>\n<p class=\"stitre\">RAPPORT D\u2019ACTIVITES 2012. <\/p>\n<p> <b>Sortie du mercredi 13 juin 2012 au ch\u00e2teau de Vaux-le Vicomte.<\/b> 21 personnes ont pu visiter ce magnifique ch\u00e2teau construit au 17\u00e8me si\u00e8cle \u00e0 la demande de Nicolas Fouquet. Les jardins splendides et le mus\u00e9e des carrosses ont eux aussi \u00e9t\u00e9 tr\u00e8s appr\u00e9ci\u00e9s. L\u2019ARGR avait r\u00e9serv\u00e9 un car, ainsi la majorit\u00e9 des participants a pu faire le trajet Argenteuil \/Vaux-le-Vicomte sans souci de circulation et sans crainte de se perdre\u2026\u00a0!!! <br \/>\n<b>Sortie du jeudi 18 octobre 2012 au mus\u00e9e Gr\u00e9vin.<\/b>  Ce fut pour certains une d\u00e9couverte et pour d\u2019autres une red\u00e9couverte car ce lieu a \u00e9t\u00e9 restructur\u00e9 avec de belles mises en sc\u00e8ne permettant de mieux situer dans leur cadre les personnages de cire expos\u00e9s. Malheureusement nous n\u2019\u00e9tions que 18 participants \u00e0 cette sortie.<br \/>\nOn constate depuis quelque temps que les effectifs des sorties ont tendance \u00e0 diminuer.   <br \/>                                                                                                                         Quelques causes ou raisons\u00a0:<br \/>\n&#8211; trop de sorties dans des ch\u00e2teaux ou des mus\u00e9es\u00a0? <br \/>                                                                                       &#8211; dates mal choisies ou connues trop tardivement\u00a0?<br \/>                                                                                       &#8211; pas suffisamment de nouveaux membres <br \/>\n &#8211; \u2026..\u00a0?   <br \/>                                                                                                                                             Chacun est invit\u00e9 \u00e0 donner son avis\u00a0: <br \/> <br \/>\n &#8211; &#8211; certaines sorties pourraient se faire sur plusieurs jours (2 ou 3) en France \u2013pour r\u00e9pondre \u00e0 l\u2019invitation de Bruno Colombe en Bourgogne par exemple &#8211; ou \u00e0 l\u2019\u00e9tranger- Londres\u2026 <br \/>                                                                                                                         &#8211; un spectacle en soir\u00e9e ou mieux en apr\u00e8s midi.<br \/>\n<b>D\u00e8s maintenant la date du 30 mai est retenue <\/b>pour la sortie de printemps et une <b>sortie plut\u00f4t spectacle <\/b> devrait se faire le 26 f\u00e9vrier. Il est un peu t\u00f4t pour fixer une date en automne.<\/p>\n<p class=\"stitre\">RAPPORT FINANCIER ET APPROBATION DES COMPTES 2012.<\/p>\n<p>\nPatrice Defontenay pr\u00e9sente les comptes de l\u2019Association \u2013 c\u2019est Sylvie Keraron qui en est la comptable.                                                                                                                          Les d\u00e9penses pour la p\u00e9riode du 01\/12\/2011 au 30\/11\/2012 s\u2019\u00e9l\u00e8vent \u00e0 6164.60 \u20ac.  Les recettes ont \u00e9t\u00e9 de 9781.46 \u20ac.<br \/>\nAucune question ou observation n\u2019ayant \u00e9t\u00e9 formul\u00e9es la gestion est approuv\u00e9e et la Soci\u00e9t\u00e9 Givaudan est \u00e0 nouveau  remerci\u00e9e pour sa g\u00e9n\u00e9reuse participation.\n<\/p>\n<p class=\"stitre\">COTISATIONS.<\/p>\n<p>Les comptes de l\u2019amicale \u00e9tant exc\u00e9dentaires la cotisation simple est maintenue \u00e0 16\u20ac et 80\u20ac pour les membres bienfaiteurs.<\/p>\n<p class=\"stitre\">QUESTIONS DIVERSES.<\/p>\n<p>Le bureau ayant \u00e9t\u00e9 \u00e9lu en d\u00e9cembre 2011 pour une p\u00e9riode de 2 ans, aucun membre du bureau n\u2019\u00e9tant d\u00e9missionnaire, il n\u2019y a pas lieu de proc\u00e9der \u00e0 de nouvelles \u00e9lections.<br \/>                                                                                                                 Marie-Christine Huan donne alors quelques nouvelles des membres qu\u2019elle a eus au t\u00e9l\u00e9phone ou qui lui ont adress\u00e9 un petit mot avec leur pouvoir.  <br \/> <br \/>\n<<<<<<<<<<<<<<<<<<<<<<<<<<<<<<<<<<<<<<<<<<<<<<<<<<<<<<<<<<<<<<<<<<br \/>\nL\u2019AG se termine comme chaque ann\u00e9e par le traditionnel pot de l\u2019amiti\u00e9 au cours duquel quelques actifs sont venus nous rejoindre.  <br \/> <br \/>\n<<<<<<<<<<<<<<<<<<<<<<<<<<<<<<<<<<<<<<<<<<<<<<<<<<<<<<<<<<<<<<<<<<br \/>\nUn courrier a \u00e9t\u00e9 envoy\u00e9 en octobre \u00e0 certains anciens salari\u00e9s du groupe Givaudan, essentiellement \u00e0 ceux r\u00e9sidant en r\u00e9gion parisienne, pour les inciter \u00e0 rejoindre l\u2019ARGR. De plus, dans le prochain journal<\/p>\n","protected":false},"excerpt":{"rendered":"<p>Pas de photographies de l&rsquo;AG de 2012 ASSEMBLEE GENERALE DU MERCREDI 12 DECEMBRE 2012. PRESENCE -membres pr\u00e9sents\u00a0: 30 -membres repr\u00e9sent\u00e9s\u00a0: 27 -membres inscrits\u00a0: 71 RAPPORT D\u2019ACTIVITES 2012. Sortie du mercredi 13 juin 2012 au ch\u00e2teau de Vaux-le Vicomte. 21 personnes ont pu visiter ce magnifique ch\u00e2teau construit au 17\u00e8me si\u00e8cle \u00e0 la demande de Nicolas&hellip;<\/p>\n","protected":false},"author":1,"featured_media":0,"parent":0,"menu_order":0,"comment_status":"closed","ping_status":"closed","template":"","meta":{"footnotes":""},"class_list":["post-380","page","type-page","status-publish","hentry","entry","no-media"],"_links":{"self":[{"href":"https:\/\/www.assoargr.fr\/wp-argr\/wp-json\/wp\/v2\/pages\/380"}],"collection":[{"href":"https:\/\/www.assoargr.fr\/wp-argr\/wp-json\/wp\/v2\/pages"}],"about":[{"href":"https:\/\/www.assoargr.fr\/wp-argr\/wp-json\/wp\/v2\/types\/page"}],"author":[{"embeddable":true,"href":"https:\/\/www.assoargr.fr\/wp-argr\/wp-json\/wp\/v2\/users\/1"}],"replies":[{"embeddable":true,"href":"https:\/\/www.assoargr.fr\/wp-argr\/wp-json\/wp\/v2\/comments?post=380"}],"version-history":[{"count":3,"href":"https:\/\/www.assoargr.fr\/wp-argr\/wp-json\/wp\/v2\/pages\/380\/revisions"}],"predecessor-version":[{"id":452,"href":"https:\/\/www.assoargr.fr\/wp-argr\/wp-json\/wp\/v2\/pages\/380\/revisions\/452"}],"wp:attachment":[{"href":"https:\/\/www.assoargr.fr\/wp-argr\/wp-json\/wp\/v2\/media?parent=380"}],"curies":[{"name":"wp","href":"https:\/\/api.w.org\/{rel}","templated":true}]}}