{"id":38,"date":"2016-03-22T09:07:49","date_gmt":"2016-03-22T08:07:49","guid":{"rendered":"http:\/\/www.assoargr.fr\/wp-argr\/?page_id=38"},"modified":"2016-03-22T14:21:08","modified_gmt":"2016-03-22T13:21:08","slug":"historique","status":"publish","type":"page","link":"https:\/\/www.assoargr.fr\/wp-argr\/historique\/","title":{"rendered":"Historique"},"content":{"rendered":"<p class=\"titre\">HISTORIQUE DE LA MAISON ROURE<\/p>\n<p>&nbsp;<\/p>\n<p class=\"texte\">Peu de gens savent que la Ganterie \u00e9tait autrefois la\u00a0principale Industrie de la r\u00e9gion Grassoise . La n\u00e9cessit\u00e9\u00a0de parfumer les gants qui conservaient souvent une odeur d\u00e9sagr\u00e9able\u00a0due au travail de la peau et surtout le climat de cette r\u00e9gion particuli\u00e8rement\u00a0favorable \u00e0 la culture des plantes aromatiques telle que la Rose, le\u00a0Jasmin, la Tub\u00e9reuse etc\u2026 incit\u00e8rent certains industriels\u00a0\u00e0 s\u2019orienter vers la fabrication des parfums. C\u2019est ainsi qu\u2019en\u00a01820, <strong>Claude ROURE<\/strong> cr\u00e9a l\u2019une des premi\u00e8res fabriques de mati\u00e8res premi\u00e8res pour la Parfumerie.<\/p>\n<p class=\"texte\">Ayant \u00e9pous\u00e9<strong> Marie Honorade BERTRAND<\/strong>, il\u00a0appela sa soci\u00e9t\u00e9 : <b><span style=\"color: #c96214;\">ROURE BERTRAND\u00a0<\/span><\/b>dont la marque de fabrique \u00e9tait une cornue sur son four en briques.\u00a0On retrouvera cette marque sur le papier \u00e0 lettres du si\u00e8ge rue\u00a0Legendre. La cornue, stylis\u00e9e, \u00e0 l\u2019int\u00e9rieur de laquelle\u00a0apparaissent les lettres R B D (<b><span style=\"color: #c96214;\">ROURE BERTRAND DUPONT<\/span><\/b>)\u00a0ornera encore les documents du si\u00e8ge \u00e0 Argenteuil..<br \/>\nPuis la Maison passa en 1845, entre les mains de <strong>Jean Fran\u00e7ois ROURE<\/strong>,\u00a0fils du fondateur, ce qui explique la nouvelle raison sociale : <b><span style=\"color: #c96214;\">ROURE<br \/>\nBERTRAND Fils <\/span><\/b>(qui ne sera modifi\u00e9e qu\u2019en 1926, lors\u00a0de la fusion avec la Soci\u00e9t\u00e9 Justin DUPONT).\u00a0Il existait, \u00e0 cette \u00e9poque, des relations tr\u00e8s suivies\u00a0avec Cologne qui recevait de Grasse, l\u2019essence de N\u00e9roli (constituant\u00a0essentiel de \u00ab l\u2019Eau de Cologne \u00bb universellement connue).<b><span style=\"color: #c96214;\">ROURE BERTRAND Fils <\/span><\/b>\u00e9tait un des principaux fournisseurs de cette\u00a0essence qui \u00e9tait obtenue par distillation de la fleur d\u2019oranger\u00a0bigarade r\u00e9gionale.<\/p>\n<p><strong>Claude-Zacharie Roure<\/strong><b>&#8230;&#8230;.Il traversait\u00a0m\u00eame la steppe Russe en traineau pour promouvoir les produits Roure&#8230;.<\/b><\/p>\n<p><img loading=\"lazy\" decoding=\"async\" class=\" wp-image-200 alignright\" src=\"http:\/\/www.assoargr.fr\/wp-argr\/wp-content\/uploads\/2016\/03\/c-z-roure.jpg\" alt=\"c-z-roure\" width=\"271\" height=\"338\" \/> d\u00e9c\u00e8de en 1866,\u00a0<span style=\"line-height: 1.5;\">laissant deux fils : <strong>Claude Zacharie et Louis Maximin<\/strong>.\u00a0<\/span><span style=\"line-height: 1.5;\">Les deux fr\u00e8res prennent tr\u00e8s solidement en mains les destin\u00e9es\u00a0<\/span><span style=\"line-height: 1.5;\">de <\/span><b style=\"line-height: 1.5;\"><span style=\"color: #c96214;\">ROURE BERTRAND Fils <\/span><\/b><span style=\"line-height: 1.5;\">. Ce sont eux\u00a0<\/span><span style=\"line-height: 1.5;\">qui en firent une tr\u00e8s grande Maison Internationale.\u00a0<\/span><span style=\"line-height: 1.5;\">Les affaires suivent une marche ascendante mais c\u2019est surtout \u00e0\u00a0<\/span><span style=\"line-height: 1.5;\">partir de 1873 que la progression fut rapide. C\u2019est en effet \u00e0\u00a0<\/span><span style=\"line-height: 1.5;\">l\u2019exposition de Vienne, cette ann\u00e9e l\u00e0, que <strong>Louis Maximin<\/strong>\u00a0<\/span><span style=\"line-height: 1.5;\">expose pour la premi\u00e8re fois les \u00ab Essences Concr\u00e8tes<\/span><span style=\"line-height: 1.5;\">\u00bb \u00a0faisant faire \u00e0 son industrie, et par la suite \u00e0 l\u2019industrie\u00a0<\/span><span style=\"line-height: 1.5;\">de la Parfumerie tout enti\u00e8re, un pas d\u00e9cisif. Ces essences\u00a0<\/span><span style=\"line-height: 1.5;\">concr\u00e8tes provenaient de la distillation sous vide pouss\u00e9\u00a0<\/span><span style=\"line-height: 1.5;\">(donc \u00e0 basse temp\u00e9rature) de l\u2019alcool de lavage des\u00a0<\/span><span style=\"line-height: 1.5;\">pommades (enfleurage). Ce fut consid\u00e9r\u00e9, \u00e0 l\u2019\u00e9poque,\u00a0<\/span><span style=\"line-height: 1.5;\">comme une nouveaut\u00e9 qui fit sensation parmi les fabricants de mati\u00e8res\u00a0<\/span><span style=\"line-height: 1.5;\">premi\u00e8res pour la Parfumerie.<\/span><\/p>\n<p class=\"texte\"><img loading=\"lazy\" decoding=\"async\" class=\"wp-image-203 alignleft\" src=\"http:\/\/www.assoargr.fr\/wp-argr\/wp-content\/uploads\/2016\/03\/l-m-roure.jpg\" alt=\"l-m-roure\" width=\"314\" height=\"386\" \/><\/p>\n<p class=\"texte\">Dans son usine il am\u00e9liora consid\u00e9rablement<span style=\"line-height: 1.5;\">la technique en m\u00e9canisant les ateliers, en modernisant le mat\u00e9riel et en cr\u00e9ant de nouveaux proc\u00e9d\u00e9s de fabrication.<\/span><\/p>\n<p class=\"texte\">Au m\u00eame moment, son fr\u00e8re Claude Zacharie donna le plus grand\u00a0\u00e9lan \u00e0 la branche exportation en cr\u00e9ant des d\u00e9bouch\u00e9s\u00a0dans toute l\u2019Europe Centrale, particuli\u00e8rement en Russie o\u00f9\u00a0il a ouvert la voie en 1860. Gr\u00e2ce \u00e0 lui,<b><span style=\"color: #c96214;\">ROURE<br \/>\nBERTRAND Fils <\/span><\/b> fut le fournisseur presque exclusif de la plus grande savonnerie de Russie (Brocard de Moscou) et le resta pendant plus de cinquante ans, r\u00e9alisant un chiffre d\u2019affaire consid\u00e9rable,<br \/>\njusqu&rsquo;\u00e0 ce que la R\u00e9volution de 1917 ne mette, provisoirement, un terme \u00e0 ces relations.<\/p>\n<p>&nbsp;<\/p>\n<p><strong>Louis Maximin Roure<\/strong><\/p>\n<p class=\"texte\">Au d\u00e9c\u00e8s de Claude Zacharie en 1880, Louis Maximin\u00a0resta seul propri\u00e9taire de la maison jusqu\u2019\u00e0 sa mort en 1898.\u00a0Il laissa trois enfants :<br \/>\n&#8211; <strong>Louis<\/strong> son fils a\u00een\u00e9 (qui \u00e9pousera <strong>Louise VARVAT<\/strong> et qui n\u2019eut<br \/>\npas de descendant)<br \/>\n&#8211; <strong>Marie<\/strong> (qui \u00e9pousa <strong>Jean AMIC<\/strong> et qui donnera naissance \u00e0 3 enfants<br \/>\n: <strong>Th\u00e9r\u00e8se<\/strong> qui \u00e9pousera <strong>Jean FABRE<\/strong>, Fran\u00e7ois et Louis)<br \/>\n&#8211; <strong>Jean<\/strong> (qui quittera la soci\u00e9t\u00e9 en 1929 pour cr\u00e9er avec un ami une Maison de Parfumerie concurrente)<br \/>\nIl eut le temps d\u2019initier aux affaires son fils Louis et son gendre <strong>Jean\u00a0AMIC<\/strong> (qui devint, en 1911, S\u00e9nateur des Alpes Maritimes)\u00a0Son fils a\u00een\u00e9 Louis prit une part active \u00e0 la marche de<b><span style=\"color: #c96214;\">ROURE\u00a0BERTRAND Fils <\/span><\/b> et lui donna, deux ans plus tard, une impulsion nouvelle\u00a0en publiant le Bulletin Scientifique et Industriel de la Maison ROURE BERTRAND\u00a0Fils, traduit en anglais et en allemand et dont la notori\u00e9t\u00e9 devait\u00a0s\u2019\u00e9tendre universellement. C\u2019est dans le bulletin d\u2019octobre\u00a01900 (le deuxi\u00e8me) qu\u2019on trouve pour la premi\u00e8re fois l\u2019historique\u00a0de l\u2019extraction des parfums par les dissolvants volatils et l\u2019apparition\u00a0de nos essences solides, liquides et absolues.\u00a0Dans les archives, les bulletins \u00e9taient en g\u00e9n\u00e9ral, reli\u00e9s\u00a0par quatre ann\u00e9es. Le premier volume de 731 pages qui contient les dix\u00a0premiers bulletins de 1900 \u00e0 1904 (deux bulletins par an) a \u00e9t\u00e9\u00a0remis \u00e0 l\u2019ARGRpour qu\u2019il puisse \u00eatre consult\u00e9 par\u00a0les membres de l\u2019Amicale. Nous craignons que ce volume soit le seul qui subsiste\u00a0de l\u2019importante collection qui existait.\u00a0Les importantes innovations de<b><span style=\"color: #c96214;\">ROURE BERTRAND Fils <\/span><\/b>,\u00a0pr\u00e9sent\u00e9es \u00e0 l\u2019Exposition Universelle de Paris de 1900,\u00a0lui valurent un Grand Prix et accrurent son renom mondial.\u00a0En 1902, <b>Louis ROURE<\/b> tr\u00e8s clairvoyant et convaincu des ressources\u00a0que la chimie organique pouvait mettre \u00e0 la disposition de la parfumerie\u00a0cr\u00e9a personnellement, \u00e0 Argenteuil, une usine de produits de synth\u00e8ses\u00a0avec l\u2019aide de <strong>Justin DUPONT<\/strong> et sous le nom de cet \u00e9minent technicien\u00a0et ami.<br \/>\nD\u00e8s 1904, la Maison <b>Justin DUPONT<\/b> obtenait une m\u00e9daille d\u2019or\u00a0\u00e0 l\u2019Exposition de Saint Louis aux Etats Unis et, parall\u00e8lement<br \/>\n\u00e0 sa s\u0153ur a\u00een\u00e9e, la Maison <b><span style=\"color: #c96214;\">ROURE\u00a0BERTRAND Fils <\/span><\/b>, elle grandissait d\u2019ann\u00e9e en ann\u00e9e.<\/p>\n<p class=\"texte\">\n<p class=\"texte\"><img loading=\"lazy\" decoding=\"async\" class=\" wp-image-210 aligncenter\" src=\"http:\/\/www.assoargr.fr\/wp-argr\/wp-content\/uploads\/2016\/03\/roure.jpg\" alt=\"roure\" width=\"973\" height=\"576\" srcset=\"https:\/\/www.assoargr.fr\/wp-argr\/wp-content\/uploads\/2016\/03\/roure.jpg 500w, https:\/\/www.assoargr.fr\/wp-argr\/wp-content\/uploads\/2016\/03\/roure-300x178.jpg 300w\" sizes=\"(max-width: 973px) 100vw, 973px\" \/>A la mort de <strong>Justin DUPONT<\/strong>, l\u2019usine fut confi\u00e9e \u00e0\u00a0un nouveau directeur : <strong>Max ROGER<\/strong> qui \u00e9tait, lui aussi, un grand\u00a0chimiste et qui la r\u00e9organisa. Il cr\u00e9a d\u2019importantes fabrications\u00a0et am\u00e9liora certaines autres (Ionones, M\u00e9thylionones, Aldehyde alpha\u00a0amylcinnanique, d\u00e9riv\u00e9s du lemongrass, du v\u00e9tyver dont l\u2019Ac\u00e9tivenol, par exemple, fut\u00a0par la suite, une sp\u00e9cialit\u00e9 de ROURE tr\u00e8s appr\u00e9ci\u00e9e).<img loading=\"lazy\" decoding=\"async\" class=\" wp-image-199 aligncenter\" src=\"http:\/\/www.assoargr.fr\/wp-argr\/wp-content\/uploads\/2016\/03\/bot.jpg\" alt=\"bot\" width=\"374\" height=\"260\" \/>La Soci\u00e9t\u00e9<b> DUPONT<\/b> resta autonome jusqu\u2019en 1926 car il\u00a0n\u2019\u00e9tait pas souhaitable que pendant cette p\u00e9riode la client\u00e8le\u00a0soit au courant de l\u2019intervention de la chimie dans la parfumerie. On e\u00fbt\u00a0cri\u00e9 au sacril\u00e8ge !.<\/p>\n<p class=\"texte\">\n<p class=\"texte\"><img loading=\"lazy\" decoding=\"async\" class=\"alignleft wp-image-202\" src=\"http:\/\/www.assoargr.fr\/wp-argr\/wp-content\/uploads\/2016\/03\/jean-amic.jpg\" alt=\"jean-amic\" width=\"345\" height=\"518\" \/><b><span style=\"color: #c96214;\"><br \/>\n<\/span><\/b>En\u00a01926 donc (ann\u00e9e de la mort du <strong>S\u00e9nateur Jean AMIC<\/strong>) les deux\u00a0Maisons fusionn\u00e8rent pour former la Soci\u00e9t\u00e9 Anonyme des Etablissements.\u00a0<b>ROURE BERTRAND Fils et JUSTIN DUPONT<\/b>. Toute la parfumerie avait alors\u00a0compris (24 ans apr\u00e8s Louis ROURE) l\u2019int\u00e9r\u00eat qu\u2019il<br \/>\ny avait \u00e0 utiliser la chimie organique qui permettait de cr\u00e9er des\u00a0parfums plus modernes avec des notes tout \u00e0 fait originales et plus diversifi\u00e9es.\u00a0Argenteuil permit \u00e0 <b> ROURE BERTRAND Fils et JUSTIN\u00a0DUPONT<\/b> d\u2019\u00eatre plac\u00e9e \u00e0 un tr\u00e8s bon\u00a0rang parmi les producteurs de produits aromatiques de synth\u00e8ses et lui\u00a0assura beaucoup plus largement les propres besoins de ses parfumeurs.<br \/>\nEn 1927 <strong>Louis AMIC<\/strong> entre dans la soci\u00e9t\u00e9 pour seconder son oncle\u00a0<strong>Louis ROURE<\/strong> en prenant en charge les secteurs d\u2019Am\u00e9rique du Nord,\u00a0d\u2019Angleterre et de la place de Paris o\u00f9 il r\u00e9ussit, gr\u00e2ce\u00a0\u00e0 ses efforts, \u00e0 imposer les parfums de ROURE \u00e0 une client\u00e8le\u00a0qui comprenait, notamment, de nouvelles maisons tr\u00e8s actives, li\u00e9es\u00a0\u00e0 la Haute Couture et dont certaines cr\u00e9\u00e8rent des filiales\u00a0\u00e0 l\u2019Etranger.\u00a0En 1936, un important laboratoire de parfumerie fut install\u00e9 \u00e0 Neuilly\u00a0ce qui permit \u00e0 <strong>Louis AMIC<\/strong> de d\u00e9velopper plus fortement encore\u00a0les affaires \u00e0 Paris.<br \/>\nDans le m\u00eame temps son fr\u00e8re Fran\u00e7ois qui \u00e9tait entr\u00e9\u00a0en 1922, se chargea de la direction de l\u2019usine de produits naturels de Grasse\u00a0et de la client\u00e8le de l\u2019Europe et de celle de l\u2019Am\u00e9rique\u00a0du Sud o\u00f9 des r\u00e9sultats importants furent obtenus en quelques ann\u00e9es.<br \/>\nIl en r\u00e9sulta qu\u2019en 1939 <b><span style=\"color: #c96214;\"> ROURE BERTRAND\u00a0Fils et JUSTIN DUPONT<\/span><\/b> occupait le premier rang des maisons fran\u00e7aises\u00a0et, peut \u00eatre d\u2019Europe, dans la branche des mati\u00e8res premi\u00e8res\u00a0aromatiques pour la parfumerie et la savonnerie.<br \/>\nLa Guerre de 1939\/1945 vint, malheureusement, troubler cette excellente situation. De 1926 jusqu\u2019\u00e0 sa mort, en d\u00e9cembre 1947,<strong>Louis ROURE<\/strong> assura, brillamment, la Pr\u00e9sidence et la Direction G\u00e9n\u00e9rale de la nouvelle Soci\u00e9t\u00e9.<br \/>\n<b>Cet homme d\u2019une tr\u00e8s grande bont\u00e9 fut unanimement regrett\u00e9.<\/b><\/p>\n<p class=\"texte\">Nous donnons, ci apr\u00e8s, un extrait du texte r\u00e9dig\u00e9\u00a0par un de ses collaborateurs, Maurice BOT, Directeur de l\u2019usine d\u2019Argenteuil<br \/>\nau moment de sa mort, pour qu\u2019il soit reproduit au dos des photographies\u00a0de Louis ROURE qui ont \u00e9t\u00e9 plac\u00e9es pendant longtemps dans\u00a0les diff\u00e9rents bureaux de la soci\u00e9t\u00e9 :<img loading=\"lazy\" decoding=\"async\" class=\"wp-image-209 alignright\" src=\"http:\/\/www.assoargr.fr\/wp-argr\/wp-content\/uploads\/2016\/03\/Louis_roure.jpg\" alt=\"Louis_roure\" width=\"395\" height=\"697\" \/><\/p>\n<p><em>\u00ab \u2026Nomm\u00e9 Chevalier de la L\u00e9gion d\u2019Honneur, puis<br \/>\nOfficier, il fut promu Commandeur en 1938. Ayant des vues tr\u00e8s larges,<br \/>\nil ne cessa jamais de recommander l\u2019entente et l\u2019union de tous, dans<br \/>\nchacune des branches de l\u2019industrie des mati\u00e8res premi\u00e8res<br \/>\nde parfumerie naturelles et synth\u00e9tiques.<br \/>\nSon esprit \u00e9clair\u00e9, la parfaite connaissance de son industrie, son<br \/>\njugement toujours raisonnable et pond\u00e9r\u00e9, en faisait le Pr\u00e9sident<br \/>\nn\u00e9 de toutes les associations syndicales qui reconnaissaient en lui le<br \/>\nconseiller s\u00fbr et d\u00e9sint\u00e9ress\u00e9.<br \/>\nToujours \u00e0 l\u2019avant garde des r\u00e9alisations sociales, sa bont\u00e9<br \/>\net sa g\u00e9n\u00e9rosit\u00e9 \u00e9taient connues de tous ceux qui<br \/>\nl\u2019approchaient. Il adorait son personnel, des plus humbles de ses membres<br \/>\naux plus \u00e9lev\u00e9s, et celui ci l\u2019aimait comme un p\u00e8re<br \/>\nSa mort subite, survenue le 26 d\u00e9cembre 1947, a plong\u00e9 tous ceux<br \/>\nqui le connaissaient dans une profonde tristesse et son souvenir restera \u00e0<br \/>\njamais pr\u00e9sent dans leur m\u00e9moire \u00bb.<\/em><\/p>\n<p>A sa mort <strong>Louis ROURE<\/strong> laissa une Soci\u00e9t\u00e9 en pleine expansion avec des ramifications dans le monde entier.\u00a0Ses trois neveux, qui assuraient d\u00e9j\u00e0 avec comp\u00e9tence la\u00a0marche des affaires depuis de nombreuses ann\u00e9es, se partag\u00e8rent\u00a0alors l\u2019enti\u00e8re responsabilit\u00e9 de la soci\u00e9t\u00e9.<br \/>\n<strong>Jean FABRE<\/strong> assura la Pr\u00e9sidence. La Direction G\u00e9n\u00e9rale<br \/>\nfut confi\u00e9e \u00e0 <strong>Fran\u00e7ois et Louis AMIC<\/strong>.<br \/>\nEn 1944, le Si\u00e8ge Social qui \u00e9tait depuis l\u2019origine \u00e0\u00a0Grasse, avait \u00e9t\u00e9 transf\u00e9r\u00e9 \u00e0 Paris 47 bis\u00a0rue du Rocher, puis quelques ann\u00e9es plus tard, 17 bis rue Legendre afin\u00a0de centraliser tous les services administratifs dont la complexit\u00e9 grandissait.\u00a0Il sera d\u00e9plac\u00e9 une derni\u00e8re fois, en 1973, 55 rue de la\u00a0Voie de Bans \u00e0 Argenteuil o\u00f9 seront alors regroup\u00e9s tous\u00a0les services de la rue Legendre et ceux du Laboratoire de Parfumerie de Neuilly\u00a0qui prendront place dans l\u2019enceinte de l\u2019Usine.\u00a0La raison sociale, qui avait \u00e9t\u00e9 modifi\u00e9e fin 1975, \u00e9tait\u00a0alors : <b><span style=\"color: #c96214;\">ROURE BERTRAND DUPONT<\/span><\/b>.<\/p>\n<p>&nbsp;<\/p>\n<p>A la mort de <strong>Jean FABRE<\/strong> en 1950, <strong>Louis AMIC<\/strong> lui succ\u00e9da \u00e0 la Pr\u00e9sidence jusqu\u2019en 1970 lorsqu\u2019il fut contraint de d\u00e9missionner pour raison de sant\u00e9.Le\u00a0Secr\u00e9taire G\u00e9n\u00e9ral <strong>Charles VIDAL<\/strong>, qui \u00e9tait\u00a0entr\u00e9 dans la soci\u00e9t\u00e9 en 1943, assurera la Pr\u00e9sidence\u00a0jusqu\u2019\u00e0 son d\u00e9part en retraite en 1980.\u00a0La sixi\u00e8me et derni\u00e8re g\u00e9n\u00e9ration qui participera\u00a0\u00e0 la direction de cette grande Soci\u00e9t\u00e9, sera repr\u00e9sent\u00e9e\u00a0par :<\/p>\n<p class=\"texte\"><img loading=\"lazy\" decoding=\"async\" class=\"alignnone  wp-image-195\" src=\"http:\/\/www.assoargr.fr\/wp-argr\/wp-content\/uploads\/2016\/03\/admini.jpg\" alt=\"admini\" width=\"286\" height=\"233\" \/><img loading=\"lazy\" decoding=\"async\" class=\"wp-image-211 alignright\" src=\"http:\/\/www.assoargr.fr\/wp-argr\/wp-content\/uploads\/2016\/03\/vedette.jpg\" alt=\"vedette\" width=\"346\" height=\"235\" \/><\/p>\n<p class=\"texte\">\n<p class=\"texte\">\u2013 <strong>Pierre FABRE<\/strong> (fils de Th\u00e9r\u00e8se et Jean FABRE) qui prendrala direction de l\u2019usine de Grasse au moment du d\u00e9part \u00e0 la retraite de son oncle <strong>Fran\u00e7ois AMIC<\/strong><br \/>\n\u2013 <strong>Jean AMIC <\/strong>(fils de Louis) qui, entr\u00e9 en 1962, assurera la direction du centre ROURE DUPONT INC \u00e0 New York, de1964 \u00e0 1970. Avant son retour en France, il pr\u00e9parera le transfert du centre de New York vers Teaneck dans le New Jersey o\u00f9 il se trouve toujours en 2001.<br \/>\nIl succ\u00e9dera \u00e0 Charles VIDAL \u00e0 la Pr\u00e9sidence jusqu\u2019\u00e0 la fin en 2000 .Ce sera le dernier Pr\u00e9sident La soci\u00e9t\u00e9.<b><span style=\"color: #c96214;\"> ROURE<\/span><\/b>, cr\u00e9\u00e9e en 1820, n\u2019a donc cess\u00e9 de progresser et de s\u2019\u00e9tendre jusqu\u2019aux ann\u00e9es 1960. La suite et la fin (car cette grande et belle Histoire a une fin !) nous les avons tous,ou presque tous, v\u00e9cues.<br \/>\nEntre 1963 et 1965, Economie exige, des accords furent sign\u00e9s avec le grand\u00a0<b>Hoffmann La Roche<\/b> qui nous laissa, cependant, une relative autonomie. Nous\u00a0avons continu\u00e9 toutes nos activit\u00e9s dont les fabrications \u00e0\u00a0Grasse et \u00e0 Argenteuil.\u00a0Puis en 1991, Hoffmann La Roche d\u00e9cida de notre fusion avec\u00a0<b><span style=\"color: #c96214;\">GIVAUDAN <\/span><\/b>notre grand fr\u00e8re jadis \u00ab\u00a0ennemi\u00a0\u00bb,\u00a0nous devenons <b><span style=\"color: #c96214;\"> GIVAUDAN-ROURE<\/span><\/b>. Les\u00a0productions des mati\u00e8res premi\u00e8res naturelles et synth\u00e9tiques\u00a0de ROURE \u00e9tant presque ridicules devant celles dont disposait le \u00abGrand Fr\u00e8re \u00bb, nous avons \u00e9t\u00e9 logiquement amen\u00e9s\u00e0 les arr\u00eater \u00e0 Argenteuil et \u00e0 Grasse, avec les cons\u00e9quences\u00a0in\u00e9vitables pour le personnel qui a connu des d\u00e9parts en retraite\u00a0anticip\u00e9s et des licenciements.Enfin, le 8 juin 2000, le nom de ROURE dispara\u00eet\u00a0de la raison sociale et <b><span style=\"color: #c96214;\">GIVAUDAN\u00a0<\/span><\/b>devient autonome (S\u00e9paration d&rsquo;avec Hoffman La Roche).<br \/>\nLes nombreux souvenirs, souvent \u00e9mouvants, qui se sont amass\u00e9s pendant\u00a0cette longue p\u00e9riode de pr\u00e8s de deux si\u00e8cles, n\u2019ont\u00a0pas pes\u00e9 bien lourd devant la n\u00e9cessit\u00e9 d\u2019 \u00ab all\u00e9ger\u00bb la raison sociale pour une entr\u00e9e en Bourse et d\u2019un trait\u00a0de plume, on supprima ces quelques lettres qui repr\u00e9sentent encore tant\u00a0pour nous, les tr\u00e8s anciens : \u00ab ROURE \u00bb !\u00a0ROURE qui, cruelle ironie, signifie, en proven\u00e7al : \u00ab CHENE \u00bb\u2026.\u00a0Bois noble qui est en quelque sorte le symbole de la force et de la dur\u00e9e!.<br \/>\nLogiquement, pouvait on esp\u00e9rer que les \u00ab d\u00e9cideurs \u00bb\u00a0de <b><span style=\"color: #c96214;\">GIVAUDAN<\/span><\/b> conservent ce nom qui, depuis\u00a0plus d\u2019un demi si\u00e8cle, n\u2019etait plus repr\u00e9sent\u00e9,\u00a0physiquement, dans la \u00ab Petite \u00bb Soci\u00e9t\u00e9 qui est entr\u00e9e\u00a0dans leur giron. Merci \u00e0 notre Pr\u00e9sident et ami, fondateur de l\u2019ARGR\u00a0: Yves de Saint Sernin, gr\u00e2ce \u00e0 qui ce nom de ROURE est, et sera\u00a0encore longtemps pr\u00e9sent dans notre Amicale\u2026\u00a0C\u2019est \u00e0 dire aussi longtemps que les plus jeunes des anciens pourront\u00a0tenir le flambeau\u2026..<br \/>\nPuis tout s\u2019\u00e9teindra\u2026d\u00e9finitivement\u2026<\/p>\n<p class=\"titre\">Note de l&rsquo;auteur.<br \/>\nr\u00e9alis\u00e9 par G VARVAT d\u2019apr\u00e8s des documents recueillis<br \/>\npar Maurice BOT et un manuscrit de Fran\u00e7ois AMIC conserv\u00e9 par<br \/>\nMadame Janine EVAIN (fille de Jean et Th\u00e9r\u00e8se FABRE donc ni\u00e8ce<br \/>\nde Fran\u00e7ois AMIC).<\/p>\n","protected":false},"excerpt":{"rendered":"<p>HISTORIQUE DE LA MAISON ROURE &nbsp; Peu de gens savent que la Ganterie \u00e9tait autrefois la\u00a0principale Industrie de la r\u00e9gion Grassoise . La n\u00e9cessit\u00e9\u00a0de parfumer les gants qui conservaient souvent une odeur d\u00e9sagr\u00e9able\u00a0due au travail de la peau et surtout le climat de cette r\u00e9gion particuli\u00e8rement\u00a0favorable \u00e0 la culture des plantes aromatiques telle que la&hellip;<\/p>\n","protected":false},"author":1,"featured_media":0,"parent":0,"menu_order":0,"comment_status":"closed","ping_status":"closed","template":"","meta":{"footnotes":""},"class_list":["post-38","page","type-page","status-publish","hentry","entry","no-media"],"_links":{"self":[{"href":"https:\/\/www.assoargr.fr\/wp-argr\/wp-json\/wp\/v2\/pages\/38"}],"collection":[{"href":"https:\/\/www.assoargr.fr\/wp-argr\/wp-json\/wp\/v2\/pages"}],"about":[{"href":"https:\/\/www.assoargr.fr\/wp-argr\/wp-json\/wp\/v2\/types\/page"}],"author":[{"embeddable":true,"href":"https:\/\/www.assoargr.fr\/wp-argr\/wp-json\/wp\/v2\/users\/1"}],"replies":[{"embeddable":true,"href":"https:\/\/www.assoargr.fr\/wp-argr\/wp-json\/wp\/v2\/comments?post=38"}],"version-history":[{"count":5,"href":"https:\/\/www.assoargr.fr\/wp-argr\/wp-json\/wp\/v2\/pages\/38\/revisions"}],"predecessor-version":[{"id":214,"href":"https:\/\/www.assoargr.fr\/wp-argr\/wp-json\/wp\/v2\/pages\/38\/revisions\/214"}],"wp:attachment":[{"href":"https:\/\/www.assoargr.fr\/wp-argr\/wp-json\/wp\/v2\/media?parent=38"}],"curies":[{"name":"wp","href":"https:\/\/api.w.org\/{rel}","templated":true}]}}