{"id":36,"date":"2016-03-22T09:07:33","date_gmt":"2016-03-22T08:07:33","guid":{"rendered":"http:\/\/www.assoargr.fr\/wp-argr\/?page_id=36"},"modified":"2019-06-13T17:54:01","modified_gmt":"2019-06-13T16:54:01","slug":"organisation-et-statuts","status":"publish","type":"page","link":"https:\/\/www.assoargr.fr\/wp-argr\/organisation-et-statuts\/","title":{"rendered":"Organisation et statuts"},"content":{"rendered":"<h2>Amicale des anciens de Givaudan et Roure<\/h2>\n<hr \/>\n<p><span style=\"font-size: large;\"><b>Article 1<\/b><\/span> :<br \/>\nIl est fond\u00e9 en\u00a01998, entre les adh\u00e9rents aux pr\u00e9sents statuts, une\u00a0association r\u00e9gie par la loi du 1 er juillet 1901 et le<br \/>\nd\u00e9cret du 16 a\u00f4ut 1901&prime; ayant pour titre :<\/p>\n<p>\u00ab\u00a0<strong>Amicale des anciens de Givaudan et Roure<\/strong>\u00a0\u00bb dont le sigle sera : \u00ab\u00a0A.R.G.R.\u00a0\u00bb.<\/p>\n<p><span style=\"font-size: large;\"><b>Article 2<\/b><\/span> :<br \/>\nCette association a pour but de r\u00e9unir\u00a0les anciens de Roure de Givaudan-Roure et de Givaudan qui en exprimeront le\u00a0souhait, dans un soucis de convivialit\u00e9 et de d\u00e9fense de leurs\u00a0int\u00e9r\u00eats communs.<\/p>\n<p><span style=\"font-size: large;\"><b>Article 3 <\/b><\/span>:<br \/>\nLe si\u00e8ge social<br \/>\nest situ\u00e9 :<\/p>\n<p><strong>Chez M C Huan, 11 rue jean Bouin, 78300, Poissy.<\/strong><br \/>\nIl pourra \u00eatre transf\u00e9r\u00e9 par simple\u00a0d\u00e9cision du conseil d&rsquo;administration avec la ratification de\u00a0l&rsquo;assembl\u00e9e g\u00e9n\u00e9rale.<\/p>\n<p><b><span style=\"font-size: large;\">Article 4 : Radiations<\/span><\/b><br \/>\nLa qualit\u00e9 se perd par :<br \/>\nLa d\u00e9mission<br \/>\nLe d\u00e9c\u00e8s<br \/>\nLa radiation prononc\u00e9e par le conseil d\u0092&rsquo;administration pour le non-paiement\u00a0de la cotisation ou pour motif grave, l\u0092&rsquo;int\u00e9ress\u00e9 ayant \u00e9t\u00e9\u00a0invit\u00e9 par lettre recommand\u00e9e \u00e0 se pr\u00e9senter devant\u00a0le bureau pour fournir des explications.<\/p>\n<p><span style=\"font-size: large;\"><b>Article 5 : Les ressources de l\u0092&rsquo;association\u00a0comprennent :<\/b><\/span><br \/>\nLe montant des cotisations<br \/>\nLes dons manuels.<\/p>\n<p><b><span style=\"font-size: large;\">Article 6 : Conseil d\u0092&rsquo;administration<\/span><\/b><br \/>\nL&rsquo;\u0092association est dirig\u00e9e par un conseil de membres \u00e9lus\u00a0pour 2 ann\u00e9es par l\u0092&rsquo;assembl\u00e9e g\u00e9n\u00e9rale. Les<br \/>\nmembres sont \u00e9ligibles.<br \/>\nLe conseil d&rsquo;\u0092administration choisit parmi ses membres, au scrutin secret,\u00a0un bureau compos\u00e9 de :<br \/>\nUn pr\u00e9sident<br \/>\nUn vice-pr\u00e9sident (\u00e9ventuellement)<br \/>\nUn secr\u00e9taire<br \/>\nUn secr\u00e9taire adjoint (\u00e9ventuellement)<br \/>\nUn tr\u00e9sorier<br \/>\nUn tr\u00e9sorier adjoint<\/p>\n<p>En cas de vacance, le conseil pourvoit provisoirement au remplacement de ses\u00a0membres. Leur remplacement d\u00e9finitif intervient \u00e0 la prochaine\u00a0assembl\u00e9e g\u00e9n\u00e9rale. Les pouvoirs des membres ainsi \u00e9lus\u00a0prennent fin \u00e0 l\u0092\u00e9poque o\u00f9 devrait normalement expirer\u00a0le mandat des membres remplac\u00e9s.<\/p>\n<p><span style=\"font-size: large;\"><b>Article 7 : R\u00e9unions du conseil d\u0092&rsquo;administration<\/b><\/span><br \/>\nLe conseil d&rsquo;\u0092administration se r\u00e9unit une fois tous les 6 mois sur\u00a0convocation du pr\u00e9sident ou sur la demande du quart de ses membres.\u00a0Les d\u00e9cisions sont prises \u00e0 la majorit\u00e9 des voix. En cas\u00a0de partage, la voix du pr\u00e9sident est pr\u00e9pond\u00e9rante.<\/p>\n<p><span style=\"font-size: large;\"><b>Article 8 : Assembl\u00e9e g\u00e9n\u00e9rale\u00a0ordinaire<\/b><\/span><br \/>\nL&rsquo;\u0092assembl\u00e9e g\u00e9n\u00e9rale ordinaire comprend tous les membres\u00a0de l&rsquo;\u0092association \u00e0 quelque titre qu&rsquo;\u0092ils y soient affili\u00e9s.<br \/>\nLa pr\u00e9sence d&rsquo;\u0092au moins un tiers des membres du bureau est requise.\u00a0Elle se r\u00e9unit chaque ann\u00e9e de pr\u00e9f\u00e9rence en d\u00e9cembre.<br \/>\nQuinze jours au moins avant la date fix\u00e9e, les membres de l\u0092&rsquo;association\u00a0sont convoqu\u00e9s par les soins du secr\u00e9taire.<\/p>\n<p><span style=\"font-size: large;\"><b>Article 9 : Assembl\u00e9e g\u00e9n\u00e9rale\u00a0extraordinaire <\/b><\/span><br \/>\nSi besoin est, ou sur demande de la moiti\u00e9 plus un des membres inscrits,\u00a0le pr\u00e9sident peut convoquer une assembl\u00e9e g\u00e9n\u00e9rale<br \/>\nextraordinaire suivant les modalit\u00e9s pr\u00e9vues par l\u0092&rsquo;article\u00a09.<\/p>\n<p><span style=\"font-size: large;\"><b>Article 10 : R\u00e8glement int\u00e9rieur<\/b><\/span><br \/>\nUn r\u00e8glement int\u00e9rieur peut \u00eatre \u00e9tabli par le conseil\u00a0d&rsquo;\u0092administration qui le fait alors approuver par l\u0092&rsquo;assembl\u00e9e<br \/>\ng\u00e9n\u00e9rale. Ce r\u00e8glement \u00e9ventuel est destin\u00e9\u00a0\u00e0 fixer les divers points non pr\u00e9vus par les statuts, notamment\u00a0ceux qui ont trait \u00e0 l\u0092&rsquo;administration interne de l\u0092&rsquo;association.<\/p>\n<p><span style=\"font-size: large;\"><b>Article 11 : Dissolution<\/b><\/span><br \/>\nEn cas de dissolution prononc\u00e9e par les deux tiers des membres pr\u00e9sents\u00a0\u00e0 l\u0092&rsquo;assembl\u00e9e g\u00e9n\u00e9rale, un ou plusieurs liquidateurs<br \/>\nsont nomm\u00e9s par celle-ci et l&rsquo;\u0092actif s\u0092il y a lieu est d\u00e9volu\u00a0conform\u00e9ment \u00e0 l\u0092article 9 de la loi du 1er juillet 1901\u00a0et du d\u00e9cret du 16 ao\u00fbt 1901.<\/p>\n<p>Statuts approuv\u00e9s \u00e0 l&rsquo;\u0092unanimit\u00e9 en Assembl\u00e9e\u00a0G\u00e9n\u00e9rale extraordinaire du 17\/12\/01<\/p>\n","protected":false},"excerpt":{"rendered":"<p>Amicale des anciens de Givaudan et Roure Article 1 : Il est fond\u00e9 en\u00a01998, entre les adh\u00e9rents aux pr\u00e9sents statuts, une\u00a0association r\u00e9gie par la loi du 1 er juillet 1901 et le d\u00e9cret du 16 a\u00f4ut 1901&prime; ayant pour titre : \u00ab\u00a0Amicale des anciens de Givaudan et Roure\u00a0\u00bb dont le sigle sera : \u00ab\u00a0A.R.G.R.\u00a0\u00bb. Article&hellip;<\/p>\n","protected":false},"author":1,"featured_media":0,"parent":0,"menu_order":0,"comment_status":"closed","ping_status":"closed","template":"","meta":{"footnotes":""},"class_list":["post-36","page","type-page","status-publish","hentry","entry","no-media"],"_links":{"self":[{"href":"https:\/\/www.assoargr.fr\/wp-argr\/wp-json\/wp\/v2\/pages\/36"}],"collection":[{"href":"https:\/\/www.assoargr.fr\/wp-argr\/wp-json\/wp\/v2\/pages"}],"about":[{"href":"https:\/\/www.assoargr.fr\/wp-argr\/wp-json\/wp\/v2\/types\/page"}],"author":[{"embeddable":true,"href":"https:\/\/www.assoargr.fr\/wp-argr\/wp-json\/wp\/v2\/users\/1"}],"replies":[{"embeddable":true,"href":"https:\/\/www.assoargr.fr\/wp-argr\/wp-json\/wp\/v2\/comments?post=36"}],"version-history":[{"count":4,"href":"https:\/\/www.assoargr.fr\/wp-argr\/wp-json\/wp\/v2\/pages\/36\/revisions"}],"predecessor-version":[{"id":1780,"href":"https:\/\/www.assoargr.fr\/wp-argr\/wp-json\/wp\/v2\/pages\/36\/revisions\/1780"}],"wp:attachment":[{"href":"https:\/\/www.assoargr.fr\/wp-argr\/wp-json\/wp\/v2\/media?parent=36"}],"curies":[{"name":"wp","href":"https:\/\/api.w.org\/{rel}","templated":true}]}}