{"id":2012,"date":"2024-12-14T16:37:25","date_gmt":"2024-12-14T15:37:25","guid":{"rendered":"https:\/\/www.assoargr.fr\/wp-argr\/?page_id=2012"},"modified":"2024-12-14T16:37:55","modified_gmt":"2024-12-14T15:37:55","slug":"le-paradis-latin-sortie-28-11-2024","status":"publish","type":"page","link":"https:\/\/www.assoargr.fr\/wp-argr\/le-paradis-latin-sortie-28-11-2024\/","title":{"rendered":"Le Paradis Latin (28\/11\/2024)"},"content":{"rendered":"\n<p>Le Paradis Latin, un cabaret parisien charg\u00e9 d&rsquo;histoire<br>Nich\u00e9 au c\u0153ur du quartier Latin depuis 1889<\/p>\n\n\n\n<figure class=\"wp-block-image size-full\"><img loading=\"lazy\" decoding=\"async\" width=\"1000\" height=\"185\" src=\"http:\/\/www.assoargr.fr\/wp-argr\/wp-content\/uploads\/2024\/12\/titre-2.png\" alt=\"\" class=\"wp-image-2024\" srcset=\"https:\/\/www.assoargr.fr\/wp-argr\/wp-content\/uploads\/2024\/12\/titre-2.png 1000w, https:\/\/www.assoargr.fr\/wp-argr\/wp-content\/uploads\/2024\/12\/titre-2-300x56.png 300w, https:\/\/www.assoargr.fr\/wp-argr\/wp-content\/uploads\/2024\/12\/titre-2-768x142.png 768w\" sizes=\"(max-width: 1000px) 100vw, 1000px\" \/><\/figure>\n\n\n\n<p>L\u2019histoire du Paradis Latin commence au tout d\u00e9but du XIXe si\u00e8cle. \u00c9rig\u00e9 \u00e0 500 m\u00e8tres de Notre-Dame de Paris par Napol\u00e9on, le lieu est d\u2019abord un th\u00e9\u00e2tre o\u00f9 bourgeois, intellectuels, commer\u00e7ants, ouvriers et \u00e9tudiants se croisent. On peut notamment y rencontrer Balzac, Alexandre Dumas et Prosper M\u00e9rim\u00e9e.<\/p>\n\n\n\n<p>Il est d\u00e9truit par un incendie durant la Guerre franco-prussienne de 1870, lorsque le chancelier prussien Otto von Bismarck assi\u00e8ge Paris. Ses ruines calcin\u00e9es subsistent pendant 17 ans.<\/p>\n\n\n\n<figure class=\"wp-block-image size-large\"><img loading=\"lazy\" decoding=\"async\" width=\"1024\" height=\"419\" src=\"http:\/\/www.assoargr.fr\/wp-argr\/wp-content\/uploads\/2024\/12\/trois-1-1024x419.jpg\" alt=\"\" class=\"wp-image-2025\" srcset=\"https:\/\/www.assoargr.fr\/wp-argr\/wp-content\/uploads\/2024\/12\/trois-1-1024x419.jpg 1024w, https:\/\/www.assoargr.fr\/wp-argr\/wp-content\/uploads\/2024\/12\/trois-1-300x123.jpg 300w, https:\/\/www.assoargr.fr\/wp-argr\/wp-content\/uploads\/2024\/12\/trois-1-768x314.jpg 768w, https:\/\/www.assoargr.fr\/wp-argr\/wp-content\/uploads\/2024\/12\/trois-1-1536x628.jpg 1536w, https:\/\/www.assoargr.fr\/wp-argr\/wp-content\/uploads\/2024\/12\/trois-1-2048x838.jpg 2048w\" sizes=\"(max-width: 1024px) 100vw, 1024px\" \/><\/figure>\n\n\n\n<p>En 1887, lors de la pr\u00e9paration de l&rsquo;Exposition universelle de 1889, Gustave Eiffel reconstruit le th\u00e9\u00e2tre en m\u00eame temps que sa tour. La nouvelle salle est inaugur\u00e9e le dimanche 20 janvier 1889 sous le nom de Paradis latin et affiche complet tous les soirs en pr\u00e9sentant des revues et des ballets. Cette ann\u00e9e de l&rsquo;Exposition fut une ann\u00e9e heureuse pour le spectacle parisien avec entre autres:la Mandragore, pi\u00e8ce tr\u00e8s applaudie dont l&rsquo;h\u00e9ro\u00efne de la soir\u00e9e fut Yvette Guilbert (immortalis\u00e9 par Toulouse Lautrec) qui depuis quelques mois \u00e9tait la vedette de la chanson et qui allait devenir l&rsquo;interpr\u00e8te du compositeur Xanrof.<\/p>\n\n\n\n<p>Concurrents directs du Paradis Latin, les caf\u00e9s-concerts, plus nombreux que jamais, donnaient tous le m\u00eame spectacle st\u00e9r\u00e9otyp\u00e9. On commen\u00e7ait des tours de chants qui produisaient invariablement devant le public, le comic-troupier, le poivrot, la gommeuse, le comique paysan, la chanteuse patriotique. Les directeurs du Paradis Latin eurent alors l&rsquo;id\u00e9e g\u00e9niale de faire appel aux acrobates, \u00e9quilibristes, jongleurs, contorsionnistes, montreurs d&rsquo;ombres chinoises afin de compl\u00e9ter et d&rsquo;enrichir leur spectacle: le premier Music-Hall \u00e9tait n\u00e9 sans porter encore le nom ignor\u00e9 en France \u00e0 l&rsquo;\u00e9poque.<\/p>\n\n\n\n<p><\/p>\n\n\n\n<figure class=\"wp-block-image size-full\"><img loading=\"lazy\" decoding=\"async\" width=\"1000\" height=\"450\" src=\"http:\/\/www.assoargr.fr\/wp-argr\/wp-content\/uploads\/2024\/12\/gerard-1.png\" alt=\"\" class=\"wp-image-2028\" srcset=\"https:\/\/www.assoargr.fr\/wp-argr\/wp-content\/uploads\/2024\/12\/gerard-1.png 1000w, https:\/\/www.assoargr.fr\/wp-argr\/wp-content\/uploads\/2024\/12\/gerard-1-300x135.png 300w, https:\/\/www.assoargr.fr\/wp-argr\/wp-content\/uploads\/2024\/12\/gerard-1-768x346.png 768w\" sizes=\"(max-width: 1000px) 100vw, 1000px\" \/><\/figure>\n\n\n\n<p>La nouvelle formule ne tint que quelques saisons. En 1894, la grande salle du Paradis Latin fermait ses portes. Seule la brasserie du sous-sol conserv\u00e9, anim\u00e9e par Chopinette, \u00e9l\u00e8ve de Bruant mais n&rsquo;en ayant ni le talent, ni l&rsquo;autorit\u00e9 et sa client\u00e8le en forte majorit\u00e9 faite d&rsquo;\u00e9tudiants ne lui permit pas de survivre au-del\u00e0 de 1903. L&rsquo;immense local devint entrep\u00f4t.<\/p>\n\n\n\n<p>Au d\u00e9but du XXe si\u00e8cle, Montmartre devient le quartier \u00e0 la mode de Paris.<\/p>\n\n\n\n<figure class=\"wp-block-image size-full\"><img loading=\"lazy\" decoding=\"async\" width=\"1000\" height=\"432\" src=\"http:\/\/www.assoargr.fr\/wp-argr\/wp-content\/uploads\/2024\/12\/autres-1.jpg\" alt=\"\" class=\"wp-image-2029\" srcset=\"https:\/\/www.assoargr.fr\/wp-argr\/wp-content\/uploads\/2024\/12\/autres-1.jpg 1000w, https:\/\/www.assoargr.fr\/wp-argr\/wp-content\/uploads\/2024\/12\/autres-1-300x130.jpg 300w, https:\/\/www.assoargr.fr\/wp-argr\/wp-content\/uploads\/2024\/12\/autres-1-768x332.jpg 768w\" sizes=\"(max-width: 1000px) 100vw, 1000px\" \/><\/figure>\n\n\n\n<p>Le fa\u00efencier-verrier Charles Leune finit par acheter l&rsquo;endroit pour y installer son atelier. Il est repris en 1930 par un industriel pharmaceutique qui d\u00e9pose le bilan et laisse l&rsquo;endroit longtemps inoccup\u00e9.<\/p>\n\n\n\n<p>En 1973, le promoteur immobilier Jean Kriegel ach\u00e8te l&rsquo;immeuble pour le transformer en appartements. Apr\u00e8s avoir d\u00e9couvert l&rsquo;existence de la salle de spectacle \u00e0 l&rsquo;occasion du d\u00e9marrage des travaux, il d\u00e9cide, s\u00e9duit par les lieux, non plus de r\u00e9aliser l&rsquo;op\u00e9ration immobili\u00e8re initialement pr\u00e9vue mais de ressusciter ce cabaret mythique de 720 places selon les plans originaux d&rsquo;Eiffel.<\/p>\n\n\n\n<p>Jean-Marie Rivi\u00e8re, directeur artistique, assist\u00e9 de l&rsquo;auteur Fr\u00e9d\u00e9ric Botton, y pr\u00e9sente la premi\u00e8re revue Paris Paradis le 14 novembre 1977, qui conna\u00eet un triomphe. Le Paradis latin a depuis reconquis son statut de haut lieu des nuits parisiennes.<\/p>\n\n\n\n<div class=\"wp-block-columns is-layout-flex wp-container-core-columns-is-layout-1 wp-block-columns-is-layout-flex\">\n<div class=\"wp-block-column is-layout-flow wp-block-column-is-layout-flow\">\n<figure class=\"wp-block-image size-full\"><img loading=\"lazy\" decoding=\"async\" width=\"450\" height=\"880\" src=\"http:\/\/www.assoargr.fr\/wp-argr\/wp-content\/uploads\/2024\/12\/V1-2.jpg\" alt=\"\" class=\"wp-image-2026\" srcset=\"https:\/\/www.assoargr.fr\/wp-argr\/wp-content\/uploads\/2024\/12\/V1-2.jpg 450w, https:\/\/www.assoargr.fr\/wp-argr\/wp-content\/uploads\/2024\/12\/V1-2-153x300.jpg 153w\" sizes=\"(max-width: 450px) 100vw, 450px\" \/><\/figure>\n<\/div>\n\n\n\n<div class=\"wp-block-column is-layout-flow wp-block-column-is-layout-flow\">\n<figure class=\"wp-block-image size-full is-resized\"><img loading=\"lazy\" decoding=\"async\" width=\"400\" height=\"889\" src=\"http:\/\/www.assoargr.fr\/wp-argr\/wp-content\/uploads\/2024\/12\/V2-3.jpg\" alt=\"\" class=\"wp-image-2027\" style=\"width:369px;height:auto\" srcset=\"https:\/\/www.assoargr.fr\/wp-argr\/wp-content\/uploads\/2024\/12\/V2-3.jpg 400w, https:\/\/www.assoargr.fr\/wp-argr\/wp-content\/uploads\/2024\/12\/V2-3-135x300.jpg 135w\" sizes=\"(max-width: 400px) 100vw, 400px\" \/><\/figure>\n<\/div>\n<\/div>\n\n\n\n<div class=\"wp-block-columns is-layout-flex wp-container-core-columns-is-layout-2 wp-block-columns-is-layout-flex\">\n<div class=\"wp-block-column is-layout-flow wp-block-column-is-layout-flow\"><\/div>\n<\/div>\n\n\n\n<p>En 2018, l&rsquo;investisseur franco-br\u00e9silien Walter Butler qui souhaite se lancer dans l&rsquo;entertainement, rach\u00e8te \u00e0 100% le Paradis latin \u00e0 la famille Israel, qui le d\u00e9tenait depuis 19952.<\/p>\n\n\n\n<p>En 2019, l&rsquo;\u00e9laboration d&rsquo;une nouvelle revue, L&rsquo;Oiseau Paradis, pour f\u00eater les 130 ans du Paradis Latin, est confi\u00e9e au chor\u00e9graphe Kamel Ouali. Iris Mittenaere, Miss Univers 2016 est choisie pour \u00eatre la meneuse de revue de l&rsquo;Oiseau Paradis3,4. \u00c0 cette occasion, le cabaret est red\u00e9cor\u00e9 par Oscar Lucien Ono.<\/p>\n\n\n\n<p>Aujourd\u2019hui, impossible d\u2019imaginer la capitale fran\u00e7aise sans le Paradis Latin, cabaret parisien mythique dont l\u2019esprit festif et burlesque a perdur\u00e9 \u00e0 travers le temps.<\/p>\n","protected":false},"excerpt":{"rendered":"<p>Le Paradis Latin, un cabaret parisien charg\u00e9 d&rsquo;histoireNich\u00e9 au c\u0153ur du quartier Latin depuis 1889 L\u2019histoire du Paradis Latin commence au tout d\u00e9but du XIXe si\u00e8cle. \u00c9rig\u00e9 \u00e0 500 m\u00e8tres de Notre-Dame de Paris par Napol\u00e9on, le lieu est d\u2019abord un th\u00e9\u00e2tre o\u00f9 bourgeois, intellectuels, commer\u00e7ants, ouvriers et \u00e9tudiants se croisent. On peut notamment y&hellip;<\/p>\n","protected":false},"author":1,"featured_media":0,"parent":0,"menu_order":0,"comment_status":"closed","ping_status":"closed","template":"","meta":{"footnotes":""},"class_list":["post-2012","page","type-page","status-publish","hentry","entry","no-media"],"_links":{"self":[{"href":"https:\/\/www.assoargr.fr\/wp-argr\/wp-json\/wp\/v2\/pages\/2012"}],"collection":[{"href":"https:\/\/www.assoargr.fr\/wp-argr\/wp-json\/wp\/v2\/pages"}],"about":[{"href":"https:\/\/www.assoargr.fr\/wp-argr\/wp-json\/wp\/v2\/types\/page"}],"author":[{"embeddable":true,"href":"https:\/\/www.assoargr.fr\/wp-argr\/wp-json\/wp\/v2\/users\/1"}],"replies":[{"embeddable":true,"href":"https:\/\/www.assoargr.fr\/wp-argr\/wp-json\/wp\/v2\/comments?post=2012"}],"version-history":[{"count":3,"href":"https:\/\/www.assoargr.fr\/wp-argr\/wp-json\/wp\/v2\/pages\/2012\/revisions"}],"predecessor-version":[{"id":2031,"href":"https:\/\/www.assoargr.fr\/wp-argr\/wp-json\/wp\/v2\/pages\/2012\/revisions\/2031"}],"wp:attachment":[{"href":"https:\/\/www.assoargr.fr\/wp-argr\/wp-json\/wp\/v2\/media?parent=2012"}],"curies":[{"name":"wp","href":"https:\/\/api.w.org\/{rel}","templated":true}]}}