{"id":1996,"date":"2024-07-01T15:08:55","date_gmt":"2024-07-01T14:08:55","guid":{"rendered":"https:\/\/www.assoargr.fr\/wp-argr\/?page_id=1996"},"modified":"2024-07-01T15:21:43","modified_gmt":"2024-07-01T14:21:43","slug":"assemblee-generale-2023","status":"publish","type":"page","link":"https:\/\/www.assoargr.fr\/wp-argr\/assemblee-generale-2023\/","title":{"rendered":"Assembl\u00e9e g\u00e9n\u00e9rale 2023"},"content":{"rendered":"\n\t\t<!-- MasterSlider -->\n\t\t<div id=\"P_MS6682ba6f97c6e\" class=\"master-slider-parent msl ms-parent-id-81\" style=\"max-width:800px;\">\n\n\t\t\t\n\t\t\t<!-- MasterSlider Main -->\n\t\t\t<div id=\"MS6682ba6f97c6e\" class=\"master-slider ms-skin-default\" >\n\t\t\t\t \t\t\t\t \n\t\t\t\t<div  class=\"ms-slide\" data-delay=\"3\" data-fill-mode=\"fill\"  >\n\t\t\t\t\t<img decoding=\"async\" src=\"https:\/\/www.assoargr.fr\/wp-argr\/wp-content\/plugins\/master-slider\/public\/assets\/css\/blank.gif\" alt=\"\" title=\"\" data-src=\"https:\/\/www.assoargr.fr\/wp-argr\/wp-content\/uploads\/2024\/06\/20240619_151735-scaled.jpg\" \/>\n\n\n\t<div class=\"ms-thumb\" ><div class=\"ms-tab-context\"><div class=&quot;ms-tab-context&quot;><\/div><\/div>\n<\/div>\n\t\t\t\t<\/div>\n\t\t\t\t<div  class=\"ms-slide\" data-delay=\"3\" data-fill-mode=\"fill\"  >\n\t\t\t\t\t<img decoding=\"async\" src=\"https:\/\/www.assoargr.fr\/wp-argr\/wp-content\/plugins\/master-slider\/public\/assets\/css\/blank.gif\" alt=\"\" title=\"\" data-src=\"https:\/\/www.assoargr.fr\/wp-argr\/wp-content\/uploads\/2024\/06\/20240619_151721-scaled.jpg\" \/>\n\n\n\t<div class=\"ms-thumb\" ><div class=\"ms-tab-context\"><div class=&quot;ms-tab-context&quot;><\/div><\/div>\n<\/div>\n\t\t\t\t<\/div>\n\t\t\t\t<div  class=\"ms-slide\" data-delay=\"3\" data-fill-mode=\"fill\"  >\n\t\t\t\t\t<img decoding=\"async\" src=\"https:\/\/www.assoargr.fr\/wp-argr\/wp-content\/plugins\/master-slider\/public\/assets\/css\/blank.gif\" alt=\"\" title=\"\" data-src=\"https:\/\/www.assoargr.fr\/wp-argr\/wp-content\/uploads\/2024\/06\/20240619_151631-scaled.jpg\" \/>\n\n\n\t<div class=\"ms-thumb\" ><div class=\"ms-tab-context\"><div class=&quot;ms-tab-context&quot;><\/div><\/div>\n<\/div>\n\t\t\t\t<\/div>\n\t\t\t\t<div  class=\"ms-slide\" data-delay=\"3\" data-fill-mode=\"fill\"  >\n\t\t\t\t\t<img decoding=\"async\" src=\"https:\/\/www.assoargr.fr\/wp-argr\/wp-content\/plugins\/master-slider\/public\/assets\/css\/blank.gif\" alt=\"\" title=\"\" data-src=\"https:\/\/www.assoargr.fr\/wp-argr\/wp-content\/uploads\/2024\/06\/20240619_151622-scaled.jpg\" \/>\n\n\n\t<div class=\"ms-thumb\" ><div class=\"ms-tab-context\"><div class=&quot;ms-tab-context&quot;><\/div><\/div>\n<\/div>\n\t\t\t\t<\/div>\n\t\t\t\t<div  class=\"ms-slide\" data-delay=\"3\" data-fill-mode=\"fill\"  >\n\t\t\t\t\t<img decoding=\"async\" src=\"https:\/\/www.assoargr.fr\/wp-argr\/wp-content\/plugins\/master-slider\/public\/assets\/css\/blank.gif\" alt=\"\" title=\"\" data-src=\"https:\/\/www.assoargr.fr\/wp-argr\/wp-content\/uploads\/2024\/06\/20240619_151557-scaled.jpg\" \/>\n\n\n\t<div class=\"ms-thumb\" ><div class=\"ms-tab-context\"><div class=&quot;ms-tab-context&quot;><\/div><\/div>\n<\/div>\n\t\t\t\t<\/div>\n\t\t\t\t<div  class=\"ms-slide\" data-delay=\"3\" data-fill-mode=\"fill\"  >\n\t\t\t\t\t<img decoding=\"async\" src=\"https:\/\/www.assoargr.fr\/wp-argr\/wp-content\/plugins\/master-slider\/public\/assets\/css\/blank.gif\" alt=\"\" title=\"\" data-src=\"https:\/\/www.assoargr.fr\/wp-argr\/wp-content\/uploads\/2024\/06\/20240619_151551-scaled.jpg\" \/>\n\n\n\t<div class=\"ms-thumb\" ><div class=\"ms-tab-context\"><div class=&quot;ms-tab-context&quot;><\/div><\/div>\n<\/div>\n\t\t\t\t<\/div>\n\t\t\t\t<div  class=\"ms-slide\" data-delay=\"3\" data-fill-mode=\"fill\"  >\n\t\t\t\t\t<img decoding=\"async\" src=\"https:\/\/www.assoargr.fr\/wp-argr\/wp-content\/plugins\/master-slider\/public\/assets\/css\/blank.gif\" alt=\"\" title=\"\" data-src=\"https:\/\/www.assoargr.fr\/wp-argr\/wp-content\/uploads\/2024\/06\/20240619_151541-scaled.jpg\" \/>\n\n\n\t<div class=\"ms-thumb\" ><div class=\"ms-tab-context\"><div class=&quot;ms-tab-context&quot;><\/div><\/div>\n<\/div>\n\t\t\t\t<\/div>\n\t\t\t\t<div  class=\"ms-slide\" data-delay=\"3\" data-fill-mode=\"fill\"  >\n\t\t\t\t\t<img decoding=\"async\" src=\"https:\/\/www.assoargr.fr\/wp-argr\/wp-content\/plugins\/master-slider\/public\/assets\/css\/blank.gif\" alt=\"\" title=\"\" data-src=\"https:\/\/www.assoargr.fr\/wp-argr\/wp-content\/uploads\/2024\/06\/20240619_151531-scaled.jpg\" \/>\n\n\n\t<div class=\"ms-thumb\" ><div class=\"ms-tab-context\"><div class=&quot;ms-tab-context&quot;><\/div><\/div>\n<\/div>\n\t\t\t\t<\/div>\n\t\t\t\t<div  class=\"ms-slide\" data-delay=\"3\" data-fill-mode=\"fill\"  >\n\t\t\t\t\t<img decoding=\"async\" src=\"https:\/\/www.assoargr.fr\/wp-argr\/wp-content\/plugins\/master-slider\/public\/assets\/css\/blank.gif\" alt=\"\" title=\"\" data-src=\"https:\/\/www.assoargr.fr\/wp-argr\/wp-content\/uploads\/2024\/06\/20240619_151524-scaled.jpg\" \/>\n\n\n\t<div class=\"ms-thumb\" ><div class=\"ms-tab-context\"><div class=&quot;ms-tab-context&quot;><\/div><\/div>\n<\/div>\n\t\t\t\t<\/div>\n\t\t\t\t<div  class=\"ms-slide\" data-delay=\"3\" data-fill-mode=\"fill\"  >\n\t\t\t\t\t<img decoding=\"async\" src=\"https:\/\/www.assoargr.fr\/wp-argr\/wp-content\/plugins\/master-slider\/public\/assets\/css\/blank.gif\" alt=\"\" title=\"\" data-src=\"https:\/\/www.assoargr.fr\/wp-argr\/wp-content\/uploads\/2024\/06\/20240619_151519-scaled.jpg\" \/>\n\n\n\t<div class=\"ms-thumb\" ><div class=\"ms-tab-context\"><div class=&quot;ms-tab-context&quot;><\/div><\/div>\n<\/div>\n\t\t\t\t<\/div>\n\n\t\t\t<\/div>\n\t\t\t<!-- END MasterSlider Main -->\n\n\t\t\t \n\t\t<\/div>\n\t\t<!-- END MasterSlider -->\n\n\t\t<script>\n\t\t(function ( $ ) {\n\t\t\t\"use strict\";\n\n\t\t\t$(function () {\n\t\t\t\tvar masterslider_7c6e = new MasterSlider();\n\n\t\t\t\t\/\/ slider controls\n\t\t\t\tmasterslider_7c6e.control('arrows'     ,{ autohide:true, overVideo:true , hideUnder:400 });\n\t\t\t\t\/\/ slider setup\n\t\t\t\tmasterslider_7c6e.setup(\"MS6682ba6f97c6e\", {\n\t\t\t\t\t\twidth           : 800,\n\t\t\t\t\t\theight          : 600,\n\t\t\t\t\t\tminHeight       : 0,\n\t\t\t\t\t\tspace           : 0,\n\t\t\t\t\t\tstart           : 1,\n\t\t\t\t\t\tgrabCursor      : true,\n\t\t\t\t\t\tswipe           : true,\n\t\t\t\t\t\tmouse           : true,\n\t\t\t\t\t\tlayout          : \"boxed\",\n\t\t\t\t\t\twheel           : true,\n\t\t\t\t\t\tautoplay        : false,\n\t\t\t\t\t\tinstantStartLayers:false,\n\t\t\t\t\t\tloop            : true,\n\t\t\t\t\t\tshuffle         : false,\n\t\t\t\t\t\tpreload         : 0,\n\t\t\t\t\t\theightLimit     : true,\n\t\t\t\t\t\tautoHeight      : true,\n\t\t\t\t\t\tsmoothHeight    : true,\n\t\t\t\t\t\tendPause        : false,\n\t\t\t\t\t\toverPause       : true,\n\t\t\t\t\t\tfillMode        : \"fill\",\n\t\t\t\t\t\tcenterControls  : true,\n\t\t\t\t\t\tstartOnAppear   : false,\n\t\t\t\t\t\tlayersMode      : \"center\",\n\t\t\t\t\t\thideLayers      : false,\n\t\t\t\t\t\tfullscreenMargin: 0,\n\t\t\t\t\t\tspeed           : 20,\n\t\t\t\t\t\tdir             : \"h\",\n\t\t\t\t\t\tparallaxMode    : 'swipe',\n\t\t\t\t\t\tview            : \"basic\"\n\t\t\t\t});\n\n\t\t\t\t\n\t\t\t\twindow.masterslider_instances = window.masterslider_instances || [];\n\t\t\t\twindow.masterslider_instances.push( masterslider_7c6e );\n\t\t\t });\n\n\t\t})(jQuery);\n\t\t<\/script>\n\n\n\n\n\n<hr class=\"wp-block-separator has-alpha-channel-opacity\"\/>\n\n\n\n<p><strong>COMPTE RENDU DE L\u2019ASSEMBLEE GENERALE<\/strong><\/p>\n\n\n\n<p><strong>DU MERCREDI 19 JUIN 2024.<\/strong><\/p>\n\n\n\n<p><strong><u>PRESENCE<\/u><\/strong><\/p>\n\n\n\n<p>Membres pr\u00e9sents&nbsp;&nbsp;&nbsp; 28&nbsp;&nbsp;&nbsp;&nbsp; &nbsp;&nbsp;&nbsp;&nbsp;&nbsp;&nbsp;&nbsp;&nbsp;&nbsp;&nbsp;&nbsp;&nbsp;Membres repr\u00e9sent\u00e9s &nbsp;&nbsp;&nbsp;&nbsp;33&nbsp;&nbsp;&nbsp;&nbsp;&nbsp;&nbsp;&nbsp;&nbsp;&nbsp;&nbsp;&nbsp;&nbsp;&nbsp;&nbsp;&nbsp;&nbsp;&nbsp;&nbsp;&nbsp;&nbsp;&nbsp; &nbsp;&nbsp;&nbsp;&nbsp;&nbsp;&nbsp;&nbsp;&nbsp;&nbsp;&nbsp;&nbsp;Membres inscrits&nbsp;&nbsp; &nbsp;&nbsp;100<\/p>\n\n\n\n<p>La tenue de cette AG en plein milieu d\u2019ann\u00e9e a \u00e9t\u00e9 coordonn\u00e9e avec la date tardive de la distribution des eaux de toilette, soit avec 6 mois de retard. Malgr\u00e9 tout, cette AG couvre la p\u00e9riode d\u2019activit\u00e9 de l\u2019association du 1<sup>er<\/sup> janvier au 31 d\u00e9cembre 2023.<\/p>\n\n\n\n<p><strong><u>RAPPORT D\u2019ACTIVITE 2023.<\/u><\/strong><\/p>\n\n\n\n<p>Marie-Christine Huan rappelle les activit\u00e9s.<\/p>\n\n\n\n<p><strong>&nbsp;&nbsp;&nbsp;&nbsp;&nbsp;&nbsp;&nbsp;&nbsp;&nbsp;&nbsp;&nbsp;&nbsp;&nbsp; \u00ab&nbsp;La vall\u00e9e de l\u2019Eure&nbsp;\u00bb circuit en car le 11 mai 2023.&nbsp;&nbsp;&nbsp;&nbsp;&nbsp;&nbsp;&nbsp;&nbsp;&nbsp;&nbsp;&nbsp;&nbsp;&nbsp;&nbsp;&nbsp;&nbsp;&nbsp;&nbsp;&nbsp;&nbsp;&nbsp;&nbsp;&nbsp;&nbsp;&nbsp;&nbsp;&nbsp;&nbsp;&nbsp;&nbsp;&nbsp;&nbsp;&nbsp;&nbsp;&nbsp;&nbsp;&nbsp;&nbsp;&nbsp;&nbsp;&nbsp;&nbsp;&nbsp;&nbsp;&nbsp;&nbsp;&nbsp;&nbsp;&nbsp;&nbsp;&nbsp;&nbsp;&nbsp;&nbsp;&nbsp;&nbsp;&nbsp;&nbsp;&nbsp;&nbsp;&nbsp;&nbsp;&nbsp;&nbsp;&nbsp;&nbsp;&nbsp;&nbsp;&nbsp;&nbsp;&nbsp;&nbsp;&nbsp;&nbsp;&nbsp;&nbsp;&nbsp;&nbsp;&nbsp;&nbsp;&nbsp;&nbsp;&nbsp;&nbsp;&nbsp;&nbsp;&nbsp;&nbsp;&nbsp;&nbsp;&nbsp;&nbsp;&nbsp;&nbsp;&nbsp;&nbsp;&nbsp;&nbsp;&nbsp;&nbsp;&nbsp;&nbsp;&nbsp;&nbsp;&nbsp;&nbsp;&nbsp;&nbsp;&nbsp;&nbsp;&nbsp;&nbsp; <\/strong>20 participants = visite de la chapelle Saint Louis \u00e0 Dreux suivie d\u2019un d\u00e9jeuner dans une salle sur le site puis visite guid\u00e9e du ch\u00e2teau d\u2019Anet, qui abrita les amours d\u2019Anne de Poitiers et du Roi Henri II.<\/p>\n\n\n\n<p><strong>&nbsp;&nbsp;&nbsp;&nbsp;&nbsp;&nbsp;&nbsp;&nbsp;&nbsp;&nbsp;&nbsp;&nbsp;&nbsp;&nbsp; Visite \u00e0 Paris de la maison de L\u2019UNESCO le 30 novembre 2023.&nbsp;&nbsp;&nbsp;&nbsp;&nbsp;&nbsp;&nbsp;&nbsp;&nbsp;&nbsp;&nbsp;&nbsp;&nbsp;&nbsp;&nbsp;&nbsp;&nbsp;&nbsp;&nbsp;&nbsp;&nbsp;&nbsp;&nbsp;&nbsp;&nbsp;&nbsp;&nbsp;&nbsp;&nbsp;&nbsp;&nbsp;&nbsp;&nbsp;&nbsp;&nbsp;&nbsp;&nbsp;&nbsp;&nbsp;&nbsp;&nbsp;&nbsp;&nbsp;&nbsp;&nbsp;&nbsp;&nbsp;&nbsp;&nbsp;&nbsp;&nbsp;&nbsp;&nbsp; <\/strong>31 participants ont suivi la visite guid\u00e9e pour d\u00e9couvrir le si\u00e8ge de l\u2019Agence Sp\u00e9cialis\u00e9e de l\u2019Organisation des Nations Unies (ONU) depuis 1968. &nbsp;&nbsp;&nbsp;&nbsp;&nbsp;&nbsp;&nbsp;&nbsp;&nbsp;&nbsp;&nbsp;&nbsp;&nbsp;&nbsp;&nbsp;&nbsp;&nbsp;&nbsp;&nbsp;&nbsp;&nbsp;&nbsp;&nbsp;&nbsp;&nbsp;&nbsp;&nbsp;&nbsp;&nbsp;&nbsp;&nbsp;&nbsp;&nbsp;&nbsp;&nbsp;&nbsp;&nbsp;&nbsp;&nbsp;&nbsp;&nbsp;&nbsp;&nbsp;&nbsp;&nbsp;&nbsp;&nbsp;&nbsp;&nbsp;&nbsp;&nbsp;&nbsp;&nbsp;&nbsp;&nbsp;&nbsp;&nbsp;&nbsp;&nbsp;&nbsp;&nbsp;&nbsp;&nbsp;&nbsp;&nbsp;&nbsp;&nbsp;&nbsp;&nbsp;&nbsp;&nbsp;&nbsp;&nbsp;&nbsp;&nbsp;&nbsp;&nbsp;&nbsp;&nbsp;&nbsp;&nbsp;&nbsp;&nbsp;&nbsp;&nbsp;&nbsp;&nbsp;&nbsp;&nbsp;&nbsp;&nbsp;&nbsp;&nbsp;&nbsp;&nbsp;&nbsp;&nbsp;&nbsp;&nbsp;&nbsp;&nbsp;&nbsp;&nbsp;&nbsp;&nbsp;&nbsp;&nbsp;&nbsp;&nbsp;&nbsp;&nbsp;&nbsp;&nbsp;&nbsp;&nbsp;&nbsp;&nbsp;&nbsp;&nbsp;&nbsp;&nbsp;&nbsp;&nbsp;&nbsp;&nbsp;Visite suivie d\u2019un d\u00e9jeuner dans un restaurant situ\u00e9 \u00e0 c\u00f4t\u00e9 de l\u2019Ecole Militaire.<\/p>\n\n\n\n<p><strong>&nbsp;&nbsp;&nbsp;&nbsp;&nbsp;&nbsp;&nbsp;&nbsp;&nbsp;&nbsp;&nbsp;&nbsp;&nbsp;&nbsp; Distribution du colis aux plus anciens&nbsp;en d\u00e9cembre 2023.&nbsp;&nbsp;&nbsp;&nbsp;&nbsp;&nbsp;&nbsp;&nbsp;&nbsp;&nbsp;&nbsp;&nbsp;&nbsp;&nbsp;&nbsp;&nbsp;&nbsp;&nbsp;&nbsp;&nbsp;&nbsp;&nbsp;&nbsp;&nbsp;&nbsp;&nbsp;&nbsp;&nbsp;&nbsp;&nbsp;&nbsp;&nbsp;&nbsp;&nbsp;&nbsp;&nbsp;&nbsp;&nbsp;&nbsp;&nbsp;&nbsp;&nbsp;&nbsp;&nbsp;&nbsp;&nbsp;&nbsp;&nbsp;&nbsp;&nbsp;&nbsp;&nbsp;&nbsp;&nbsp;&nbsp;&nbsp;&nbsp;&nbsp;&nbsp;&nbsp;&nbsp;&nbsp;&nbsp;&nbsp;&nbsp;&nbsp;&nbsp;&nbsp;&nbsp;&nbsp;&nbsp;&nbsp;&nbsp;&nbsp;&nbsp;&nbsp;&nbsp;&nbsp;&nbsp;&nbsp;&nbsp;&nbsp;&nbsp;&nbsp;&nbsp; <\/strong>49 colis ont \u00e9t\u00e9 envoy\u00e9s aux membres de l\u2019Association ayant 75 ans et plus.<\/p>\n\n\n\n<p><strong>Distribution aux membres pr\u00e9sents \u00e0 l\u2019AG d\u2019un canif grav\u00e9 ARGR, petit outil pouvant \u00eatre utile au quotidien.<\/strong><\/p>\n\n\n\n<p><strong>Ce rapport d\u2019activit\u00e9 n\u2019a entra\u00een\u00e9 aucune remarque et a \u00e9t\u00e9 adopt\u00e9 \u00e0 l\u2019unanimit\u00e9.<\/strong><\/p>\n\n\n\n<p><strong><u>RAPPORT FINANCIER<\/u><\/strong><\/p>\n\n\n\n<p>Patrice Defontenay fait la lecture du rapport financier pour 2023.&nbsp;&nbsp;&nbsp;&nbsp;&nbsp;&nbsp;&nbsp;&nbsp;&nbsp;&nbsp;&nbsp;&nbsp;&nbsp;&nbsp;&nbsp;&nbsp;&nbsp;&nbsp;&nbsp;&nbsp;&nbsp;&nbsp;&nbsp;&nbsp;&nbsp;&nbsp;&nbsp;&nbsp;&nbsp;&nbsp;&nbsp;&nbsp;&nbsp;&nbsp;&nbsp;&nbsp;&nbsp;&nbsp;&nbsp;&nbsp;&nbsp;&nbsp;&nbsp;&nbsp;&nbsp;&nbsp;&nbsp;&nbsp;&nbsp;&nbsp;&nbsp;&nbsp;&nbsp;&nbsp;&nbsp;&nbsp;&nbsp;&nbsp;&nbsp;&nbsp;&nbsp;&nbsp;&nbsp;&nbsp; Les d\u00e9penses s\u2019\u00e9l\u00e8vent \u00e0 9633 \u20ac, les recettes \u00e0 8606 \u20ac. L\u2019Association dispose de 19240 \u20ac.&nbsp;&nbsp;&nbsp;&nbsp; &nbsp;&nbsp;&nbsp;&nbsp;&nbsp;&nbsp;&nbsp;&nbsp;&nbsp;&nbsp;&nbsp;&nbsp;&nbsp;&nbsp;&nbsp;&nbsp;&nbsp;&nbsp;&nbsp;Nous remercions sinc\u00e8rement la Soci\u00e9t\u00e9 Givaudan pour sa subvention annuelle de 5000 \u20ac. &nbsp;&nbsp;&nbsp;&nbsp;&nbsp;&nbsp;&nbsp;&nbsp;&nbsp;&nbsp;&nbsp;&nbsp;&nbsp;&nbsp;&nbsp;&nbsp;&nbsp;&nbsp;&nbsp;<strong>Ce rapport d\u2019activit\u00e9 n\u2019a entrain\u00e9 aucune remarque et a \u00e9t\u00e9 adopt\u00e9 \u00e0 l\u2019unanimit\u00e9.<\/strong><\/p>\n\n\n\n<p><strong><u>DIVERS.<\/u><\/strong><\/p>\n\n\n\n<p>La grande difficult\u00e9 de l\u2019Association est de proposer des activit\u00e9s \/sorties qui captent un maximum de membres. Nous savons que les retrait\u00e9s ont en g\u00e9n\u00e9ral une vie bien remplie&nbsp;: familiale, culturelle, touristique, sociale\u2026.et on aimerait proposer des \u00e9v\u00e9nements qui agr\u00e9ent \u00e0 un maximum de participants.<\/p>\n\n\n\n<p><strong><u>PROPOSITIONS&nbsp;:<\/u><\/strong><\/p>\n\n\n\n<ul class=\"wp-block-list\">\n<li><strong>Cabaret \u00ab&nbsp;Paradis Latin&nbsp;\u00bb&nbsp;:<\/strong><strong> <\/strong>une trentaine de places ont \u00e9t\u00e9 r\u00e9serv\u00e9es d\u00e8s l\u2019AG par Martine Lallement pour le <strong>d\u00e9jeuner spectacle<\/strong> <strong><u>du jeudi 28 novembre 2024.<\/u><\/strong><\/li>\n<\/ul>\n\n\n\n<ul class=\"wp-block-list\">\n<li><strong>Sortie sur 1 journ\u00e9e au \u00ab&nbsp;Clos Luc\u00e9&nbsp;\u00bb \u00e0 Amboise, propos\u00e9e par Bernard Fargeas, dates possibles selon les r\u00e9ponses des int\u00e9ress\u00e9s, les 10, 11 ou 12 septembre 2024.<\/strong><\/li>\n<\/ul>\n\n\n\n<p>Exposition \u00ab L\u00e9onard de Vinci et les parfums de la Renaissance \u00bb, au ch\u00e2teau du Clos Luc\u00e9&nbsp;&nbsp;&nbsp;&nbsp;&nbsp;&nbsp;&nbsp;&nbsp;&nbsp;&nbsp;&nbsp;&nbsp;&nbsp;&nbsp;&nbsp;&nbsp;&nbsp;&nbsp;&nbsp;&nbsp;&nbsp;&nbsp;&nbsp;&nbsp;&nbsp;&nbsp;&nbsp;&nbsp;&nbsp;&nbsp;&nbsp;&nbsp;&nbsp;&nbsp;&nbsp;&nbsp;&nbsp;&nbsp;&nbsp;&nbsp;&nbsp;&nbsp;&nbsp;&nbsp;&nbsp;&nbsp;&nbsp;&nbsp;&nbsp;&nbsp;&nbsp;&nbsp;&nbsp;&nbsp;&nbsp;&nbsp;&nbsp;&nbsp;&nbsp;&nbsp;&nbsp;&nbsp;&nbsp;&nbsp;&nbsp;&nbsp;&nbsp;&nbsp;&nbsp;&nbsp;&nbsp;&nbsp;&nbsp;&nbsp;&nbsp;&nbsp;&nbsp;&nbsp;&nbsp;&nbsp;&nbsp;&nbsp;&nbsp;&nbsp;&nbsp;&nbsp;&nbsp;&nbsp;&nbsp;&nbsp;&nbsp; Du 7 juin au 15 septembre 2024, le ch\u00e2teau du Clos Luc\u00e9 ouvrira ses portes \u00e0 une exposition multisensorielle intitul\u00e9e \u00ab&nbsp;L\u00e9onard de Vinci et les parfums \u00e0 la Renaissance \u00bb. Organis\u00e9e par les commissaires Carlo Vecce et Pascal Brioist, sp\u00e9cialistes de L\u00e9onard de Vinci, cette exposition in\u00e9dite explore l\u2019int\u00e9r\u00eat de l\u2019artiste pour les parfums et leur \u00e9laboration. Elle met en lumi\u00e8re l\u2019h\u00e9ritage culturel de sa m\u00e8re Caterina, esclave affranchie originaire d\u2019Orient, qui a profond\u00e9ment influenc\u00e9 sa vie et son \u0153uvre. &nbsp;&nbsp;<strong><em><u>La maison de composition Givaudan est partenaire de cette exposition.<\/u><\/em><\/strong><\/p>\n\n\n\n<ul class=\"wp-block-list\">\n<li><strong>Sortie sur 2 jours \u00e0 Reims<\/strong> <strong>et sa r\u00e9gion <\/strong>(p\u00e9riode \u00e0 d\u00e9terminer)&nbsp;: visite du centre-ville et d\u2019une cave de Champagne\u2026<\/li>\n<\/ul>\n\n\n\n<ul class=\"wp-block-list\">\n<li><strong>En avril ou mai 2025= <\/strong>voyage de 3 ou 4 jours en Hollande en p\u00e9riode des champs de tulipes<\/li>\n<\/ul>\n\n\n\n<p>On aurait voulu vous proposer =<\/p>\n\n\n\n<ul class=\"wp-block-list\">\n<li><strong>Th\u00e9\u00e2tre du CHATELET \u00e0 Paris<\/strong>&nbsp;: Proposition qui aurait pu int\u00e9resser mais le spectacle&nbsp;<strong>: com\u00e9die musicale \u00ab&nbsp;Les Mis\u00e9rables&nbsp;\u00bb<\/strong> a \u00e9t\u00e9 pris d\u2019assaut et il ne reste que des places \u00e0 visibilit\u00e9 r\u00e9duite\u2026<\/li>\n<\/ul>\n\n\n\n<p>Il a \u00e9t\u00e9 \u00e0 nouveau \u00e9voqu\u00e9 l\u2019abaissement de l\u2019\u00e2ge des ayants droit au colis de fin d\u2019ann\u00e9e &nbsp;&nbsp;&nbsp;&nbsp;&nbsp;(75 ans actuellement). L\u2019assembl\u00e9e semblait pr\u00e9f\u00e9rer des sorties.<\/p>\n\n\n\n<p>Quelques nouvelles de membres de l\u2019association ont \u00e9t\u00e9 partag\u00e9es. Malheureusement plusieurs d\u00e9c\u00e8s sont \u00e0 d\u00e9plorer&nbsp;: Brigitte Boudias en 2023 et tout r\u00e9cemment&nbsp;: Jean-Michel Le Person, Michel Cano, Francis Pallec, G\u00e9rard Pelpel et Fran\u00e7oise Marin.<\/p>\n\n\n\n<p>L\u2019AG s\u2019est termin\u00e9e par le traditionnel pot o\u00f9 malheureusement nous \u00e9tions peu nombreux.<\/p>\n\n\n\n<p>Le Bureau<\/p>\n\n\n\n<p><strong>PS&nbsp;: Le bureau se fait vieillissant, il serait bien de l\u2019\u00e9toffer de nouveaux membres plus jeunes en vue d\u2019une rel\u00e8ve future\u2026n\u2019h\u00e9sitez pas \u00e0 vous faire conna\u00eetre.<\/strong><\/p>\n","protected":false},"excerpt":{"rendered":"<p>COMPTE RENDU DE L\u2019ASSEMBLEE GENERALE DU MERCREDI 19 JUIN 2024. PRESENCE Membres pr\u00e9sents&nbsp;&nbsp;&nbsp; 28&nbsp;&nbsp;&nbsp;&nbsp; &nbsp;&nbsp;&nbsp;&nbsp;&nbsp;&nbsp;&nbsp;&nbsp;&nbsp;&nbsp;&nbsp;&nbsp;Membres repr\u00e9sent\u00e9s &nbsp;&nbsp;&nbsp;&nbsp;33&nbsp;&nbsp;&nbsp;&nbsp;&nbsp;&nbsp;&nbsp;&nbsp;&nbsp;&nbsp;&nbsp;&nbsp;&nbsp;&nbsp;&nbsp;&nbsp;&nbsp;&nbsp;&nbsp;&nbsp;&nbsp; &nbsp;&nbsp;&nbsp;&nbsp;&nbsp;&nbsp;&nbsp;&nbsp;&nbsp;&nbsp;&nbsp;Membres inscrits&nbsp;&nbsp; &nbsp;&nbsp;100 La tenue de cette AG en plein milieu d\u2019ann\u00e9e a \u00e9t\u00e9 coordonn\u00e9e avec la date tardive de la distribution des eaux de toilette, soit avec 6 mois de retard. Malgr\u00e9 tout, cette AG couvre la&hellip;<\/p>\n","protected":false},"author":1,"featured_media":0,"parent":0,"menu_order":0,"comment_status":"closed","ping_status":"closed","template":"","meta":{"footnotes":""},"class_list":["post-1996","page","type-page","status-publish","hentry","entry","no-media"],"_links":{"self":[{"href":"https:\/\/www.assoargr.fr\/wp-argr\/wp-json\/wp\/v2\/pages\/1996"}],"collection":[{"href":"https:\/\/www.assoargr.fr\/wp-argr\/wp-json\/wp\/v2\/pages"}],"about":[{"href":"https:\/\/www.assoargr.fr\/wp-argr\/wp-json\/wp\/v2\/types\/page"}],"author":[{"embeddable":true,"href":"https:\/\/www.assoargr.fr\/wp-argr\/wp-json\/wp\/v2\/users\/1"}],"replies":[{"embeddable":true,"href":"https:\/\/www.assoargr.fr\/wp-argr\/wp-json\/wp\/v2\/comments?post=1996"}],"version-history":[{"count":3,"href":"https:\/\/www.assoargr.fr\/wp-argr\/wp-json\/wp\/v2\/pages\/1996\/revisions"}],"predecessor-version":[{"id":2000,"href":"https:\/\/www.assoargr.fr\/wp-argr\/wp-json\/wp\/v2\/pages\/1996\/revisions\/2000"}],"wp:attachment":[{"href":"https:\/\/www.assoargr.fr\/wp-argr\/wp-json\/wp\/v2\/media?parent=1996"}],"curies":[{"name":"wp","href":"https:\/\/api.w.org\/{rel}","templated":true}]}}