{"id":1979,"date":"2024-03-21T10:20:01","date_gmt":"2024-03-21T09:20:01","guid":{"rendered":"https:\/\/www.assoargr.fr\/wp-argr\/?page_id=1979"},"modified":"2024-03-21T10:25:01","modified_gmt":"2024-03-21T09:25:01","slug":"zingaro-17-mars-2024","status":"publish","type":"page","link":"https:\/\/www.assoargr.fr\/wp-argr\/zingaro-17-mars-2024\/","title":{"rendered":"Zingaro (17 mars 2024)"},"content":{"rendered":"\n<figure class=\"wp-block-image size-full\"><img loading=\"lazy\" decoding=\"async\" width=\"1000\" height=\"293\" src=\"http:\/\/www.assoargr.fr\/wp-argr\/wp-content\/uploads\/2024\/03\/cheval.png\" alt=\"\" class=\"wp-image-1965\" srcset=\"https:\/\/www.assoargr.fr\/wp-argr\/wp-content\/uploads\/2024\/03\/cheval.png 1000w, https:\/\/www.assoargr.fr\/wp-argr\/wp-content\/uploads\/2024\/03\/cheval-300x88.png 300w, https:\/\/www.assoargr.fr\/wp-argr\/wp-content\/uploads\/2024\/03\/cheval-768x225.png 768w\" sizes=\"(max-width: 1000px) 100vw, 1000px\" \/><\/figure>\n\n\n\n<div class=\"wp-block-columns is-layout-flex wp-container-core-columns-is-layout-1 wp-block-columns-is-layout-flex\">\n<div class=\"wp-block-column is-layout-flow wp-block-column-is-layout-flow\">\n<figure class=\"wp-block-image size-full\"><img loading=\"lazy\" decoding=\"async\" width=\"380\" height=\"600\" src=\"http:\/\/www.assoargr.fr\/wp-argr\/wp-content\/uploads\/2024\/03\/affiche.png\" alt=\"\" class=\"wp-image-1966\" srcset=\"https:\/\/www.assoargr.fr\/wp-argr\/wp-content\/uploads\/2024\/03\/affiche.png 380w, https:\/\/www.assoargr.fr\/wp-argr\/wp-content\/uploads\/2024\/03\/affiche-190x300.png 190w\" sizes=\"(max-width: 380px) 100vw, 380px\" \/><\/figure>\n<\/div>\n\n\n\n<div class=\"wp-block-column is-layout-flow wp-block-column-is-layout-flow\">\n<pre class=\"wp-block-code\"><code><strong>Un hommage aux femmes persanes<\/strong><\/code><\/pre>\n\n\n\n<p>Pour le troisi\u00e8me volet du Cabaret de l\u2019exil, Bartabas rend hommage aux femmes persanes.<\/p>\n\n\n\n<p>Qu\u2019elles soient afghanes ou iraniennes, elles sont aussi des artistes en exil. R\u00e9sistantes et r\u00e9volt\u00e9es, elles revendiquent leur identit\u00e9 et convoquent la m\u00e9moire ancestrale ; celle de l\u2019antique civilisation scythe fond\u00e9e sur le matriarcat. Chez ce peuple nomade le cheval fut \u00e0 l\u2019origine de la remarquable \u00e9galit\u00e9 entre les genres ; chevaucher de longues distances et encourager sa monture au combat fut l\u2019apanage des femmes autant que des hommes, il en \u00e9tait de m\u00eame pour la pratique des arts.<\/p>\n\n\n\n<p>Une invitation au voyage \u00e0 d\u00e9couvrir fraternellement autour d\u2019un verre, au Fort d\u2019Aubervilliers dans un Th\u00e9\u00e2tre Equestre Zingaro toujours r\u00e9invent\u00e9.<\/p>\n<\/div>\n<\/div>\n\n\n\n<div class=\"wp-block-columns is-layout-flex wp-container-core-columns-is-layout-2 wp-block-columns-is-layout-flex\">\n<div class=\"wp-block-column is-layout-flow wp-block-column-is-layout-flow\">\n<p><\/p>\n\n\n\n<div style=\"height:100px\" aria-hidden=\"true\" class=\"wp-block-spacer\"><\/div>\n\n\n\n<p><strong>Un magnifique spectacle plein de sensibilit\u00e9, de po\u00e9sie et de nostalgie<\/strong><\/p>\n<\/div>\n\n\n\n<div class=\"wp-block-column is-layout-flow wp-block-column-is-layout-flow\">\n<figure class=\"wp-block-image size-full\"><img loading=\"lazy\" decoding=\"async\" width=\"600\" height=\"400\" src=\"http:\/\/www.assoargr.fr\/wp-argr\/wp-content\/uploads\/2024\/03\/theatre.png\" alt=\"\" class=\"wp-image-1967\" srcset=\"https:\/\/www.assoargr.fr\/wp-argr\/wp-content\/uploads\/2024\/03\/theatre.png 600w, https:\/\/www.assoargr.fr\/wp-argr\/wp-content\/uploads\/2024\/03\/theatre-300x200.png 300w\" sizes=\"(max-width: 600px) 100vw, 600px\" \/><\/figure>\n<\/div>\n<\/div>\n\n\n\n<p><\/p>\n","protected":false},"excerpt":{"rendered":"<p>Pour le troisi\u00e8me volet du Cabaret de l\u2019exil, Bartabas rend hommage aux femmes persanes. Qu\u2019elles soient afghanes ou iraniennes, elles sont aussi des artistes en exil. R\u00e9sistantes et r\u00e9volt\u00e9es, elles revendiquent leur identit\u00e9 et convoquent la m\u00e9moire ancestrale ; celle de l\u2019antique civilisation scythe fond\u00e9e sur le matriarcat. Chez ce peuple nomade le cheval fut&hellip;<\/p>\n","protected":false},"author":1,"featured_media":0,"parent":0,"menu_order":0,"comment_status":"closed","ping_status":"closed","template":"","meta":{"footnotes":""},"class_list":["post-1979","page","type-page","status-publish","hentry","entry","no-media"],"_links":{"self":[{"href":"https:\/\/www.assoargr.fr\/wp-argr\/wp-json\/wp\/v2\/pages\/1979"}],"collection":[{"href":"https:\/\/www.assoargr.fr\/wp-argr\/wp-json\/wp\/v2\/pages"}],"about":[{"href":"https:\/\/www.assoargr.fr\/wp-argr\/wp-json\/wp\/v2\/types\/page"}],"author":[{"embeddable":true,"href":"https:\/\/www.assoargr.fr\/wp-argr\/wp-json\/wp\/v2\/users\/1"}],"replies":[{"embeddable":true,"href":"https:\/\/www.assoargr.fr\/wp-argr\/wp-json\/wp\/v2\/comments?post=1979"}],"version-history":[{"count":3,"href":"https:\/\/www.assoargr.fr\/wp-argr\/wp-json\/wp\/v2\/pages\/1979\/revisions"}],"predecessor-version":[{"id":1983,"href":"https:\/\/www.assoargr.fr\/wp-argr\/wp-json\/wp\/v2\/pages\/1979\/revisions\/1983"}],"wp:attachment":[{"href":"https:\/\/www.assoargr.fr\/wp-argr\/wp-json\/wp\/v2\/media?parent=1979"}],"curies":[{"name":"wp","href":"https:\/\/api.w.org\/{rel}","templated":true}]}}