{"id":1940,"date":"2023-05-14T08:30:56","date_gmt":"2023-05-14T07:30:56","guid":{"rendered":"https:\/\/www.assoargr.fr\/wp-argr\/?page_id=1940"},"modified":"2023-05-14T18:52:27","modified_gmt":"2023-05-14T17:52:27","slug":"la-vallee-de-leure-11-05-2023","status":"publish","type":"page","link":"https:\/\/www.assoargr.fr\/wp-argr\/la-vallee-de-leure-11-05-2023\/","title":{"rendered":"La vall\u00e9e de l&rsquo;Eure (11\/05\/2023)"},"content":{"rendered":"\n<p><strong>Le domaine royal de Dreux<\/strong><\/p>\n\n\n\n<p>Le Domaine Royal de Dreux est un domaine historique situ\u00e9 \u00e0 Dreux, en France. Il est connu pour abriter la Chapelle Royale de Dreux, qui est le lieu de s\u00e9pulture de plusieurs membres de la famille d&rsquo;Orl\u00e9ans, une branche de la famille royale fran\u00e7aise.<\/p>\n\n\n\n<p>La Chapelle Royale de Dreux a \u00e9t\u00e9 construite au XIXe si\u00e8cle dans un style n\u00e9o-gothique et a \u00e9t\u00e9 con\u00e7ue comme le lieu de repos final pour la famille d&rsquo;Orl\u00e9ans. Elle abrite les tombes de Louis-Philippe Ier, le dernier roi des Fran\u00e7ais, ainsi que de nombreux autres membres de la famille, y compris des princes, des princesses et des enfants.<\/p>\n\n\n\n<p>Outre la chapelle, le domaine comprend \u00e9galement un parc paysager de 21 hectares, qui offre de magnifiques promenades et des espaces verts. Le parc est ouvert au public et constitue un endroit agr\u00e9able pour se d\u00e9tendre et profiter de la nature.<\/p>\n\n\n\n<p>Le Domaine Royal de Dreux est un lieu charg\u00e9 d&rsquo;histoire et constitue une visite int\u00e9ressante pour ceux qui s&rsquo;int\u00e9ressent \u00e0 la monarchie fran\u00e7aise et \u00e0 son h\u00e9ritage. <\/p>\n\n\n\n<p>(Ecrit par chatGPT)<\/p>\n\n\n\n<div class=\"wp-block-columns is-layout-flex wp-container-core-columns-is-layout-1 wp-block-columns-is-layout-flex\">\n<div class=\"wp-block-column is-layout-flow wp-block-column-is-layout-flow\">\n<figure class=\"wp-block-image size-large\"><img loading=\"lazy\" decoding=\"async\" width=\"768\" height=\"1024\" src=\"http:\/\/www.assoargr.fr\/wp-argr\/wp-content\/uploads\/2023\/05\/IMG_20230511_111429-768x1024.jpg\" alt=\"\" class=\"wp-image-1941\" srcset=\"https:\/\/www.assoargr.fr\/wp-argr\/wp-content\/uploads\/2023\/05\/IMG_20230511_111429-768x1024.jpg 768w, https:\/\/www.assoargr.fr\/wp-argr\/wp-content\/uploads\/2023\/05\/IMG_20230511_111429-225x300.jpg 225w, https:\/\/www.assoargr.fr\/wp-argr\/wp-content\/uploads\/2023\/05\/IMG_20230511_111429-1152x1536.jpg 1152w, https:\/\/www.assoargr.fr\/wp-argr\/wp-content\/uploads\/2023\/05\/IMG_20230511_111429-1536x2048.jpg 1536w, https:\/\/www.assoargr.fr\/wp-argr\/wp-content\/uploads\/2023\/05\/IMG_20230511_111429-scaled.jpg 1920w\" sizes=\"(max-width: 768px) 100vw, 768px\" \/><\/figure>\n<\/div>\n\n\n\n<div class=\"wp-block-column is-layout-flow wp-block-column-is-layout-flow\">\n<figure class=\"wp-block-image size-large\"><img loading=\"lazy\" decoding=\"async\" width=\"768\" height=\"1024\" src=\"http:\/\/www.assoargr.fr\/wp-argr\/wp-content\/uploads\/2023\/05\/IMG_20230511_111442-768x1024.jpg\" alt=\"\" class=\"wp-image-1943\" srcset=\"https:\/\/www.assoargr.fr\/wp-argr\/wp-content\/uploads\/2023\/05\/IMG_20230511_111442-768x1024.jpg 768w, https:\/\/www.assoargr.fr\/wp-argr\/wp-content\/uploads\/2023\/05\/IMG_20230511_111442-225x300.jpg 225w, https:\/\/www.assoargr.fr\/wp-argr\/wp-content\/uploads\/2023\/05\/IMG_20230511_111442-1152x1536.jpg 1152w, https:\/\/www.assoargr.fr\/wp-argr\/wp-content\/uploads\/2023\/05\/IMG_20230511_111442-1536x2048.jpg 1536w, https:\/\/www.assoargr.fr\/wp-argr\/wp-content\/uploads\/2023\/05\/IMG_20230511_111442-scaled.jpg 1920w\" sizes=\"(max-width: 768px) 100vw, 768px\" \/><\/figure>\n<\/div>\n\n\n\n<div class=\"wp-block-column is-layout-flow wp-block-column-is-layout-flow\">\n<figure class=\"wp-block-image size-large\"><img loading=\"lazy\" decoding=\"async\" width=\"768\" height=\"1024\" src=\"http:\/\/www.assoargr.fr\/wp-argr\/wp-content\/uploads\/2023\/05\/IMG_20230511_111437-768x1024.jpg\" alt=\"\" class=\"wp-image-1942\" srcset=\"https:\/\/www.assoargr.fr\/wp-argr\/wp-content\/uploads\/2023\/05\/IMG_20230511_111437-768x1024.jpg 768w, https:\/\/www.assoargr.fr\/wp-argr\/wp-content\/uploads\/2023\/05\/IMG_20230511_111437-225x300.jpg 225w, https:\/\/www.assoargr.fr\/wp-argr\/wp-content\/uploads\/2023\/05\/IMG_20230511_111437-1152x1536.jpg 1152w, https:\/\/www.assoargr.fr\/wp-argr\/wp-content\/uploads\/2023\/05\/IMG_20230511_111437-1536x2048.jpg 1536w, https:\/\/www.assoargr.fr\/wp-argr\/wp-content\/uploads\/2023\/05\/IMG_20230511_111437-scaled.jpg 1920w\" sizes=\"(max-width: 768px) 100vw, 768px\" \/><\/figure>\n<\/div>\n<\/div>\n\n\n\n<div class=\"wp-block-columns is-layout-flex wp-container-core-columns-is-layout-2 wp-block-columns-is-layout-flex\">\n<div class=\"wp-block-column is-layout-flow wp-block-column-is-layout-flow\"><div class=\"wp-block-image\">\n<figure class=\"alignleft size-large\"><img loading=\"lazy\" decoding=\"async\" width=\"768\" height=\"1024\" src=\"http:\/\/www.assoargr.fr\/wp-argr\/wp-content\/uploads\/2023\/05\/IMG_20230511_113127-768x1024.jpg\" alt=\"\" class=\"wp-image-1945\" srcset=\"https:\/\/www.assoargr.fr\/wp-argr\/wp-content\/uploads\/2023\/05\/IMG_20230511_113127-768x1024.jpg 768w, https:\/\/www.assoargr.fr\/wp-argr\/wp-content\/uploads\/2023\/05\/IMG_20230511_113127-225x300.jpg 225w, https:\/\/www.assoargr.fr\/wp-argr\/wp-content\/uploads\/2023\/05\/IMG_20230511_113127-1152x1536.jpg 1152w, https:\/\/www.assoargr.fr\/wp-argr\/wp-content\/uploads\/2023\/05\/IMG_20230511_113127-1536x2048.jpg 1536w, https:\/\/www.assoargr.fr\/wp-argr\/wp-content\/uploads\/2023\/05\/IMG_20230511_113127-scaled.jpg 1920w\" sizes=\"(max-width: 768px) 100vw, 768px\" \/><\/figure><\/div><\/div>\n\n\n\n<div class=\"wp-block-column is-layout-flow wp-block-column-is-layout-flow\"><div class=\"wp-block-image\">\n<figure class=\"alignright size-large\"><img loading=\"lazy\" decoding=\"async\" width=\"768\" height=\"1024\" src=\"http:\/\/www.assoargr.fr\/wp-argr\/wp-content\/uploads\/2023\/05\/IMG_20230511_111924-768x1024.jpg\" alt=\"\" class=\"wp-image-1944\" srcset=\"https:\/\/www.assoargr.fr\/wp-argr\/wp-content\/uploads\/2023\/05\/IMG_20230511_111924-768x1024.jpg 768w, https:\/\/www.assoargr.fr\/wp-argr\/wp-content\/uploads\/2023\/05\/IMG_20230511_111924-225x300.jpg 225w, https:\/\/www.assoargr.fr\/wp-argr\/wp-content\/uploads\/2023\/05\/IMG_20230511_111924-1152x1536.jpg 1152w, https:\/\/www.assoargr.fr\/wp-argr\/wp-content\/uploads\/2023\/05\/IMG_20230511_111924-1536x2048.jpg 1536w, https:\/\/www.assoargr.fr\/wp-argr\/wp-content\/uploads\/2023\/05\/IMG_20230511_111924-scaled.jpg 1920w\" sizes=\"(max-width: 768px) 100vw, 768px\" \/><\/figure><\/div><\/div>\n<\/div>\n\n\n\n<div class=\"wp-block-columns is-layout-flex wp-container-core-columns-is-layout-3 wp-block-columns-is-layout-flex\">\n<div class=\"wp-block-column is-layout-flow wp-block-column-is-layout-flow\">\n<figure class=\"wp-block-image size-large\"><img loading=\"lazy\" decoding=\"async\" width=\"1024\" height=\"768\" src=\"http:\/\/www.assoargr.fr\/wp-argr\/wp-content\/uploads\/2023\/05\/IMG_20230511_113208-1024x768.jpg\" alt=\"\" class=\"wp-image-1946\" srcset=\"https:\/\/www.assoargr.fr\/wp-argr\/wp-content\/uploads\/2023\/05\/IMG_20230511_113208-1024x768.jpg 1024w, https:\/\/www.assoargr.fr\/wp-argr\/wp-content\/uploads\/2023\/05\/IMG_20230511_113208-300x225.jpg 300w, https:\/\/www.assoargr.fr\/wp-argr\/wp-content\/uploads\/2023\/05\/IMG_20230511_113208-768x576.jpg 768w, https:\/\/www.assoargr.fr\/wp-argr\/wp-content\/uploads\/2023\/05\/IMG_20230511_113208-1536x1152.jpg 1536w, https:\/\/www.assoargr.fr\/wp-argr\/wp-content\/uploads\/2023\/05\/IMG_20230511_113208-2048x1536.jpg 2048w\" sizes=\"(max-width: 1024px) 100vw, 1024px\" \/><\/figure>\n<\/div>\n\n\n\n<div class=\"wp-block-column is-layout-flow wp-block-column-is-layout-flow\">\n<figure class=\"wp-block-image size-large\"><img loading=\"lazy\" decoding=\"async\" width=\"1024\" height=\"768\" src=\"http:\/\/www.assoargr.fr\/wp-argr\/wp-content\/uploads\/2023\/05\/IMG_20230511_113611-1024x768.jpg\" alt=\"\" class=\"wp-image-1947\" srcset=\"https:\/\/www.assoargr.fr\/wp-argr\/wp-content\/uploads\/2023\/05\/IMG_20230511_113611-1024x768.jpg 1024w, https:\/\/www.assoargr.fr\/wp-argr\/wp-content\/uploads\/2023\/05\/IMG_20230511_113611-300x225.jpg 300w, https:\/\/www.assoargr.fr\/wp-argr\/wp-content\/uploads\/2023\/05\/IMG_20230511_113611-768x576.jpg 768w, https:\/\/www.assoargr.fr\/wp-argr\/wp-content\/uploads\/2023\/05\/IMG_20230511_113611-1536x1152.jpg 1536w, https:\/\/www.assoargr.fr\/wp-argr\/wp-content\/uploads\/2023\/05\/IMG_20230511_113611-2048x1536.jpg 2048w\" sizes=\"(max-width: 1024px) 100vw, 1024px\" \/><\/figure>\n<\/div>\n<\/div>\n\n\n\n<hr class=\"wp-block-separator has-alpha-channel-opacity\"\/>\n\n\n\n<p><strong>La ch\u00e2teau de Diane de Poitiers<\/strong><\/p>\n\n\n\n<p>Le ch\u00e2teau d&rsquo;\u00c9tampes de Poitiers, \u00e9galement connu sous le nom de ch\u00e2teau d&rsquo;Anet, est un magnifique ch\u00e2teau situ\u00e9 \u00e0 Anet, dans le d\u00e9partement de l&rsquo;Eure-et-Loir en France. Il a \u00e9t\u00e9 construit au XVIe si\u00e8cle \u00e0 la demande de Diane de Poitiers, ma\u00eetresse du roi Henri II.<\/p>\n\n\n\n<p>Diane de Poitiers \u00e9tait une figure influente de la cour de France et elle a choisi Anet comme lieu pour son ch\u00e2teau. L&rsquo;architecte Philibert de l&rsquo;Orme a con\u00e7u le ch\u00e2teau dans un style Renaissance \u00e9l\u00e9gant. Il est c\u00e9l\u00e8bre pour son architecture harmonieuse et sa fa\u00e7ade sym\u00e9trique.<\/p>\n\n\n\n<p>Le ch\u00e2teau d&rsquo;Anet est particuli\u00e8rement remarquable pour sa chapelle, consid\u00e9r\u00e9e comme l&rsquo;un des chefs-d&rsquo;\u0153uvre de la Renaissance fran\u00e7aise. La chapelle pr\u00e9sente des \u00e9l\u00e9ments architecturaux d\u00e9licats et une d\u00e9coration int\u00e9rieure raffin\u00e9e.<\/p>\n\n\n\n<p>Malheureusement, au fil du temps, une partie du ch\u00e2teau a \u00e9t\u00e9 d\u00e9truite, mais il reste encore une aile et la chapelle qui peuvent \u00eatre visit\u00e9es. L&rsquo;int\u00e9rieur du ch\u00e2teau offre un aper\u00e7u de son ancienne splendeur, avec des \u00e9l\u00e9ments architecturaux pr\u00e9serv\u00e9s et des d\u00e9corations d&rsquo;\u00e9poque.<\/p>\n\n\n\n<p>Le ch\u00e2teau d&rsquo;Anet est ouvert au public et propose des visites guid\u00e9es pour d\u00e9couvrir son histoire et son architecture. Il est \u00e9galement entour\u00e9 de beaux jardins \u00e0 la fran\u00e7aise qui valent la peine d&rsquo;\u00eatre explor\u00e9s.<\/p>\n\n\n\n<p>Si vous envisagez de visiter le ch\u00e2teau d&rsquo;Anet, je vous recommande de v\u00e9rifier les horaires d&rsquo;ouverture et les informations sp\u00e9cifiques sur les visites sur le site officiel du ch\u00e2teau ou de contacter l&rsquo;office de tourisme local.<\/p>\n\n\n\n<p>(Ecrit par chatGPT)<\/p>\n\n\n\n<div class=\"wp-block-columns is-layout-flex wp-container-core-columns-is-layout-4 wp-block-columns-is-layout-flex\">\n<div class=\"wp-block-column is-layout-flow wp-block-column-is-layout-flow\">\n<figure class=\"wp-block-image size-large\"><img loading=\"lazy\" decoding=\"async\" width=\"468\" height=\"1024\" src=\"http:\/\/www.assoargr.fr\/wp-argr\/wp-content\/uploads\/2023\/05\/IMG_20230511_154101-468x1024.jpg\" alt=\"\" class=\"wp-image-1948\" srcset=\"https:\/\/www.assoargr.fr\/wp-argr\/wp-content\/uploads\/2023\/05\/IMG_20230511_154101-468x1024.jpg 468w, https:\/\/www.assoargr.fr\/wp-argr\/wp-content\/uploads\/2023\/05\/IMG_20230511_154101-137x300.jpg 137w, https:\/\/www.assoargr.fr\/wp-argr\/wp-content\/uploads\/2023\/05\/IMG_20230511_154101-768x1679.jpg 768w, https:\/\/www.assoargr.fr\/wp-argr\/wp-content\/uploads\/2023\/05\/IMG_20230511_154101-702x1536.jpg 702w, https:\/\/www.assoargr.fr\/wp-argr\/wp-content\/uploads\/2023\/05\/IMG_20230511_154101-937x2048.jpg 937w, https:\/\/www.assoargr.fr\/wp-argr\/wp-content\/uploads\/2023\/05\/IMG_20230511_154101-scaled.jpg 1171w\" sizes=\"(max-width: 468px) 100vw, 468px\" \/><\/figure>\n<\/div>\n\n\n\n<div class=\"wp-block-column is-layout-flow wp-block-column-is-layout-flow\">\n<figure class=\"wp-block-image size-large is-resized\"><img loading=\"lazy\" decoding=\"async\" src=\"http:\/\/www.assoargr.fr\/wp-argr\/wp-content\/uploads\/2023\/05\/IMG_20230511_155654-1024x768.jpg\" alt=\"\" class=\"wp-image-1949\" width=\"439\" height=\"329\" srcset=\"https:\/\/www.assoargr.fr\/wp-argr\/wp-content\/uploads\/2023\/05\/IMG_20230511_155654-1024x768.jpg 1024w, https:\/\/www.assoargr.fr\/wp-argr\/wp-content\/uploads\/2023\/05\/IMG_20230511_155654-300x225.jpg 300w, https:\/\/www.assoargr.fr\/wp-argr\/wp-content\/uploads\/2023\/05\/IMG_20230511_155654-768x576.jpg 768w, https:\/\/www.assoargr.fr\/wp-argr\/wp-content\/uploads\/2023\/05\/IMG_20230511_155654-1536x1152.jpg 1536w, https:\/\/www.assoargr.fr\/wp-argr\/wp-content\/uploads\/2023\/05\/IMG_20230511_155654-2048x1536.jpg 2048w\" sizes=\"(max-width: 439px) 100vw, 439px\" \/><\/figure>\n<\/div>\n<\/div>\n\n\n\n<hr class=\"wp-block-separator has-alpha-channel-opacity\"\/>\n","protected":false},"excerpt":{"rendered":"<p>Le domaine royal de Dreux Le Domaine Royal de Dreux est un domaine historique situ\u00e9 \u00e0 Dreux, en France. Il est connu pour abriter la Chapelle Royale de Dreux, qui est le lieu de s\u00e9pulture de plusieurs membres de la famille d&rsquo;Orl\u00e9ans, une branche de la famille royale fran\u00e7aise. La Chapelle Royale de Dreux a&hellip;<\/p>\n","protected":false},"author":1,"featured_media":0,"parent":0,"menu_order":0,"comment_status":"closed","ping_status":"closed","template":"","meta":{"footnotes":""},"class_list":["post-1940","page","type-page","status-publish","hentry","entry","no-media"],"_links":{"self":[{"href":"https:\/\/www.assoargr.fr\/wp-argr\/wp-json\/wp\/v2\/pages\/1940"}],"collection":[{"href":"https:\/\/www.assoargr.fr\/wp-argr\/wp-json\/wp\/v2\/pages"}],"about":[{"href":"https:\/\/www.assoargr.fr\/wp-argr\/wp-json\/wp\/v2\/types\/page"}],"author":[{"embeddable":true,"href":"https:\/\/www.assoargr.fr\/wp-argr\/wp-json\/wp\/v2\/users\/1"}],"replies":[{"embeddable":true,"href":"https:\/\/www.assoargr.fr\/wp-argr\/wp-json\/wp\/v2\/comments?post=1940"}],"version-history":[{"count":7,"href":"https:\/\/www.assoargr.fr\/wp-argr\/wp-json\/wp\/v2\/pages\/1940\/revisions"}],"predecessor-version":[{"id":1961,"href":"https:\/\/www.assoargr.fr\/wp-argr\/wp-json\/wp\/v2\/pages\/1940\/revisions\/1961"}],"wp:attachment":[{"href":"https:\/\/www.assoargr.fr\/wp-argr\/wp-json\/wp\/v2\/media?parent=1940"}],"curies":[{"name":"wp","href":"https:\/\/api.w.org\/{rel}","templated":true}]}}