{"id":1926,"date":"2023-02-05T14:59:11","date_gmt":"2023-02-05T13:59:11","guid":{"rendered":"https:\/\/www.assoargr.fr\/wp-argr\/?page_id=1926"},"modified":"2023-02-09T09:52:45","modified_gmt":"2023-02-09T08:52:45","slug":"assemblee-generalz-2021-2022","status":"publish","type":"page","link":"https:\/\/www.assoargr.fr\/wp-argr\/assemblee-generalz-2021-2022\/","title":{"rendered":"Assembl\u00e9e g\u00e9n\u00e9rale 2021\/2022"},"content":{"rendered":"\n<p>En raison de l&rsquo;\u00e9pid\u00e9mie de Covid 19 l&rsquo;assembl\u00e9e g\u00e9n\u00e9rale 2021 n&rsquo;a pu se tenir<\/p>\n\n\n\n\t\t<!-- MasterSlider -->\n\t\t<div id=\"P_MS63dfb5d00373d\" class=\"master-slider-parent msl ms-parent-id-79\" style=\"max-width:800px;\">\n\n\t\t\t\n\t\t\t<!-- MasterSlider Main -->\n\t\t\t<div id=\"MS63dfb5d00373d\" class=\"master-slider ms-skin-default\" >\n\t\t\t\t \t\t\t\t \n\t\t\t\t<div  class=\"ms-slide\" data-delay=\"3\" data-fill-mode=\"fill\"  >\n\t\t\t\t\t<img decoding=\"async\" src=\"https:\/\/www.assoargr.fr\/wp-argr\/wp-content\/plugins\/master-slider\/public\/assets\/css\/blank.gif\" alt=\"\" title=\"\" data-src=\"https:\/\/www.assoargr.fr\/wp-argr\/wp-content\/uploads\/2023\/02\/IMG_20230125_153923-scaled.jpg\" \/>\n\n\n\t<img decoding=\"async\" class=\"ms-thumb\" src=\"https:\/\/www.assoargr.fr\/wp-argr\/wp-content\/uploads\/2023\/02\/IMG_20230125_153923-scaled-140x80.jpg\" alt=\"\" \/>\n\t<div class=\"ms-thumb\" ><div class=\"ms-tab-context\"><div class=&quot;ms-tab-context&quot;><\/div><\/div>\n<\/div>\n\t\t\t\t<\/div>\n\t\t\t\t<div  class=\"ms-slide\" data-delay=\"3\" data-fill-mode=\"fill\"  >\n\t\t\t\t\t<img decoding=\"async\" src=\"https:\/\/www.assoargr.fr\/wp-argr\/wp-content\/plugins\/master-slider\/public\/assets\/css\/blank.gif\" alt=\"\" title=\"\" data-src=\"https:\/\/www.assoargr.fr\/wp-argr\/wp-content\/uploads\/2023\/02\/IMG_20230125_154231-scaled.jpg\" \/>\n\n\n\t<img decoding=\"async\" class=\"ms-thumb\" src=\"https:\/\/www.assoargr.fr\/wp-argr\/wp-content\/uploads\/2023\/02\/IMG_20230125_154231-scaled-140x80.jpg\" alt=\"\" \/>\n\t<div class=\"ms-thumb\" ><div class=\"ms-tab-context\"><div class=&quot;ms-tab-context&quot;><\/div><\/div>\n<\/div>\n\t\t\t\t<\/div>\n\t\t\t\t<div  class=\"ms-slide\" data-delay=\"3\" data-fill-mode=\"fill\"  >\n\t\t\t\t\t<img decoding=\"async\" src=\"https:\/\/www.assoargr.fr\/wp-argr\/wp-content\/plugins\/master-slider\/public\/assets\/css\/blank.gif\" alt=\"\" title=\"\" data-src=\"https:\/\/www.assoargr.fr\/wp-argr\/wp-content\/uploads\/2023\/02\/IMG_20230125_154239-scaled.jpg\" \/>\n\n\n\t<img decoding=\"async\" class=\"ms-thumb\" src=\"https:\/\/www.assoargr.fr\/wp-argr\/wp-content\/uploads\/2023\/02\/IMG_20230125_154239-scaled-140x80.jpg\" alt=\"\" \/>\n\t<div class=\"ms-thumb\" ><div class=\"ms-tab-context\"><div class=&quot;ms-tab-context&quot;><\/div><\/div>\n<\/div>\n\t\t\t\t<\/div>\n\t\t\t\t<div  class=\"ms-slide\" data-delay=\"3\" data-fill-mode=\"fill\"  >\n\t\t\t\t\t<img decoding=\"async\" src=\"https:\/\/www.assoargr.fr\/wp-argr\/wp-content\/plugins\/master-slider\/public\/assets\/css\/blank.gif\" alt=\"\" title=\"\" data-src=\"https:\/\/www.assoargr.fr\/wp-argr\/wp-content\/uploads\/2023\/02\/IMG_20230125_1542581-scaled.jpg\" \/>\n\n\n\t<img decoding=\"async\" class=\"ms-thumb\" src=\"https:\/\/www.assoargr.fr\/wp-argr\/wp-content\/uploads\/2023\/02\/IMG_20230125_1542581-scaled-140x80.jpg\" alt=\"\" \/>\n\t<div class=\"ms-thumb\" ><div class=\"ms-tab-context\"><div class=&quot;ms-tab-context&quot;><\/div><\/div>\n<\/div>\n\t\t\t\t<\/div>\n\t\t\t\t<div  class=\"ms-slide\" data-delay=\"3\" data-fill-mode=\"fill\"  >\n\t\t\t\t\t<img decoding=\"async\" src=\"https:\/\/www.assoargr.fr\/wp-argr\/wp-content\/plugins\/master-slider\/public\/assets\/css\/blank.gif\" alt=\"\" title=\"\" data-src=\"https:\/\/www.assoargr.fr\/wp-argr\/wp-content\/uploads\/2023\/02\/IMG_20230125_1543051-scaled.jpg\" \/>\n\n\n\t<img decoding=\"async\" class=\"ms-thumb\" src=\"https:\/\/www.assoargr.fr\/wp-argr\/wp-content\/uploads\/2023\/02\/IMG_20230125_1543051-scaled-140x80.jpg\" alt=\"\" \/>\n\t<div class=\"ms-thumb\" ><div class=\"ms-tab-context\"><div class=&quot;ms-tab-context&quot;><\/div><\/div>\n<\/div>\n\t\t\t\t<\/div>\n\t\t\t\t<div  class=\"ms-slide\" data-delay=\"3\" data-fill-mode=\"fill\"  >\n\t\t\t\t\t<img decoding=\"async\" src=\"https:\/\/www.assoargr.fr\/wp-argr\/wp-content\/plugins\/master-slider\/public\/assets\/css\/blank.gif\" alt=\"\" title=\"\" data-src=\"https:\/\/www.assoargr.fr\/wp-argr\/wp-content\/uploads\/2023\/02\/IMG_20230125_1655381-scaled.jpg\" \/>\n\n\n\t<img decoding=\"async\" class=\"ms-thumb\" src=\"https:\/\/www.assoargr.fr\/wp-argr\/wp-content\/uploads\/2023\/02\/IMG_20230125_1655381-scaled-140x80.jpg\" alt=\"\" \/>\n\t<div class=\"ms-thumb\" ><div class=\"ms-tab-context\"><div class=&quot;ms-tab-context&quot;><\/div><\/div>\n<\/div>\n\t\t\t\t<\/div>\n\t\t\t\t<div  class=\"ms-slide\" data-delay=\"3\" data-fill-mode=\"fill\"  >\n\t\t\t\t\t<img decoding=\"async\" src=\"https:\/\/www.assoargr.fr\/wp-argr\/wp-content\/plugins\/master-slider\/public\/assets\/css\/blank.gif\" alt=\"\" title=\"\" data-src=\"https:\/\/www.assoargr.fr\/wp-argr\/wp-content\/uploads\/2023\/02\/IMG_20230125_165545-scaled.jpg\" \/>\n\n\n\t<img decoding=\"async\" class=\"ms-thumb\" src=\"https:\/\/www.assoargr.fr\/wp-argr\/wp-content\/uploads\/2023\/02\/IMG_20230125_165545-scaled-140x80.jpg\" alt=\"\" \/>\n\t<div class=\"ms-thumb\" ><div class=\"ms-tab-context\"><div class=&quot;ms-tab-context&quot;><\/div><\/div>\n<\/div>\n\t\t\t\t<\/div>\n\t\t\t\t<div  class=\"ms-slide\" data-delay=\"3\" data-fill-mode=\"fill\"  >\n\t\t\t\t\t<img decoding=\"async\" src=\"https:\/\/www.assoargr.fr\/wp-argr\/wp-content\/plugins\/master-slider\/public\/assets\/css\/blank.gif\" alt=\"\" title=\"\" data-src=\"https:\/\/www.assoargr.fr\/wp-argr\/wp-content\/uploads\/2023\/02\/IMG_20230125_165607-scaled.jpg\" \/>\n\n\n\t<img decoding=\"async\" class=\"ms-thumb\" src=\"https:\/\/www.assoargr.fr\/wp-argr\/wp-content\/uploads\/2023\/02\/IMG_20230125_165607-scaled-140x80.jpg\" alt=\"\" \/>\n\t<div class=\"ms-thumb\" ><div class=\"ms-tab-context\"><div class=&quot;ms-tab-context&quot;><\/div><\/div>\n<\/div>\n\t\t\t\t<\/div>\n\t\t\t\t<div  class=\"ms-slide\" data-delay=\"3\" data-fill-mode=\"fill\"  >\n\t\t\t\t\t<img decoding=\"async\" src=\"https:\/\/www.assoargr.fr\/wp-argr\/wp-content\/plugins\/master-slider\/public\/assets\/css\/blank.gif\" alt=\"\" title=\"\" data-src=\"https:\/\/www.assoargr.fr\/wp-argr\/wp-content\/uploads\/2023\/02\/IMG_20230125_165614-scaled.jpg\" \/>\n\n\n\t<img decoding=\"async\" class=\"ms-thumb\" src=\"https:\/\/www.assoargr.fr\/wp-argr\/wp-content\/uploads\/2023\/02\/IMG_20230125_165614-scaled-140x80.jpg\" alt=\"\" \/>\n\t<div class=\"ms-thumb\" ><div class=\"ms-tab-context\"><div class=&quot;ms-tab-context&quot;><\/div><\/div>\n<\/div>\n\t\t\t\t<\/div>\n\t\t\t\t<div  class=\"ms-slide\" data-delay=\"3\" data-fill-mode=\"fill\"  >\n\t\t\t\t\t<img decoding=\"async\" src=\"https:\/\/www.assoargr.fr\/wp-argr\/wp-content\/plugins\/master-slider\/public\/assets\/css\/blank.gif\" alt=\"\" title=\"\" data-src=\"https:\/\/www.assoargr.fr\/wp-argr\/wp-content\/uploads\/2023\/02\/IMG_20230125_165623-scaled.jpg\" \/>\n\n\n\t<img decoding=\"async\" class=\"ms-thumb\" src=\"https:\/\/www.assoargr.fr\/wp-argr\/wp-content\/uploads\/2023\/02\/IMG_20230125_165623-scaled-140x80.jpg\" alt=\"\" \/>\n\t<div class=\"ms-thumb\" ><div class=\"ms-tab-context\"><div class=&quot;ms-tab-context&quot;><\/div><\/div>\n<\/div>\n\t\t\t\t<\/div>\n\t\t\t\t<div  class=\"ms-slide\" data-delay=\"3\" data-fill-mode=\"fill\"  >\n\t\t\t\t\t<img decoding=\"async\" src=\"https:\/\/www.assoargr.fr\/wp-argr\/wp-content\/plugins\/master-slider\/public\/assets\/css\/blank.gif\" alt=\"\" title=\"\" data-src=\"https:\/\/www.assoargr.fr\/wp-argr\/wp-content\/uploads\/2023\/02\/IMG_20230125_165631-scaled.jpg\" \/>\n\n\n\t<img decoding=\"async\" class=\"ms-thumb\" src=\"https:\/\/www.assoargr.fr\/wp-argr\/wp-content\/uploads\/2023\/02\/IMG_20230125_165631-scaled-140x80.jpg\" alt=\"\" \/>\n\t<div class=\"ms-thumb\" ><div class=\"ms-tab-context\"><div class=&quot;ms-tab-context&quot;><\/div><\/div>\n<\/div>\n\t\t\t\t<\/div>\n\t\t\t\t<div  class=\"ms-slide\" data-delay=\"3\" data-fill-mode=\"fill\"  >\n\t\t\t\t\t<img decoding=\"async\" src=\"https:\/\/www.assoargr.fr\/wp-argr\/wp-content\/plugins\/master-slider\/public\/assets\/css\/blank.gif\" alt=\"\" title=\"\" data-src=\"https:\/\/www.assoargr.fr\/wp-argr\/wp-content\/uploads\/2023\/02\/IMG_20230125_165639-scaled.jpg\" \/>\n\n\n\t<img decoding=\"async\" class=\"ms-thumb\" src=\"https:\/\/www.assoargr.fr\/wp-argr\/wp-content\/uploads\/2023\/02\/IMG_20230125_165639-scaled-140x80.jpg\" alt=\"\" \/>\n\t<div class=\"ms-thumb\" ><div class=\"ms-tab-context\"><div class=&quot;ms-tab-context&quot;><\/div><\/div>\n<\/div>\n\t\t\t\t<\/div>\n\t\t\t\t<div  class=\"ms-slide\" data-delay=\"3\" data-fill-mode=\"fill\"  >\n\t\t\t\t\t<img decoding=\"async\" src=\"https:\/\/www.assoargr.fr\/wp-argr\/wp-content\/plugins\/master-slider\/public\/assets\/css\/blank.gif\" alt=\"\" title=\"\" data-src=\"https:\/\/www.assoargr.fr\/wp-argr\/wp-content\/uploads\/2023\/02\/IMG_20230125_165651-scaled.jpg\" \/>\n\n\n\t<img decoding=\"async\" class=\"ms-thumb\" src=\"https:\/\/www.assoargr.fr\/wp-argr\/wp-content\/uploads\/2023\/02\/IMG_20230125_165651-scaled-140x80.jpg\" alt=\"\" \/>\n\t<div class=\"ms-thumb\" ><div class=\"ms-tab-context\"><div class=&quot;ms-tab-context&quot;><\/div><\/div>\n<\/div>\n\t\t\t\t<\/div>\n\n\t\t\t<\/div>\n\t\t\t<!-- END MasterSlider Main -->\n\n\t\t\t \n\t\t<\/div>\n\t\t<!-- END MasterSlider -->\n\n\t\t<script>\n\t\t(function ( $ ) {\n\t\t\t\"use strict\";\n\n\t\t\t$(function () {\n\t\t\t\tvar masterslider_373d = new MasterSlider();\n\n\t\t\t\t\/\/ slider controls\n\t\t\t\tmasterslider_373d.control('arrows'     ,{ autohide:false, overVideo:true  });\t\t\t\tmasterslider_373d.control('bullets'    ,{ autohide:false, overVideo:true, dir:'h', align:'bottom' , margin:10  });\n\n\t\t\t\tmasterslider_373d.control('thumblist'  ,{ autohide:false, overVideo:true, dir:'h', speed:17, inset:false, arrows:false, hover:false, customClass:'', align:'bottom',type:'thumbs', margin:5, width:140, height:80, space:5, fillMode:'fill'  });\n\t\t\t\t\/\/ slider setup\n\t\t\t\tmasterslider_373d.setup(\"MS63dfb5d00373d\", {\n\t\t\t\t\t\twidth           : 800,\n\t\t\t\t\t\theight          : 480,\n\t\t\t\t\t\tminHeight       : 0,\n\t\t\t\t\t\tspace           : 0,\n\t\t\t\t\t\tstart           : 1,\n\t\t\t\t\t\tgrabCursor      : true,\n\t\t\t\t\t\tswipe           : true,\n\t\t\t\t\t\tmouse           : true,\n\t\t\t\t\t\tlayout          : \"boxed\",\n\t\t\t\t\t\twheel           : false,\n\t\t\t\t\t\tautoplay        : false,\n\t\t\t\t\t\tinstantStartLayers:false,\n\t\t\t\t\t\tloop            : false,\n\t\t\t\t\t\tshuffle         : false,\n\t\t\t\t\t\tpreload         : 0,\n\t\t\t\t\t\theightLimit     : true,\n\t\t\t\t\t\tautoHeight      : false,\n\t\t\t\t\t\tsmoothHeight    : true,\n\t\t\t\t\t\tendPause        : false,\n\t\t\t\t\t\toverPause       : true,\n\t\t\t\t\t\tfillMode        : \"fill\",\n\t\t\t\t\t\tcenterControls  : true,\n\t\t\t\t\t\tstartOnAppear   : false,\n\t\t\t\t\t\tlayersMode      : \"center\",\n\t\t\t\t\t\thideLayers      : false,\n\t\t\t\t\t\tfullscreenMargin: 0,\n\t\t\t\t\t\tspeed           : 20,\n\t\t\t\t\t\tdir             : \"h\",\n\t\t\t\t\t\tparallaxMode    : 'swipe',\n\t\t\t\t\t\tview            : \"basic\"\n\t\t\t\t});\n\n\t\t\t\t\n\t\t\t\twindow.masterslider_instances = window.masterslider_instances || [];\n\t\t\t\twindow.masterslider_instances.push( masterslider_373d );\n\t\t\t });\n\n\t\t})(jQuery);\n\t\t<\/script>\n\n\n\n\n\n<p>Menbres pr\u00e9sent : 45<\/p>\n\n\n\n<p>Membres repr\u00e9sent\u00e9s : 23<\/p>\n\n\n\n<p>Menbres inscrits : 99<\/p>\n\n\n\n<p><strong><u>PRESENCE<\/u><\/strong><\/p>\n\n\n\n<p>Cette ann\u00e9e la repr\u00e9sentativit\u00e9 des membres pr\u00e9sents a \u00e9t\u00e9 un peu plus faible que les ann\u00e9es pr\u00e9c\u00e9dentes, on peut l\u2019attribuer au d\u00e9calage de la distribution des eaux de toilettes de mi-d\u00e9cembre \u00e0 fin janvier, aggrav\u00e9 par le report \u00e0 fin mars en dernier lieu.&nbsp;&nbsp;&nbsp;&nbsp;&nbsp;&nbsp;&nbsp;&nbsp;&nbsp;&nbsp;&nbsp;&nbsp;&nbsp;&nbsp;&nbsp;&nbsp;&nbsp;&nbsp;&nbsp;&nbsp;&nbsp;&nbsp;&nbsp;&nbsp;&nbsp;&nbsp;&nbsp;&nbsp;&nbsp;&nbsp;&nbsp;&nbsp;&nbsp;&nbsp;&nbsp;&nbsp;&nbsp;&nbsp;&nbsp;&nbsp;&nbsp;&nbsp;&nbsp;&nbsp;&nbsp;&nbsp;&nbsp;&nbsp;&nbsp;&nbsp;&nbsp;&nbsp;&nbsp;&nbsp;&nbsp;&nbsp;&nbsp;&nbsp;&nbsp;&nbsp;&nbsp;&nbsp;&nbsp;&nbsp;&nbsp;&nbsp;&nbsp;&nbsp;&nbsp;&nbsp;&nbsp;&nbsp;&nbsp;&nbsp;&nbsp;&nbsp;&nbsp;&nbsp;&nbsp;&nbsp;&nbsp;&nbsp;&nbsp;&nbsp;&nbsp;&nbsp;&nbsp;&nbsp;&nbsp;&nbsp;&nbsp;&nbsp;&nbsp;&nbsp;&nbsp;&nbsp;&nbsp;&nbsp;&nbsp;&nbsp;&nbsp;&nbsp;&nbsp;&nbsp;&nbsp;&nbsp;&nbsp;&nbsp;&nbsp;&nbsp;&nbsp;&nbsp;&nbsp;&nbsp;&nbsp;&nbsp;&nbsp;&nbsp;&nbsp;&nbsp;&nbsp;&nbsp;&nbsp;&nbsp;&nbsp;&nbsp;&nbsp;&nbsp;&nbsp;&nbsp;&nbsp;&nbsp;&nbsp;&nbsp;&nbsp;&nbsp;&nbsp; La derni\u00e8re AG s\u2019\u00e9tant faite par correspondance en mai 2021 (p\u00e9riode COVID), c\u2019est sur l\u2019activit\u00e9 des 2 derni\u00e8res ann\u00e9es pass\u00e9es que se tient notre r\u00e9union.<\/p>\n\n\n\n<p><strong><u>RAPPORT D\u2019ACTIVITE 2021-2022.<\/u><\/strong><\/p>\n\n\n\n<p>Marie-Christine Huan rappelle les activit\u00e9s.<\/p>\n\n\n\n<p><strong>D\u00e9jeuner (gastronomique) croisi\u00e8re sur la Seine \u00e0 Paris. Le 30 novembre 2021.<\/strong><\/p>\n\n\n\n<p>47 participants, qui pendant plus de 2 heures ont pu admirer les splendeurs de Paris vues de la Seine et surtout ont \u00e9t\u00e9 tr\u00e8s heureux de se retrouver apr\u00e8s 2 ann\u00e9es de privation de rencontres. (voir photos sur le site)<\/p>\n\n\n\n<p><strong>Distribution du colis aux plus anciens&nbsp;en d\u00e9cembre 2021.<\/strong><\/p>\n\n\n\n<p>44 colis ont \u00e9t\u00e9 distribu\u00e9 aux membres de l\u2019association ayant 75 ans et plus. Colis toujours bien appr\u00e9ci\u00e9.<\/p>\n\n\n\n<p><strong>Visite du nouveau Tribunal de Paris \u00e0 la porte Clichy. Le 17 novembre 2022.<\/strong><\/p>\n\n\n\n<p>Ce nouveau b\u00e2timent con\u00e7u par l\u2019architecte italien Renzo Piano, tour de 38 \u00e9tages (2<sup>\u00e8me&nbsp; <\/sup>b\u00e2timent habit\u00e9 le plus haut de Paris) est un puits de lumi\u00e8re, symbole de clart\u00e9 qui veut illustrer la transparence de la justice. Depuis son ouverture en avril 2018, plus de 7000 personnes y circulent par jour&nbsp;: justiciables, personnel de justice, visiteurs, s\u00e9curit\u00e9\u2026.&nbsp;&nbsp;&nbsp;&nbsp;&nbsp;&nbsp;&nbsp;&nbsp;&nbsp;&nbsp;&nbsp;&nbsp;&nbsp;&nbsp;&nbsp;&nbsp;&nbsp;&nbsp;&nbsp;&nbsp;&nbsp;&nbsp;&nbsp;&nbsp;&nbsp;&nbsp;&nbsp;&nbsp;&nbsp;&nbsp;&nbsp;&nbsp;&nbsp;&nbsp;&nbsp;&nbsp;&nbsp;&nbsp;&nbsp;&nbsp;&nbsp;&nbsp;&nbsp;&nbsp;&nbsp;&nbsp;&nbsp;&nbsp;&nbsp;&nbsp;&nbsp;&nbsp;&nbsp;&nbsp;&nbsp;&nbsp;&nbsp;&nbsp;&nbsp;&nbsp;&nbsp;&nbsp;&nbsp;&nbsp;&nbsp;&nbsp;&nbsp;&nbsp;&nbsp;&nbsp;&nbsp;&nbsp;&nbsp;&nbsp;&nbsp;&nbsp;&nbsp;&nbsp;&nbsp;&nbsp;&nbsp;&nbsp;&nbsp;&nbsp;&nbsp;&nbsp;&nbsp;&nbsp;&nbsp;&nbsp;&nbsp;&nbsp;&nbsp;&nbsp;&nbsp;&nbsp;&nbsp;&nbsp;&nbsp;&nbsp;&nbsp;&nbsp;&nbsp;&nbsp;&nbsp;&nbsp;&nbsp;&nbsp;&nbsp;&nbsp;&nbsp;&nbsp;&nbsp;&nbsp;&nbsp;&nbsp;&nbsp;&nbsp;&nbsp;&nbsp;&nbsp;&nbsp;&nbsp;&nbsp;&nbsp;&nbsp;&nbsp;&nbsp;&nbsp;&nbsp;&nbsp;&nbsp;&nbsp;&nbsp;&nbsp;&nbsp;&nbsp;&nbsp;&nbsp;&nbsp;&nbsp;&nbsp;&nbsp;&nbsp;&nbsp;&nbsp;&nbsp;&nbsp;&nbsp;&nbsp;&nbsp;&nbsp;&nbsp; <\/p>\n\n\n\n<p>Les 32 participants se sont retrouv\u00e9s pour d\u00e9jeuner au restaurant du Holiday Inn situ\u00e9 \u00e0 2 pas.<\/p>\n\n\n\n<p><strong>Distribution du colis aux plus anciens&nbsp;en d\u00e9cembre 2022.<\/strong><\/p>\n\n\n\n<p>46 colis ont \u00e9t\u00e9 envoy\u00e9s aux membres de l\u2019Association ayant 75 ans et plus.<\/p>\n\n\n\n<p><strong>Ce rapport d\u2019activit\u00e9 n\u2019a entra\u00een\u00e9 aucune remarque et a \u00e9t\u00e9 adopt\u00e9 \u00e0 l\u2019unanimit\u00e9.<\/strong><\/p>\n\n\n\n<p><strong><u>RAPPORT FINANCIER<\/u><\/strong><\/p>\n\n\n\n<p>Patrice Defontenay fait la lecture du rapport financier des 2 ann\u00e9es pass\u00e9es (1<sup>er<\/sup> d\u00e9cembre 2020 au 31 d\u00e9cembre 2022).<\/p>\n\n\n\n<p>Les d\u00e9penses s\u2019\u00e9l\u00e8vent \u00e0 11527 \u20ac, les recettes \u00e0 12113 \u20ac. L\u2019Association dispose de 19587 \u20ac.<\/p>\n\n\n\n<p><strong>Ce rapport d\u2019activit\u00e9 n\u2019a entrain\u00e9 aucune remarque et a \u00e9t\u00e9 adopt\u00e9 \u00e0 l\u2019unanimit\u00e9.<\/strong><\/p>\n\n\n\n<p><strong><u>DIVERS.<\/u><\/strong><\/p>\n\n\n\n<p>&nbsp;<strong>Escapade \u00e0 Grasse&nbsp;: <\/strong>depuis 4 ans, le projet d\u2019une vir\u00e9e \u00e0 Grasse pour rencontrer nos anciens coll\u00e8gues grassois nous tenait \u00e0 c\u0153ur mais les conditions sanitaires ne l\u2019ont pas permise. Ce projet \u00e0 \u00e9t\u00e9 relanc\u00e9 pour mai 2023 pendant la p\u00e9riode de la f\u00eate de la rose qui se trouve \u00eatre le WE de l\u2019Ascension. Seul un petit nombre des membres de l\u2019association sont int\u00e9ress\u00e9s (16 membres + 5 accompagnants), dans ces conditions le Village Vacances des C\u00e8dres de Grasse a recalcul\u00e9 le co\u00fbt de l\u2019h\u00e9bergement et des sorties pr\u00e9vues&nbsp;: 611 \u20ac. Le co\u00fbt de la SNCF&nbsp;: voyage groupe (d\u00e9part mercredi 17 mai et retour lundi 22 mai) serait de 270 \u20ac&nbsp;!!! ainsi pour les participants venant en train cela fait environ 900 \u20ac. L\u2019ARGR est dispos\u00e9e \u00e0 subventionner \u00e0 hauteur de 300 \u20ac maximum pour les membres et 200 \u20ac pour les accompagnants. Ce projet a \u00e9t\u00e9 expos\u00e9 \u00e0 l\u2019AG et de l\u2019avis g\u00e9n\u00e9ral sachant le petit nombre d\u2019adh\u00e9rents concern\u00e9s et le co\u00fbt approximatif, il a \u00e9t\u00e9 d\u00e9cid\u00e9 d\u2019annuler ce projet. Pourquoi ne pas le reproposer \u00e0 une \u00e9poque diff\u00e9rente qui permettrait de toucher plus de personnes et d\u2019avoir de meilleurs prix par la SNCF.<\/p>\n\n\n\n<p>\u00a0<strong>Activit\u00e9s\u00a0:<\/strong> A l\u2019unanimit\u00e9 le v\u0153u des pr\u00e9sents a \u00e9t\u00e9 que les sorties propos\u00e9es attirent davantage de participants. A voir des sorties en car sur 1 \u00e0 3 jours. Des spectacles parisiens en matin\u00e9e, com\u00e9dies musicales\u2026\u00a0\u00a0\u00a0\u00a0\u00a0N\u2019h\u00e9sitez pas \u00e0 nous faire des propositions.<\/p>\n\n\n\n<p><strong>Colis de fin d\u2019ann\u00e9e\u00a0:<\/strong> il a \u00e9t\u00e9 \u00e9voqu\u00e9 la possibilit\u00e9 d\u2019abaisser l\u2019\u00e2ge des ayants droit.\u00a0\u00a0Bon nombre de membres de l\u2019association n\u2019ayant pas rempli correctement la fiche d\u2019inscription, vous en trouverez une jointe au courrier<strong>, veuillez-nous la retourner m\u00eame si vous \u00eates persuad\u00e9 qu\u2019il n\u2019y a pas de modification par rapports aux donn\u00e9es que nous avons.<\/strong><\/p>\n\n\n\n<p>Des nouvelles des membres de l\u2019association ont \u00e9t\u00e9 partag\u00e9es.&nbsp;&nbsp;&nbsp;&nbsp;&nbsp;&nbsp;&nbsp;&nbsp;&nbsp;&nbsp;&nbsp;&nbsp;&nbsp;&nbsp;&nbsp;&nbsp;&nbsp;&nbsp;&nbsp;&nbsp;&nbsp;&nbsp;&nbsp;&nbsp;&nbsp;&nbsp;&nbsp;&nbsp;&nbsp;&nbsp;&nbsp;&nbsp;&nbsp;&nbsp;&nbsp;&nbsp;&nbsp;&nbsp;&nbsp;&nbsp;&nbsp;&nbsp;&nbsp;&nbsp;&nbsp;&nbsp;&nbsp;&nbsp;&nbsp;&nbsp;&nbsp;&nbsp;&nbsp;&nbsp;&nbsp;&nbsp;&nbsp;&nbsp;&nbsp;&nbsp; Malheureusement il nous faut d\u00e9plorer les d\u00e9c\u00e8s de Marie-Odile Ebroussard le 31 d\u00e9cembre 2022 alors qu\u2019elle venait d\u2019avoir 80 ans la veille et de Marius Couvin en mai 2022.<\/p>\n\n\n\n<p>L\u2019AG se termine par le traditionnel pot de l\u2019amiti\u00e9 au cours duquel nous avons \u00e9t\u00e9 rejoints par quelques actifs et nous y avons fait connaissance du nouveau chef cuisinier Arnaud Billebault.<\/p>\n","protected":false},"excerpt":{"rendered":"<p>En raison de l&rsquo;\u00e9pid\u00e9mie de Covid 19 l&rsquo;assembl\u00e9e g\u00e9n\u00e9rale 2021 n&rsquo;a pu se tenir Menbres pr\u00e9sent : 45 Membres repr\u00e9sent\u00e9s : 23 Menbres inscrits : 99 PRESENCE Cette ann\u00e9e la repr\u00e9sentativit\u00e9 des membres pr\u00e9sents a \u00e9t\u00e9 un peu plus faible que les ann\u00e9es pr\u00e9c\u00e9dentes, on peut l\u2019attribuer au d\u00e9calage de la distribution des eaux de&hellip;<\/p>\n","protected":false},"author":1,"featured_media":0,"parent":0,"menu_order":0,"comment_status":"closed","ping_status":"closed","template":"","meta":{"footnotes":""},"class_list":["post-1926","page","type-page","status-publish","hentry","entry","no-media"],"_links":{"self":[{"href":"https:\/\/www.assoargr.fr\/wp-argr\/wp-json\/wp\/v2\/pages\/1926"}],"collection":[{"href":"https:\/\/www.assoargr.fr\/wp-argr\/wp-json\/wp\/v2\/pages"}],"about":[{"href":"https:\/\/www.assoargr.fr\/wp-argr\/wp-json\/wp\/v2\/types\/page"}],"author":[{"embeddable":true,"href":"https:\/\/www.assoargr.fr\/wp-argr\/wp-json\/wp\/v2\/users\/1"}],"replies":[{"embeddable":true,"href":"https:\/\/www.assoargr.fr\/wp-argr\/wp-json\/wp\/v2\/comments?post=1926"}],"version-history":[{"count":7,"href":"https:\/\/www.assoargr.fr\/wp-argr\/wp-json\/wp\/v2\/pages\/1926\/revisions"}],"predecessor-version":[{"id":1938,"href":"https:\/\/www.assoargr.fr\/wp-argr\/wp-json\/wp\/v2\/pages\/1926\/revisions\/1938"}],"wp:attachment":[{"href":"https:\/\/www.assoargr.fr\/wp-argr\/wp-json\/wp\/v2\/media?parent=1926"}],"curies":[{"name":"wp","href":"https:\/\/api.w.org\/{rel}","templated":true}]}}