{"id":1867,"date":"2021-06-25T10:51:07","date_gmt":"2021-06-25T09:51:07","guid":{"rendered":"https:\/\/www.assoargr.fr\/wp-argr\/?page_id=1867"},"modified":"2021-06-25T10:51:07","modified_gmt":"2021-06-25T09:51:07","slug":"assemblee-generale-2020","status":"publish","type":"page","link":"https:\/\/www.assoargr.fr\/wp-argr\/assemblee-generale-2020\/","title":{"rendered":"Assembl\u00e9e g\u00e9n\u00e9rale 2020"},"content":{"rendered":"\n<p>En raison de la crise du covid, notre assembl\u00e9e g\u00e9n\u00e9rale 2020 \u00e0 eut lieu par correspondance. En voici le compte rendu<\/p>\n\n\n\n<p><strong>COMPTE RENDU DE L\u2019ASSEMBLEE GENERALE DE L\u2019A.R.G.R. POUR L\u2019EXERCICE 2020.<\/strong><\/p>\n\n\n\n<p>Dans le but de tenir une AG (obligatoire) de notre activit\u00e9 pour la p\u00e9riode du 1<sup>er<\/sup>\/12\/2019&nbsp; au 30\/11\/2020, il vous a \u00e9t\u00e9 envoy\u00e9 par courrier postal, le 20 mai 2021, les documents concernant l\u2019activit\u00e9 et le bilan financier de l\u2019association. Ainsi chacun a eu la possibilit\u00e9 de s\u2019exprimer par un vote par correspondance. Le mardi 22 juin 2021, 4 membres du bureau de l\u2019ARGR (M. Ch. Huan, M. Lallement, B. Pailles et P. Rouillier) se sont r\u00e9unis pour d\u00e9pouiller les bulletins de vote retourn\u00e9s.<\/p>\n\n\n\n<ul class=\"wp-block-list\"><li>63 membres sur 104 inscrits ont retourn\u00e9 leur bulletin de vote, soit 60,6 %<\/li><\/ul>\n\n\n\n<ul class=\"wp-block-list\"><li><strong>Bilan d\u2019activit\u00e9<\/strong> = approbation 60&nbsp;&nbsp;&nbsp;&nbsp;&nbsp;&nbsp;&nbsp; &#8211; 3 ne se sont pas exprim\u00e9s<\/li><li><strong>Rapport financier<\/strong> = approbation 60&nbsp;&nbsp;&nbsp;&nbsp; &#8211; 3 ne se sont pas exprim\u00e9s. Les comptes sont donc approuv\u00e9s.<\/li><li><strong>Renouvellement du bureau<\/strong> = approbation 59&nbsp;&nbsp;&nbsp;&nbsp;&nbsp; &#8211; 4 ne se sont pas exprim\u00e9s.<\/li><li>En l\u2019absence de nouvelles candidatures les membres sont donc reconduits = Marie- Christine Huan, Martine Lallement, Benito Belogi, Patrice Defontenay, Bernard Pailles, Patrick Rouillier.<\/li><\/ul>\n\n\n\n<p>Au cours de cette r\u00e9union ont \u00e9t\u00e9 \u00e9voqu\u00e9es les sorties possibles pour le dernier trimestre 2021 (si les conditions sanitaires le permettent).<\/p>\n\n\n\n<ul class=\"wp-block-list\"><li>Sortie en bateau autour de Paris<\/li><li>Visite de mus\u00e9es\u2026<\/li><li>Apr\u00e8s midi th\u00e9\u00e2tre<\/li><li>Sans oublier le restaurant qui accompagne chacune de nos sorties.<\/li><\/ul>\n\n\n\n<p>Tout ceci en fonction des r\u00e9ouvertures des diff\u00e9rents lieux et des libert\u00e9s qui nous seront autoris\u00e9es.<\/p>\n\n\n\n<p>Pour 2022 nous esp\u00e9rons enfin pouvoir r\u00e9aliser la vir\u00e9e \u00e0 Grasse en mai.<\/p>\n\n\n\n<p>N\u2019h\u00e9sitez pas \u00e0 nous faire part de vos id\u00e9es\u2026<\/p>\n\n\n\n<p>Continuez \u00e0 prendre soin de vous, bon \u00e9t\u00e9 \u00e0 tous.<\/p>\n","protected":false},"excerpt":{"rendered":"<p>En raison de la crise du covid, notre assembl\u00e9e g\u00e9n\u00e9rale 2020 \u00e0 eut lieu par correspondance. En voici le compte rendu COMPTE RENDU DE L\u2019ASSEMBLEE GENERALE DE L\u2019A.R.G.R. POUR L\u2019EXERCICE 2020. Dans le but de tenir une AG (obligatoire) de notre activit\u00e9 pour la p\u00e9riode du 1er\/12\/2019&nbsp; au 30\/11\/2020, il vous a \u00e9t\u00e9 envoy\u00e9 par&hellip;<\/p>\n","protected":false},"author":1,"featured_media":0,"parent":0,"menu_order":0,"comment_status":"closed","ping_status":"closed","template":"","meta":{"footnotes":""},"class_list":["post-1867","page","type-page","status-publish","hentry","entry","no-media"],"_links":{"self":[{"href":"https:\/\/www.assoargr.fr\/wp-argr\/wp-json\/wp\/v2\/pages\/1867"}],"collection":[{"href":"https:\/\/www.assoargr.fr\/wp-argr\/wp-json\/wp\/v2\/pages"}],"about":[{"href":"https:\/\/www.assoargr.fr\/wp-argr\/wp-json\/wp\/v2\/types\/page"}],"author":[{"embeddable":true,"href":"https:\/\/www.assoargr.fr\/wp-argr\/wp-json\/wp\/v2\/users\/1"}],"replies":[{"embeddable":true,"href":"https:\/\/www.assoargr.fr\/wp-argr\/wp-json\/wp\/v2\/comments?post=1867"}],"version-history":[{"count":1,"href":"https:\/\/www.assoargr.fr\/wp-argr\/wp-json\/wp\/v2\/pages\/1867\/revisions"}],"predecessor-version":[{"id":1868,"href":"https:\/\/www.assoargr.fr\/wp-argr\/wp-json\/wp\/v2\/pages\/1867\/revisions\/1868"}],"wp:attachment":[{"href":"https:\/\/www.assoargr.fr\/wp-argr\/wp-json\/wp\/v2\/media?parent=1867"}],"curies":[{"name":"wp","href":"https:\/\/api.w.org\/{rel}","templated":true}]}}