{"id":1645,"date":"2018-11-27T17:49:15","date_gmt":"2018-11-27T16:49:15","guid":{"rendered":"http:\/\/www.assoargr.fr\/wp-argr\/?page_id=1645"},"modified":"2018-11-27T18:59:31","modified_gmt":"2018-11-27T17:59:31","slug":"benito-belogi-decore","status":"publish","type":"page","link":"https:\/\/www.assoargr.fr\/wp-argr\/benito-belogi-decore\/","title":{"rendered":"B\u00e9nito Belogi d\u00e9cor\u00e9"},"content":{"rendered":"<p><img loading=\"lazy\" decoding=\"async\" src=\"http:\/\/www.assoargr.fr\/wp-argr\/wp-content\/uploads\/2018\/11\/benito.png\" alt=\"\" width=\"1147\" height=\"795\" class=\"alignnone size-full wp-image-1647\" srcset=\"https:\/\/www.assoargr.fr\/wp-argr\/wp-content\/uploads\/2018\/11\/benito.png 1147w, https:\/\/www.assoargr.fr\/wp-argr\/wp-content\/uploads\/2018\/11\/benito-300x208.png 300w, https:\/\/www.assoargr.fr\/wp-argr\/wp-content\/uploads\/2018\/11\/benito-768x532.png 768w, https:\/\/www.assoargr.fr\/wp-argr\/wp-content\/uploads\/2018\/11\/benito-1024x710.png 1024w\" sizes=\"(max-width: 1147px) 100vw, 1147px\" \/>Le samedi 10 novembre 2018, notre camarade B\u00e9nito B\u00e9logi \u00e0 re\u00e7u les insignes de Chevalier de la L\u00e9gion d&rsquo;Honneur qui lui ont \u00e9t\u00e9 remis par Philippe Juvin, maire de La-Garenne_Colombes, et d\u00e9put\u00e9 Europ\u00e9en<\/p>\n<div style=\"border:solid 2px #DDDDDD;\"><img loading=\"lazy\" decoding=\"async\" src=\"http:\/\/www.assoargr.fr\/wp-argr\/wp-content\/uploads\/2018\/11\/benito1.png\" alt=\"\" width=\"1875\" height=\"774\" class=\"alignnone size-full wp-image-1648\" srcset=\"https:\/\/www.assoargr.fr\/wp-argr\/wp-content\/uploads\/2018\/11\/benito1.png 1875w, https:\/\/www.assoargr.fr\/wp-argr\/wp-content\/uploads\/2018\/11\/benito1-300x124.png 300w, https:\/\/www.assoargr.fr\/wp-argr\/wp-content\/uploads\/2018\/11\/benito1-768x317.png 768w, https:\/\/www.assoargr.fr\/wp-argr\/wp-content\/uploads\/2018\/11\/benito1-1024x423.png 1024w\" sizes=\"(max-width: 1875px) 100vw, 1875px\" \/><\/div>\n<p><\/br><\/br>Nous sommes fiers pour notre camarade et lui adressons nos plus vives f\u00e9licitations.<\/p>\n","protected":false},"excerpt":{"rendered":"<p>Le samedi 10 novembre 2018, notre camarade B\u00e9nito B\u00e9logi \u00e0 re\u00e7u les insignes de Chevalier de la L\u00e9gion d&rsquo;Honneur qui lui ont \u00e9t\u00e9 remis par Philippe Juvin, maire de La-Garenne_Colombes, et d\u00e9put\u00e9 Europ\u00e9en Nous sommes fiers pour notre camarade et lui adressons nos plus vives f\u00e9licitations.<\/p>\n","protected":false},"author":1,"featured_media":0,"parent":0,"menu_order":0,"comment_status":"closed","ping_status":"closed","template":"","meta":{"footnotes":""},"class_list":["post-1645","page","type-page","status-publish","hentry","entry","no-media"],"_links":{"self":[{"href":"https:\/\/www.assoargr.fr\/wp-argr\/wp-json\/wp\/v2\/pages\/1645"}],"collection":[{"href":"https:\/\/www.assoargr.fr\/wp-argr\/wp-json\/wp\/v2\/pages"}],"about":[{"href":"https:\/\/www.assoargr.fr\/wp-argr\/wp-json\/wp\/v2\/types\/page"}],"author":[{"embeddable":true,"href":"https:\/\/www.assoargr.fr\/wp-argr\/wp-json\/wp\/v2\/users\/1"}],"replies":[{"embeddable":true,"href":"https:\/\/www.assoargr.fr\/wp-argr\/wp-json\/wp\/v2\/comments?post=1645"}],"version-history":[{"count":15,"href":"https:\/\/www.assoargr.fr\/wp-argr\/wp-json\/wp\/v2\/pages\/1645\/revisions"}],"predecessor-version":[{"id":1662,"href":"https:\/\/www.assoargr.fr\/wp-argr\/wp-json\/wp\/v2\/pages\/1645\/revisions\/1662"}],"wp:attachment":[{"href":"https:\/\/www.assoargr.fr\/wp-argr\/wp-json\/wp\/v2\/media?parent=1645"}],"curies":[{"name":"wp","href":"https:\/\/api.w.org\/{rel}","templated":true}]}}