{"id":162,"date":"2016-03-22T11:49:00","date_gmt":"2016-03-22T10:49:00","guid":{"rendered":"http:\/\/www.assoargr.fr\/wp-argr\/?page_id=162"},"modified":"2016-03-22T11:52:50","modified_gmt":"2016-03-22T10:52:50","slug":"assemblee-generale-2014","status":"publish","type":"page","link":"https:\/\/www.assoargr.fr\/wp-argr\/assemblee-generale-2014\/","title":{"rendered":"Assembl\u00e9e g\u00e9n\u00e9rale 2014"},"content":{"rendered":"<p>\n\t\t<!-- MasterSlider -->\n\t\t<div id=\"P_MS5826c07173005\" class=\"master-slider-parent msl ms-parent-id-2\" style=\"max-width:945px;\"  >\n\n\t\t\t\n\t\t\t<!-- MasterSlider Main -->\n\t\t\t<div id=\"MS5826c07173005\" class=\"master-slider ms-skin-default\" >\n\t\t\t\t \t\t\t\t \n\t\t\t\t<div  class=\"ms-slide\" data-delay=\"3\" data-fill-mode=\"fill\"  >\n\t\t\t\t\t<img decoding=\"async\" src=\"http:\/\/www.assoargr.fr\/wp-argr\/wp-content\/plugins\/master-slider\/public\/assets\/css\/blank.gif\" alt=\"\" title=\"\" data-src=\"http:\/\/www.assoargr.fr\/wp-argr\/wp-content\/uploads\/2016\/03\/img1-1.jpg\" \/>\n\n\n\t<img decoding=\"async\" class=\"ms-thumb\" src=\"http:\/\/www.assoargr.fr\/wp-argr\/wp-content\/uploads\/2016\/03\/img1-1-140x80.jpg\" alt=\"\" \/>\n\t<div class=\"ms-thumb\" ><div class=\"ms-tab-context\"><div class=&quot;ms-tab-context&quot;><\/div><\/div>\n<\/div>\n\t\t\t\t<\/div>\n\t\t\t\t<div  class=\"ms-slide\" data-delay=\"3\" data-fill-mode=\"fill\"  >\n\t\t\t\t\t<img decoding=\"async\" src=\"http:\/\/www.assoargr.fr\/wp-argr\/wp-content\/plugins\/master-slider\/public\/assets\/css\/blank.gif\" alt=\"\" title=\"\" data-src=\"http:\/\/www.assoargr.fr\/wp-argr\/wp-content\/uploads\/2016\/03\/img2-1.jpg\" \/>\n\n\n\t<img decoding=\"async\" class=\"ms-thumb\" src=\"http:\/\/www.assoargr.fr\/wp-argr\/wp-content\/uploads\/2016\/03\/img2-1-140x80.jpg\" alt=\"\" \/>\n\t<div class=\"ms-thumb\" ><div class=\"ms-tab-context\"><div class=&quot;ms-tab-context&quot;><\/div><\/div>\n<\/div>\n\t\t\t\t<\/div>\n\t\t\t\t<div  class=\"ms-slide\" data-delay=\"3\" data-fill-mode=\"fill\"  >\n\t\t\t\t\t<img decoding=\"async\" src=\"http:\/\/www.assoargr.fr\/wp-argr\/wp-content\/plugins\/master-slider\/public\/assets\/css\/blank.gif\" alt=\"\" title=\"\" data-src=\"http:\/\/www.assoargr.fr\/wp-argr\/wp-content\/uploads\/2016\/03\/img4-1.jpg\" \/>\n\n\n\t<img decoding=\"async\" class=\"ms-thumb\" src=\"http:\/\/www.assoargr.fr\/wp-argr\/wp-content\/uploads\/2016\/03\/img4-1-140x80.jpg\" alt=\"\" \/>\n\t<div class=\"ms-thumb\" ><div class=\"ms-tab-context\"><div class=&quot;ms-tab-context&quot;><\/div><\/div>\n<\/div>\n\t\t\t\t<\/div>\n\t\t\t\t<div  class=\"ms-slide\" data-delay=\"3\" data-fill-mode=\"fill\"  >\n\t\t\t\t\t<img decoding=\"async\" src=\"http:\/\/www.assoargr.fr\/wp-argr\/wp-content\/plugins\/master-slider\/public\/assets\/css\/blank.gif\" alt=\"\" title=\"\" data-src=\"http:\/\/www.assoargr.fr\/wp-argr\/wp-content\/uploads\/2016\/03\/img3-1.jpg\" \/>\n\n\n\t<img decoding=\"async\" class=\"ms-thumb\" src=\"http:\/\/www.assoargr.fr\/wp-argr\/wp-content\/uploads\/2016\/03\/img3-1-140x80.jpg\" alt=\"\" \/>\n\t<div class=\"ms-thumb\" ><div class=\"ms-tab-context\"><div class=&quot;ms-tab-context&quot;><\/div><\/div>\n<\/div>\n\t\t\t\t<\/div>\n\t\t\t\t<div  class=\"ms-slide\" data-delay=\"3\" data-fill-mode=\"fill\"  >\n\t\t\t\t\t<img decoding=\"async\" src=\"http:\/\/www.assoargr.fr\/wp-argr\/wp-content\/plugins\/master-slider\/public\/assets\/css\/blank.gif\" alt=\"\" title=\"\" data-src=\"http:\/\/www.assoargr.fr\/wp-argr\/wp-content\/uploads\/2016\/03\/img6-1.jpg\" \/>\n\n\n\t<img decoding=\"async\" class=\"ms-thumb\" src=\"http:\/\/www.assoargr.fr\/wp-argr\/wp-content\/uploads\/2016\/03\/img6-1-140x80.jpg\" alt=\"\" \/>\n\t<div class=\"ms-thumb\" ><div class=\"ms-tab-context\"><div class=&quot;ms-tab-context&quot;><\/div><\/div>\n<\/div>\n\t\t\t\t<\/div>\n\t\t\t\t<div  class=\"ms-slide\" data-delay=\"3\" data-fill-mode=\"fill\"  >\n\t\t\t\t\t<img decoding=\"async\" src=\"http:\/\/www.assoargr.fr\/wp-argr\/wp-content\/plugins\/master-slider\/public\/assets\/css\/blank.gif\" alt=\"\" title=\"\" data-src=\"http:\/\/www.assoargr.fr\/wp-argr\/wp-content\/uploads\/2016\/03\/img5-1.jpg\" \/>\n\n\n\t<img decoding=\"async\" class=\"ms-thumb\" src=\"http:\/\/www.assoargr.fr\/wp-argr\/wp-content\/uploads\/2016\/03\/img5-1-140x80.jpg\" alt=\"\" \/>\n\t<div class=\"ms-thumb\" ><div class=\"ms-tab-context\"><div class=&quot;ms-tab-context&quot;><\/div><\/div>\n<\/div>\n\t\t\t\t<\/div>\n\t\t\t\t<div  class=\"ms-slide\" data-delay=\"3\" data-fill-mode=\"fill\"  >\n\t\t\t\t\t<img decoding=\"async\" src=\"http:\/\/www.assoargr.fr\/wp-argr\/wp-content\/plugins\/master-slider\/public\/assets\/css\/blank.gif\" alt=\"\" title=\"\" data-src=\"http:\/\/www.assoargr.fr\/wp-argr\/wp-content\/uploads\/2016\/03\/img7-1.jpg\" \/>\n\n\n\t<img decoding=\"async\" class=\"ms-thumb\" src=\"http:\/\/www.assoargr.fr\/wp-argr\/wp-content\/uploads\/2016\/03\/img7-1-140x80.jpg\" alt=\"\" \/>\n\t<div class=\"ms-thumb\" ><div class=\"ms-tab-context\"><div class=&quot;ms-tab-context&quot;><\/div><\/div>\n<\/div>\n\t\t\t\t<\/div>\n\t\t\t\t<div  class=\"ms-slide\" data-delay=\"3\" data-fill-mode=\"fill\"  >\n\t\t\t\t\t<img decoding=\"async\" src=\"http:\/\/www.assoargr.fr\/wp-argr\/wp-content\/plugins\/master-slider\/public\/assets\/css\/blank.gif\" alt=\"\" title=\"\" data-src=\"http:\/\/www.assoargr.fr\/wp-argr\/wp-content\/uploads\/2016\/03\/img8-1.jpg\" \/>\n\n\n\t<img decoding=\"async\" class=\"ms-thumb\" src=\"http:\/\/www.assoargr.fr\/wp-argr\/wp-content\/uploads\/2016\/03\/img8-1-140x80.jpg\" alt=\"\" \/>\n\t<div class=\"ms-thumb\" ><div class=\"ms-tab-context\"><div class=&quot;ms-tab-context&quot;><\/div><\/div>\n<\/div>\n\t\t\t\t<\/div>\n\t\t\t\t<div  class=\"ms-slide\" data-delay=\"3\" data-fill-mode=\"fill\"  >\n\t\t\t\t\t<img decoding=\"async\" src=\"http:\/\/www.assoargr.fr\/wp-argr\/wp-content\/plugins\/master-slider\/public\/assets\/css\/blank.gif\" alt=\"\" title=\"\" data-src=\"http:\/\/www.assoargr.fr\/wp-argr\/wp-content\/uploads\/2016\/03\/img9-1.jpg\" \/>\n\n\n\t<img decoding=\"async\" class=\"ms-thumb\" src=\"http:\/\/www.assoargr.fr\/wp-argr\/wp-content\/uploads\/2016\/03\/img9-1-140x80.jpg\" alt=\"\" \/>\n\t<div class=\"ms-thumb\" ><div class=\"ms-tab-context\"><div class=&quot;ms-tab-context&quot;><\/div><\/div>\n<\/div>\n\t\t\t\t<\/div>\n\t\t\t\t<div  class=\"ms-slide\" data-delay=\"3\" data-fill-mode=\"fill\"  >\n\t\t\t\t\t<img decoding=\"async\" src=\"http:\/\/www.assoargr.fr\/wp-argr\/wp-content\/plugins\/master-slider\/public\/assets\/css\/blank.gif\" alt=\"\" title=\"\" data-src=\"http:\/\/www.assoargr.fr\/wp-argr\/wp-content\/uploads\/2016\/03\/img11-1.jpg\" \/>\n\n\n\t<img decoding=\"async\" class=\"ms-thumb\" src=\"http:\/\/www.assoargr.fr\/wp-argr\/wp-content\/uploads\/2016\/03\/img11-1-140x80.jpg\" alt=\"\" \/>\n\t<div class=\"ms-thumb\" ><div class=\"ms-tab-context\"><div class=&quot;ms-tab-context&quot;><\/div><\/div>\n<\/div>\n\t\t\t\t<\/div>\n\t\t\t\t<div  class=\"ms-slide\" data-delay=\"3\" data-fill-mode=\"fill\"  >\n\t\t\t\t\t<img decoding=\"async\" src=\"http:\/\/www.assoargr.fr\/wp-argr\/wp-content\/plugins\/master-slider\/public\/assets\/css\/blank.gif\" alt=\"\" title=\"\" data-src=\"http:\/\/www.assoargr.fr\/wp-argr\/wp-content\/uploads\/2016\/03\/img10-1.jpg\" \/>\n\n\n\t<img decoding=\"async\" class=\"ms-thumb\" src=\"http:\/\/www.assoargr.fr\/wp-argr\/wp-content\/uploads\/2016\/03\/img10-1-140x80.jpg\" alt=\"\" \/>\n\t<div class=\"ms-thumb\" ><div class=\"ms-tab-context\"><div class=&quot;ms-tab-context&quot;><\/div><\/div>\n<\/div>\n\t\t\t\t<\/div>\n\t\t\t\t<div  class=\"ms-slide\" data-delay=\"3\" data-fill-mode=\"fill\"  >\n\t\t\t\t\t<img decoding=\"async\" src=\"http:\/\/www.assoargr.fr\/wp-argr\/wp-content\/plugins\/master-slider\/public\/assets\/css\/blank.gif\" alt=\"\" title=\"\" data-src=\"http:\/\/www.assoargr.fr\/wp-argr\/wp-content\/uploads\/2016\/03\/img13-1.jpg\" \/>\n\n\n\t<img decoding=\"async\" class=\"ms-thumb\" src=\"http:\/\/www.assoargr.fr\/wp-argr\/wp-content\/uploads\/2016\/03\/img13-1-140x80.jpg\" alt=\"\" \/>\n\t<div class=\"ms-thumb\" ><div class=\"ms-tab-context\"><div class=&quot;ms-tab-context&quot;><\/div><\/div>\n<\/div>\n\t\t\t\t<\/div>\n\t\t\t\t<div  class=\"ms-slide\" data-delay=\"3\" data-fill-mode=\"fill\"  >\n\t\t\t\t\t<img decoding=\"async\" src=\"http:\/\/www.assoargr.fr\/wp-argr\/wp-content\/plugins\/master-slider\/public\/assets\/css\/blank.gif\" alt=\"\" title=\"\" data-src=\"http:\/\/www.assoargr.fr\/wp-argr\/wp-content\/uploads\/2016\/03\/img12-1.jpg\" \/>\n\n\n\t<img decoding=\"async\" class=\"ms-thumb\" src=\"http:\/\/www.assoargr.fr\/wp-argr\/wp-content\/uploads\/2016\/03\/img12-1-140x80.jpg\" alt=\"\" \/>\n\t<div class=\"ms-thumb\" ><div class=\"ms-tab-context\"><div class=&quot;ms-tab-context&quot;><\/div><\/div>\n<\/div>\n\t\t\t\t<\/div>\n\t\t\t\t<div  class=\"ms-slide\" data-delay=\"3\" data-fill-mode=\"fill\"  >\n\t\t\t\t\t<img decoding=\"async\" src=\"http:\/\/www.assoargr.fr\/wp-argr\/wp-content\/plugins\/master-slider\/public\/assets\/css\/blank.gif\" alt=\"\" title=\"\" data-src=\"http:\/\/www.assoargr.fr\/wp-argr\/wp-content\/uploads\/2016\/03\/img14-1.jpg\" \/>\n\n\n\t<img decoding=\"async\" class=\"ms-thumb\" src=\"http:\/\/www.assoargr.fr\/wp-argr\/wp-content\/uploads\/2016\/03\/img14-1-140x80.jpg\" alt=\"\" \/>\n\t<div class=\"ms-thumb\" ><div class=\"ms-tab-context\"><div class=&quot;ms-tab-context&quot;><\/div><\/div>\n<\/div>\n\t\t\t\t<\/div>\n\t\t\t\t<div  class=\"ms-slide\" data-delay=\"3\" data-fill-mode=\"fill\"  >\n\t\t\t\t\t<img decoding=\"async\" src=\"http:\/\/www.assoargr.fr\/wp-argr\/wp-content\/plugins\/master-slider\/public\/assets\/css\/blank.gif\" alt=\"\" title=\"\" data-src=\"http:\/\/www.assoargr.fr\/wp-argr\/wp-content\/uploads\/2016\/03\/img16-1.jpg\" \/>\n\n\n\t<img decoding=\"async\" class=\"ms-thumb\" src=\"http:\/\/www.assoargr.fr\/wp-argr\/wp-content\/uploads\/2016\/03\/img16-1-140x80.jpg\" alt=\"\" \/>\n\t<div class=\"ms-thumb\" ><div class=\"ms-tab-context\"><div class=&quot;ms-tab-context&quot;><\/div><\/div>\n<\/div>\n\t\t\t\t<\/div>\n\t\t\t\t<div  class=\"ms-slide\" data-delay=\"3\" data-fill-mode=\"fill\"  >\n\t\t\t\t\t<img decoding=\"async\" src=\"http:\/\/www.assoargr.fr\/wp-argr\/wp-content\/plugins\/master-slider\/public\/assets\/css\/blank.gif\" alt=\"\" title=\"\" data-src=\"http:\/\/www.assoargr.fr\/wp-argr\/wp-content\/uploads\/2016\/03\/img15-1.jpg\" \/>\n\n\n\t<img decoding=\"async\" class=\"ms-thumb\" src=\"http:\/\/www.assoargr.fr\/wp-argr\/wp-content\/uploads\/2016\/03\/img15-1-140x80.jpg\" alt=\"\" \/>\n\t<div class=\"ms-thumb\" ><div class=\"ms-tab-context\"><div class=&quot;ms-tab-context&quot;><\/div><\/div>\n<\/div>\n\t\t\t\t<\/div>\n\t\t\t\t<div  class=\"ms-slide\" data-delay=\"3\" data-fill-mode=\"fill\"  >\n\t\t\t\t\t<img decoding=\"async\" src=\"http:\/\/www.assoargr.fr\/wp-argr\/wp-content\/plugins\/master-slider\/public\/assets\/css\/blank.gif\" alt=\"\" title=\"\" data-src=\"http:\/\/www.assoargr.fr\/wp-argr\/wp-content\/uploads\/2016\/03\/img17-1.jpg\" \/>\n\n\n\t<img decoding=\"async\" class=\"ms-thumb\" src=\"http:\/\/www.assoargr.fr\/wp-argr\/wp-content\/uploads\/2016\/03\/img17-1-140x80.jpg\" alt=\"\" \/>\n\t<div class=\"ms-thumb\" ><div class=\"ms-tab-context\"><div class=&quot;ms-tab-context&quot;><\/div><\/div>\n<\/div>\n\t\t\t\t<\/div>\n\t\t\t\t<div  class=\"ms-slide\" data-delay=\"3\" data-fill-mode=\"fill\"  >\n\t\t\t\t\t<img decoding=\"async\" src=\"http:\/\/www.assoargr.fr\/wp-argr\/wp-content\/plugins\/master-slider\/public\/assets\/css\/blank.gif\" alt=\"\" title=\"\" data-src=\"http:\/\/www.assoargr.fr\/wp-argr\/wp-content\/uploads\/2016\/03\/img22.jpg\" \/>\n\n\n\t<img decoding=\"async\" class=\"ms-thumb\" src=\"http:\/\/www.assoargr.fr\/wp-argr\/wp-content\/uploads\/2016\/03\/img22-140x80.jpg\" alt=\"\" \/>\n\t<div class=\"ms-thumb\" ><div class=\"ms-tab-context\"><div class=&quot;ms-tab-context&quot;><\/div><\/div>\n<\/div>\n\t\t\t\t<\/div>\n\t\t\t\t<div  class=\"ms-slide\" data-delay=\"3\" data-fill-mode=\"fill\"  >\n\t\t\t\t\t<img decoding=\"async\" src=\"http:\/\/www.assoargr.fr\/wp-argr\/wp-content\/plugins\/master-slider\/public\/assets\/css\/blank.gif\" alt=\"\" title=\"\" data-src=\"http:\/\/www.assoargr.fr\/wp-argr\/wp-content\/uploads\/2016\/03\/img20.jpg\" \/>\n\n\n\t<img decoding=\"async\" class=\"ms-thumb\" src=\"http:\/\/www.assoargr.fr\/wp-argr\/wp-content\/uploads\/2016\/03\/img20-140x80.jpg\" alt=\"\" \/>\n\t<div class=\"ms-thumb\" ><div class=\"ms-tab-context\"><div class=&quot;ms-tab-context&quot;><\/div><\/div>\n<\/div>\n\t\t\t\t<\/div>\n\t\t\t\t<div  class=\"ms-slide\" data-delay=\"3\" data-fill-mode=\"fill\"  >\n\t\t\t\t\t<img decoding=\"async\" src=\"http:\/\/www.assoargr.fr\/wp-argr\/wp-content\/plugins\/master-slider\/public\/assets\/css\/blank.gif\" alt=\"\" title=\"\" data-src=\"http:\/\/www.assoargr.fr\/wp-argr\/wp-content\/uploads\/2016\/03\/img24.jpg\" \/>\n\n\n\t<img decoding=\"async\" class=\"ms-thumb\" src=\"http:\/\/www.assoargr.fr\/wp-argr\/wp-content\/uploads\/2016\/03\/img24-140x80.jpg\" alt=\"\" \/>\n\t<div class=\"ms-thumb\" ><div class=\"ms-tab-context\"><div class=&quot;ms-tab-context&quot;><\/div><\/div>\n<\/div>\n\t\t\t\t<\/div>\n\t\t\t\t<div  class=\"ms-slide\" data-delay=\"3\" data-fill-mode=\"fill\"  >\n\t\t\t\t\t<img decoding=\"async\" src=\"http:\/\/www.assoargr.fr\/wp-argr\/wp-content\/plugins\/master-slider\/public\/assets\/css\/blank.gif\" alt=\"\" title=\"\" data-src=\"http:\/\/www.assoargr.fr\/wp-argr\/wp-content\/uploads\/2016\/03\/img23.jpg\" \/>\n\n\n\t<img decoding=\"async\" class=\"ms-thumb\" src=\"http:\/\/www.assoargr.fr\/wp-argr\/wp-content\/uploads\/2016\/03\/img23-140x80.jpg\" alt=\"\" \/>\n\t<div class=\"ms-thumb\" ><div class=\"ms-tab-context\"><div class=&quot;ms-tab-context&quot;><\/div><\/div>\n<\/div>\n\t\t\t\t<\/div>\n\t\t\t\t<div  class=\"ms-slide\" data-delay=\"3\" data-fill-mode=\"fill\"  >\n\t\t\t\t\t<img decoding=\"async\" src=\"http:\/\/www.assoargr.fr\/wp-argr\/wp-content\/plugins\/master-slider\/public\/assets\/css\/blank.gif\" alt=\"\" title=\"\" data-src=\"http:\/\/www.assoargr.fr\/wp-argr\/wp-content\/uploads\/2016\/03\/img25.jpg\" \/>\n\n\n\t<img decoding=\"async\" class=\"ms-thumb\" src=\"http:\/\/www.assoargr.fr\/wp-argr\/wp-content\/uploads\/2016\/03\/img25-140x80.jpg\" alt=\"\" \/>\n\t<div class=\"ms-thumb\" ><div class=\"ms-tab-context\"><div class=&quot;ms-tab-context&quot;><\/div><\/div>\n<\/div>\n\t\t\t\t<\/div>\n\n\t\t\t<\/div>\n\t\t\t<!-- END MasterSlider Main -->\n\n\t\t\t \n\t\t<\/div>\n\t\t<!-- END MasterSlider -->\n\n\t\t<script>\n\t\t(function ( $ ) {\n\t\t\t\"use strict\";\n\n\t\t\t$(function () {\n\t\t\t\tvar masterslider_3005 = new MasterSlider();\n\n\t\t\t\t\/\/ slider controls\n\t\t\t\tmasterslider_3005.control('arrows'     ,{ autohide:false, overVideo:true  });\t\t\t\tmasterslider_3005.control('bullets'    ,{ autohide:false, overVideo:true, dir:'h', align:'bottom' , margin:10  });\n\n\t\t\t\tmasterslider_3005.control('thumblist'  ,{ autohide:false, overVideo:true, dir:'v', speed:17, inset:false, arrows:false, hover:false, customClass:'', align:'right',type:'thumbs', margin:5, width:140, height:80, space:5, fillMode:'fill'  });\n\t\t\t\t\/\/ slider setup\n\t\t\t\tmasterslider_3005.setup(\"MS5826c07173005\", {\n\t\t\t\t\t\twidth           : 800,\n\t\t\t\t\t\theight          : 480,\n\t\t\t\t\t\tminHeight       : 0,\n\t\t\t\t\t\tspace           : 0,\n\t\t\t\t\t\tstart           : 1,\n\t\t\t\t\t\tgrabCursor      : true,\n\t\t\t\t\t\tswipe           : true,\n\t\t\t\t\t\tmouse           : true,\n\t\t\t\t\t\tlayout          : \"boxed\",\n\t\t\t\t\t\twheel           : false,\n\t\t\t\t\t\tautoplay        : false,\n\t\t\t\t\t\tinstantStartLayers:false,\n\t\t\t\t\t\tloop            : true,\n\t\t\t\t\t\tshuffle         : false,\n\t\t\t\t\t\tpreload         : 0,\n\t\t\t\t\t\theightLimit     : true,\n\t\t\t\t\t\tautoHeight      : false,\n\t\t\t\t\t\tsmoothHeight    : true,\n\t\t\t\t\t\tendPause        : false,\n\t\t\t\t\t\toverPause       : true,\n\t\t\t\t\t\tfillMode        : \"fill\",\n\t\t\t\t\t\tcenterControls  : true,\n\t\t\t\t\t\tstartOnAppear   : false,\n\t\t\t\t\t\tlayersMode      : \"center\",\n\t\t\t\t\t\thideLayers      : false,\n\t\t\t\t\t\tfullscreenMargin: 0,\n\t\t\t\t\t\tspeed           : 20,\n\t\t\t\t\t\tdir             : \"h\",\n\t\t\t\t\t\tparallaxMode    : 'swipe',\n\t\t\t\t\t\tview            : \"basic\"\n\t\t\t\t});\n\n\t\t\t\t\n\t\t\t\twindow.masterslider_instances = window.masterslider_instances || [];\n\t\t\t\twindow.masterslider_instances.push( masterslider_3005 );\n\t\t\t });\n\n\t\t})(jQuery);\n\t\t<\/script>\n\n<br \/>\n<strong>ASSEMBLEE GENERALE DU MERCREDI 17 DECEMBRE 2014.<\/strong><\/p>\n<p><strong>PRESENCE <\/strong><br \/>\nMembres pr\u00e9sents      30                                                                                                                       Membres repr\u00e9sent\u00e9s   29                                                                                                                        Membres inscrits      74<br \/>\nEn d\u00e9but de r\u00e9union Marie-Christine Huan informe des d\u00e9c\u00e8s survenus dans l\u2019ann\u00e9e pour 4 de nos membres. Clotilde Charpentier et Roland Fessard en f\u00e9vrier (les obs\u00e8ques ayant \u00e9t\u00e9 signal\u00e9es avec beaucoup de retard, l\u2019ARGR n\u2019a pu y \u00eatre repr\u00e9sent\u00e9e), Jean Nouvel en mai et Philippe Valot tout r\u00e9cemment (ayant \u00e9t\u00e9 averti \u00e0 temps, plusieurs personnes ont pu se rendre pour t\u00e9moigner \u00e0 la famille toute leur sympathie et pr\u00e9senter leurs condol\u00e9ances). Dans l\u2019entourage de nos membres nous avons eu connaissance du d\u00e9c\u00e8s subit du mari de Line Lacaze, au nom de l\u2019association un courrier lui a \u00e9t\u00e9 adress\u00e9.<\/p>\n<p><strong>RAPPORT D\u2019ACTIVITES 2014<\/strong><\/p>\n<p>Sortie du 19 juin 2014 \u00e0 Roland Garros.<br \/>\nNous \u00e9tions 32 participants \u00e0 d\u00e9couvrir les coulisses de ce lieu mythique du tennis. Le tournoi venait de se terminer quelques jours plus t\u00f4t et sur le site flottait encore l\u2019atmosph\u00e8re de l\u2019\u00e9v\u00e9nement. Cette matin\u00e9e s\u2019est poursuivie par un bon d\u00e9jeuner en plein air et au soleil au restaurant des stades. Ceux et celles qui le pouvaient ont pu aussi visiter le mus\u00e9e relatant l\u2019\u00e9volution du tournoi au cours des ann\u00e9es.<br \/>\nSortie du 18 novembre 2014 \u00e0 la \u00ab\u00a0Fondation Pierre Berg\u00e9 et Yves Saint-Laurent\u00a0\u00bb.<br \/>\n 34 personnes ont pu admirer les richesses de ce bel h\u00f4tel particulier situ\u00e9 dans le XVI\u00e8me\u00a0:  le bureau de Yves Saint-Laurent avec de  tr\u00e8s belles cr\u00e9ations de couture de ce g\u00e9nie de la mode, quelques uns de ses croquis et les salons de r\u00e9ception et d\u2019essayage. Un seul regret les 5000 v\u00eatements et les 15000 accessoires entrepos\u00e9s dans cet h\u00f4tel ne sont pas visibles pour des raisons de bonne conservation\u00a0; \u00e0 l\u2019abri de la lumi\u00e8re, de la chaleur et du contact humain. La visite de l\u2019exposition temporaire du photographe Hedi Slimane Sonic, portraits en noir et blanc d\u2019artistes et de personnages du rock essentiellement anglo-saxons. Un d\u00e9jeuner dans une brasserie proche a permis d\u2019\u00e9changer et de se reposer.<br \/>\nCette ann\u00e9e 22 colis ont \u00e9t\u00e9 exp\u00e9di\u00e9s \u00e0 nos plus anciens pour les f\u00eates (77 ans et plus).<br \/>\nMise en place d\u2019un voyage \u00e0 Londres en avril 2015.<br \/>\n20 personnes sont inscrites, il est encore possible de se joindre \u00e0 ce groupe \u00e0 condition de se manifester tr\u00e8s vite.<\/p>\n<p><strong>RAPPORT FINANCIER \u2013 APPROBATION DES COMPTES 2014.<\/strong><\/p>\n<p>Patrice Defontenay pr\u00e9sente les comptes pour la p\u00e9riode du 1er d\u00e9cembre 2013 au 30 novembre 2014.<br \/>\nLes d\u00e9penses\u00a0pour l\u2019ann\u00e9e sont de 7015.03 \u20ac, les recettes de  6850.24\u20ac.<br \/>\nLes d\u00e9penses sont en \u00e9quilibres par rapport aux recettes, ces derni\u00e8res \u00e9tant constitu\u00e9es des cotisations des membres, de la participation des inscrits aux sorties et de la subvention de GIVAUDAN. Aucune observation ou question n\u2019ayant \u00e9t\u00e9 formul\u00e9es, la gestion est approuv\u00e9e et la Soci\u00e9t\u00e9 GIVAUDAN est remerci\u00e9e pour sa g\u00e9n\u00e9reuse participation.<\/p>\n<p><strong>DIVERS<\/strong><\/p>\n<p>Les membres du bureau sont remerci\u00e9s pour leur participation \u00e0 la bonne gestion de l\u2019association. Il est alors propos\u00e9 \u00e0 chacun dans l\u2019assistance de venir rejoindre ce bureau, il n\u2019y a pas eu de volontaire\u2026  Cette ann\u00e9e de nouveaux membres nous ont rejoints, nous nous en r\u00e9jouissons tout en regrettant que lors du d\u00e9part en retraite des salari\u00e9s il n\u2019y ait aucune information de notre existence.<br \/>\nMarie-Christine donne quelques nouvelles des absents qui ont donn\u00e9 signe de vie ou qu\u2019elle a contact\u00e9s.<br \/>\n L\u2019AG se termine comme chaque ann\u00e9e par le traditionnel pot de l\u2019amiti\u00e9 au cours duquel quelques actifs sont venus nous rejoindre.<br \/>\nEncore un grand merci \u00e0 Jacky qui comme chaque ann\u00e9e nous a concoct\u00e9 un agr\u00e9able cocktail gourmand.<\/p>\n<p>Les membres du bureau vous pr\u00e9sentent leurs meilleurs v\u0153ux pour l\u2019ann\u00e9e 2015, que cette nouvelle ann\u00e9e vous apporte joie, r\u00e9ussite et sant\u00e9 \u00e0 vous et votre famille.<\/p>\n","protected":false},"excerpt":{"rendered":"<p>ASSEMBLEE GENERALE DU MERCREDI 17 DECEMBRE 2014. PRESENCE Membres pr\u00e9sents 30 Membres repr\u00e9sent\u00e9s 29 Membres inscrits 74 En d\u00e9but de r\u00e9union Marie-Christine Huan informe des d\u00e9c\u00e8s survenus dans l\u2019ann\u00e9e pour 4 de nos membres. Clotilde Charpentier et Roland Fessard en f\u00e9vrier (les obs\u00e8ques ayant \u00e9t\u00e9 signal\u00e9es avec beaucoup de retard, l\u2019ARGR n\u2019a pu y \u00eatre&hellip;<\/p>\n","protected":false},"author":1,"featured_media":0,"parent":0,"menu_order":0,"comment_status":"closed","ping_status":"closed","template":"","meta":{"footnotes":""},"class_list":["post-162","page","type-page","status-publish","hentry","entry","no-media"],"_links":{"self":[{"href":"https:\/\/www.assoargr.fr\/wp-argr\/wp-json\/wp\/v2\/pages\/162"}],"collection":[{"href":"https:\/\/www.assoargr.fr\/wp-argr\/wp-json\/wp\/v2\/pages"}],"about":[{"href":"https:\/\/www.assoargr.fr\/wp-argr\/wp-json\/wp\/v2\/types\/page"}],"author":[{"embeddable":true,"href":"https:\/\/www.assoargr.fr\/wp-argr\/wp-json\/wp\/v2\/users\/1"}],"replies":[{"embeddable":true,"href":"https:\/\/www.assoargr.fr\/wp-argr\/wp-json\/wp\/v2\/comments?post=162"}],"version-history":[{"count":2,"href":"https:\/\/www.assoargr.fr\/wp-argr\/wp-json\/wp\/v2\/pages\/162\/revisions"}],"predecessor-version":[{"id":164,"href":"https:\/\/www.assoargr.fr\/wp-argr\/wp-json\/wp\/v2\/pages\/162\/revisions\/164"}],"wp:attachment":[{"href":"https:\/\/www.assoargr.fr\/wp-argr\/wp-json\/wp\/v2\/media?parent=162"}],"curies":[{"name":"wp","href":"https:\/\/api.w.org\/{rel}","templated":true}]}}