{"id":1573,"date":"2017-12-14T14:02:31","date_gmt":"2017-12-14T13:02:31","guid":{"rendered":"http:\/\/www.assoargr.fr\/wp-argr\/?page_id=1573"},"modified":"2018-01-09T13:21:23","modified_gmt":"2018-01-09T12:21:23","slug":"assemblee-generale-de-13-decembre-2017","status":"publish","type":"page","link":"https:\/\/www.assoargr.fr\/wp-argr\/assemblee-generale-de-13-decembre-2017\/","title":{"rendered":"Assembl\u00e9e g\u00e9n\u00e9rale de 13 d\u00e9cembre 2017"},"content":{"rendered":"<p>\n\t\t<!-- MasterSlider -->\n\t\t<div id=\"P_MS5a32764c56481\" class=\"master-slider-parent msl ms-parent-id-63\" style=\"max-width:800px;\"  >\n\n\t\t\t\n\t\t\t<!-- MasterSlider Main -->\n\t\t\t<div id=\"MS5a32764c56481\" class=\"master-slider ms-skin-default\" >\n\t\t\t\t \t\t\t\t \n\t\t\t\t<div  class=\"ms-slide\" data-delay=\"3\" data-fill-mode=\"fill\"  >\n\t\t\t\t\t<img decoding=\"async\" src=\"http:\/\/www.assoargr.fr\/wp-argr\/wp-content\/plugins\/master-slider\/public\/assets\/css\/blank.gif\" alt=\"\" title=\"\" data-src=\"http:\/\/www.assoargr.fr\/wp-argr\/wp-content\/uploads\/2017\/12\/IMG_1195.jpg\" \/>\n\n\n\t<img decoding=\"async\" class=\"ms-thumb\" src=\"http:\/\/www.assoargr.fr\/wp-argr\/wp-content\/uploads\/2017\/12\/IMG_1195-140x80.jpg\" alt=\"\" \/>\n\t<div class=\"ms-thumb\" ><div class=\"ms-tab-context\"><div class=&quot;ms-tab-context&quot;><\/div><\/div>\n<\/div>\n\t\t\t\t<\/div>\n\t\t\t\t<div  class=\"ms-slide\" data-delay=\"3\" data-fill-mode=\"fill\"  >\n\t\t\t\t\t<img decoding=\"async\" src=\"http:\/\/www.assoargr.fr\/wp-argr\/wp-content\/plugins\/master-slider\/public\/assets\/css\/blank.gif\" alt=\"\" title=\"\" data-src=\"http:\/\/www.assoargr.fr\/wp-argr\/wp-content\/uploads\/2017\/12\/IMG_1196.jpg\" \/>\n\n\n\t<img decoding=\"async\" class=\"ms-thumb\" src=\"http:\/\/www.assoargr.fr\/wp-argr\/wp-content\/uploads\/2017\/12\/IMG_1196-140x80.jpg\" alt=\"\" \/>\n\t<div class=\"ms-thumb\" ><div class=\"ms-tab-context\"><div class=&quot;ms-tab-context&quot;><\/div><\/div>\n<\/div>\n\t\t\t\t<\/div>\n\t\t\t\t<div  class=\"ms-slide\" data-delay=\"3\" data-fill-mode=\"fill\"  >\n\t\t\t\t\t<img decoding=\"async\" src=\"http:\/\/www.assoargr.fr\/wp-argr\/wp-content\/plugins\/master-slider\/public\/assets\/css\/blank.gif\" alt=\"\" title=\"\" data-src=\"http:\/\/www.assoargr.fr\/wp-argr\/wp-content\/uploads\/2017\/12\/IMG_1197.jpg\" \/>\n\n\n\t<img decoding=\"async\" class=\"ms-thumb\" src=\"http:\/\/www.assoargr.fr\/wp-argr\/wp-content\/uploads\/2017\/12\/IMG_1197-140x80.jpg\" alt=\"\" \/>\n\t<div class=\"ms-thumb\" ><div class=\"ms-tab-context\"><div class=&quot;ms-tab-context&quot;><\/div><\/div>\n<\/div>\n\t\t\t\t<\/div>\n\t\t\t\t<div  class=\"ms-slide\" data-delay=\"3\" data-fill-mode=\"fill\"  >\n\t\t\t\t\t<img decoding=\"async\" src=\"http:\/\/www.assoargr.fr\/wp-argr\/wp-content\/plugins\/master-slider\/public\/assets\/css\/blank.gif\" alt=\"\" title=\"\" data-src=\"http:\/\/www.assoargr.fr\/wp-argr\/wp-content\/uploads\/2017\/12\/IMG_1198.jpg\" \/>\n\n\n\t<img decoding=\"async\" class=\"ms-thumb\" src=\"http:\/\/www.assoargr.fr\/wp-argr\/wp-content\/uploads\/2017\/12\/IMG_1198-140x80.jpg\" alt=\"\" \/>\n\t<div class=\"ms-thumb\" ><div class=\"ms-tab-context\"><div class=&quot;ms-tab-context&quot;><\/div><\/div>\n<\/div>\n\t\t\t\t<\/div>\n\t\t\t\t<div  class=\"ms-slide\" data-delay=\"3\" data-fill-mode=\"fill\"  >\n\t\t\t\t\t<img decoding=\"async\" src=\"http:\/\/www.assoargr.fr\/wp-argr\/wp-content\/plugins\/master-slider\/public\/assets\/css\/blank.gif\" alt=\"\" title=\"\" data-src=\"http:\/\/www.assoargr.fr\/wp-argr\/wp-content\/uploads\/2017\/12\/IMG_1199.jpg\" \/>\n\n\n\t<img decoding=\"async\" class=\"ms-thumb\" src=\"http:\/\/www.assoargr.fr\/wp-argr\/wp-content\/uploads\/2017\/12\/IMG_1199-140x80.jpg\" alt=\"\" \/>\n\t<div class=\"ms-thumb\" ><div class=\"ms-tab-context\"><div class=&quot;ms-tab-context&quot;><\/div><\/div>\n<\/div>\n\t\t\t\t<\/div>\n\t\t\t\t<div  class=\"ms-slide\" data-delay=\"3\" data-fill-mode=\"fill\"  >\n\t\t\t\t\t<img decoding=\"async\" src=\"http:\/\/www.assoargr.fr\/wp-argr\/wp-content\/plugins\/master-slider\/public\/assets\/css\/blank.gif\" alt=\"\" title=\"\" data-src=\"http:\/\/www.assoargr.fr\/wp-argr\/wp-content\/uploads\/2017\/12\/IMG_1200.jpg\" \/>\n\n\n\t<img decoding=\"async\" class=\"ms-thumb\" src=\"http:\/\/www.assoargr.fr\/wp-argr\/wp-content\/uploads\/2017\/12\/IMG_1200-140x80.jpg\" alt=\"\" \/>\n\t<div class=\"ms-thumb\" ><div class=\"ms-tab-context\"><div class=&quot;ms-tab-context&quot;><\/div><\/div>\n<\/div>\n\t\t\t\t<\/div>\n\t\t\t\t<div  class=\"ms-slide\" data-delay=\"3\" data-fill-mode=\"fill\"  >\n\t\t\t\t\t<img decoding=\"async\" src=\"http:\/\/www.assoargr.fr\/wp-argr\/wp-content\/plugins\/master-slider\/public\/assets\/css\/blank.gif\" alt=\"\" title=\"\" data-src=\"http:\/\/www.assoargr.fr\/wp-argr\/wp-content\/uploads\/2017\/12\/IMG_1201.jpg\" \/>\n\n\n\t<img decoding=\"async\" class=\"ms-thumb\" src=\"http:\/\/www.assoargr.fr\/wp-argr\/wp-content\/uploads\/2017\/12\/IMG_1201-140x80.jpg\" alt=\"\" \/>\n\t<div class=\"ms-thumb\" ><div class=\"ms-tab-context\"><div class=&quot;ms-tab-context&quot;><\/div><\/div>\n<\/div>\n\t\t\t\t<\/div>\n\t\t\t\t<div  class=\"ms-slide\" data-delay=\"3\" data-fill-mode=\"fill\"  >\n\t\t\t\t\t<img decoding=\"async\" src=\"http:\/\/www.assoargr.fr\/wp-argr\/wp-content\/plugins\/master-slider\/public\/assets\/css\/blank.gif\" alt=\"\" title=\"\" data-src=\"http:\/\/www.assoargr.fr\/wp-argr\/wp-content\/uploads\/2017\/12\/IMG_1202.jpg\" \/>\n\n\n\t<img decoding=\"async\" class=\"ms-thumb\" src=\"http:\/\/www.assoargr.fr\/wp-argr\/wp-content\/uploads\/2017\/12\/IMG_1202-140x80.jpg\" alt=\"\" \/>\n\t<div class=\"ms-thumb\" ><div class=\"ms-tab-context\"><div class=&quot;ms-tab-context&quot;><\/div><\/div>\n<\/div>\n\t\t\t\t<\/div>\n\t\t\t\t<div  class=\"ms-slide\" data-delay=\"3\" data-fill-mode=\"fill\"  >\n\t\t\t\t\t<img decoding=\"async\" src=\"http:\/\/www.assoargr.fr\/wp-argr\/wp-content\/plugins\/master-slider\/public\/assets\/css\/blank.gif\" alt=\"\" title=\"\" data-src=\"http:\/\/www.assoargr.fr\/wp-argr\/wp-content\/uploads\/2017\/12\/IMG_1204.jpg\" \/>\n\n\n\t<img decoding=\"async\" class=\"ms-thumb\" src=\"http:\/\/www.assoargr.fr\/wp-argr\/wp-content\/uploads\/2017\/12\/IMG_1204-140x80.jpg\" alt=\"\" \/>\n\t<div class=\"ms-thumb\" ><div class=\"ms-tab-context\"><div class=&quot;ms-tab-context&quot;><\/div><\/div>\n<\/div>\n\t\t\t\t<\/div>\n\t\t\t\t<div  class=\"ms-slide\" data-delay=\"3\" data-fill-mode=\"fill\"  >\n\t\t\t\t\t<img decoding=\"async\" src=\"http:\/\/www.assoargr.fr\/wp-argr\/wp-content\/plugins\/master-slider\/public\/assets\/css\/blank.gif\" alt=\"\" title=\"\" data-src=\"http:\/\/www.assoargr.fr\/wp-argr\/wp-content\/uploads\/2017\/12\/IMG_1203.jpg\" \/>\n\n\n\t<img decoding=\"async\" class=\"ms-thumb\" src=\"http:\/\/www.assoargr.fr\/wp-argr\/wp-content\/uploads\/2017\/12\/IMG_1203-140x80.jpg\" alt=\"\" \/>\n\t<div class=\"ms-thumb\" ><div class=\"ms-tab-context\"><div class=&quot;ms-tab-context&quot;><\/div><\/div>\n<\/div>\n\t\t\t\t<\/div>\n\t\t\t\t<div  class=\"ms-slide\" data-delay=\"3\" data-fill-mode=\"fill\"  >\n\t\t\t\t\t<img decoding=\"async\" src=\"http:\/\/www.assoargr.fr\/wp-argr\/wp-content\/plugins\/master-slider\/public\/assets\/css\/blank.gif\" alt=\"\" title=\"\" data-src=\"http:\/\/www.assoargr.fr\/wp-argr\/wp-content\/uploads\/2017\/12\/IMG_1205.jpg\" \/>\n\n\n\t<img decoding=\"async\" class=\"ms-thumb\" src=\"http:\/\/www.assoargr.fr\/wp-argr\/wp-content\/uploads\/2017\/12\/IMG_1205-140x80.jpg\" alt=\"\" \/>\n\t<div class=\"ms-thumb\" ><div class=\"ms-tab-context\"><div class=&quot;ms-tab-context&quot;><\/div><\/div>\n<\/div>\n\t\t\t\t<\/div>\n\t\t\t\t<div  class=\"ms-slide\" data-delay=\"3\" data-fill-mode=\"fill\"  >\n\t\t\t\t\t<img decoding=\"async\" src=\"http:\/\/www.assoargr.fr\/wp-argr\/wp-content\/plugins\/master-slider\/public\/assets\/css\/blank.gif\" alt=\"\" title=\"\" data-src=\"http:\/\/www.assoargr.fr\/wp-argr\/wp-content\/uploads\/2017\/12\/IMG_1206.jpg\" \/>\n\n\n\t<img decoding=\"async\" class=\"ms-thumb\" src=\"http:\/\/www.assoargr.fr\/wp-argr\/wp-content\/uploads\/2017\/12\/IMG_1206-140x80.jpg\" alt=\"\" \/>\n\t<div class=\"ms-thumb\" ><div class=\"ms-tab-context\"><div class=&quot;ms-tab-context&quot;><\/div><\/div>\n<\/div>\n\t\t\t\t<\/div>\n\n\t\t\t<\/div>\n\t\t\t<!-- END MasterSlider Main -->\n\n\t\t\t \n\t\t<\/div>\n\t\t<!-- END MasterSlider -->\n\n\t\t<script>\n\t\t(function ( $ ) {\n\t\t\t\"use strict\";\n\n\t\t\t$(function () {\n\t\t\t\tvar masterslider_6481 = new MasterSlider();\n\n\t\t\t\t\/\/ slider controls\n\t\t\t\tmasterslider_6481.control('arrows'     ,{ autohide:false, overVideo:true  });\t\t\t\tmasterslider_6481.control('bullets'    ,{ autohide:false, overVideo:true, dir:'h', align:'bottom' , margin:10  });\n\n\t\t\t\tmasterslider_6481.control('thumblist'  ,{ autohide:false, overVideo:true, dir:'h', speed:17, inset:false, arrows:false, hover:false, customClass:'', align:'bottom',type:'thumbs', margin:5, width:140, height:80, space:5, fillMode:'fill'  });\n\t\t\t\t\/\/ slider setup\n\t\t\t\tmasterslider_6481.setup(\"MS5a32764c56481\", {\n\t\t\t\t\t\twidth           : 800,\n\t\t\t\t\t\theight          : 480,\n\t\t\t\t\t\tminHeight       : 0,\n\t\t\t\t\t\tspace           : 0,\n\t\t\t\t\t\tstart           : 1,\n\t\t\t\t\t\tgrabCursor      : true,\n\t\t\t\t\t\tswipe           : true,\n\t\t\t\t\t\tmouse           : true,\n\t\t\t\t\t\tlayout          : \"boxed\",\n\t\t\t\t\t\twheel           : false,\n\t\t\t\t\t\tautoplay        : false,\n\t\t\t\t\t\tinstantStartLayers:false,\n\t\t\t\t\t\tloop            : false,\n\t\t\t\t\t\tshuffle         : false,\n\t\t\t\t\t\tpreload         : 0,\n\t\t\t\t\t\theightLimit     : true,\n\t\t\t\t\t\tautoHeight      : false,\n\t\t\t\t\t\tsmoothHeight    : true,\n\t\t\t\t\t\tendPause        : false,\n\t\t\t\t\t\toverPause       : true,\n\t\t\t\t\t\tfillMode        : \"fill\",\n\t\t\t\t\t\tcenterControls  : true,\n\t\t\t\t\t\tstartOnAppear   : false,\n\t\t\t\t\t\tlayersMode      : \"center\",\n\t\t\t\t\t\thideLayers      : false,\n\t\t\t\t\t\tfullscreenMargin: 0,\n\t\t\t\t\t\tspeed           : 20,\n\t\t\t\t\t\tdir             : \"h\",\n\t\t\t\t\t\tparallaxMode    : 'swipe',\n\t\t\t\t\t\tview            : \"basic\"\n\t\t\t\t});\n\n\t\t\t\t\n\t\t\t\twindow.masterslider_instances = window.masterslider_instances || [];\n\t\t\t\twindow.masterslider_instances.push( masterslider_6481 );\n\t\t\t });\n\n\t\t})(jQuery);\n\t\t<\/script>\n\n<br \/>\n<strong>COMPTE RENDU DE L\u2019ASSEMBLEE GENERALE DU MERCREDI 13 DECEMBRE 2017.<\/strong><\/p>\n<p><strong>PRESENCE<\/strong><br \/>\nMembres pr\u00e9sents        43<br \/>\nMembres repr\u00e9sent\u00e9s   36<br \/>\nMembres inscrits          91<br \/>\nMerci aux pr\u00e9sents ainsi qu\u2019\u00e0 ceux qui, n\u2019ayant pu \u00eatre l\u00e0, ont envoy\u00e9 leur pouvoir t\u00e9moignant ainsi leur int\u00e9r\u00eat pour l\u2019association.<\/p>\n<p><strong>RAPPORT D\u2019ACTIVITE 2017<\/strong>.<br \/>\nSortie du 25 f\u00e9vrier 2017 : visite de l\u2019Assembl\u00e9e Nationale<br \/>\nPour visiter ce \u00ab haut lieu \u00bb de la vie politique il faut \u00eatre parrain\u00e9 par un d\u00e9put\u00e9. Benito Belogi, en tant que vice-pr\u00e9sident d\u2019une association d\u2019anciens combattants, a pu faire intervenir le d\u00e9put\u00e9 de sa circonscription : Monsieur le D\u00e9put\u00e9 Kossovski<br \/>\n34 membres de l\u2019ARGR ont ainsi pu participer \u00e0 cette visite ; celle-ci \u00e9tait d\u2019ailleurs une des derni\u00e8res organis\u00e9es avant la p\u00e9riode \u00e9lectorale, toute visite \u00e9tant supprim\u00e9e ensuite. Nous nous sommes retrouv\u00e9s apr\u00e8s cela pour un d\u00e9jeuner dans la Brasserie jouxtant l\u2019Assembl\u00e9e.<br \/>\nSpectacle : Com\u00e9die musicale : \u00ab Les Choristes \u00bb.<br \/>\n2 s\u00e9ances ont \u00e9t\u00e9 propos\u00e9es (en mars et en avril) pour ce spectacle en matin\u00e9e. 2 fois 13 membres et leur conjoint s\u2019y sont rendus et ont, je crois, appr\u00e9ci\u00e9 la repr\u00e9sentation assez fid\u00e8le au film qui avait eu un grand succ\u00e8s aupr\u00e8s de toutes les g\u00e9n\u00e9rations.<br \/>\nLes 3, 4 et 5 octobre : vir\u00e9e dans le Cotentin autour de Cherbourg.<br \/>\n23 personnes ont particip\u00e9 \u00e0 ce voyage en car au d\u00e9part d\u2019Argenteuil prises en charge par la compagnie de cars et de tourisme SAVAC. Nous avons visit\u00e9 la \u00ab Cit\u00e9 de la Mer \u00bb \u00e0 Cherbourg o\u00f9 on retrouve en exposition du 1er sous-marin nucl\u00e9aire lanceur de missiles, visite comment\u00e9e par un ancien sous-marinier.                                                                                                   Le 2\u00e8me jour, d\u00e9couverte en cal\u00e8che de la commune de Saint-Vaast la Hougue, suivie d\u2019une d\u00e9gustation d\u2019hu\u00eetres et d\u2019une balade guid\u00e9e de l\u2019\u00eele de Tatihou ; la soir\u00e9e s\u2019est termin\u00e9e par un tr\u00e8s agr\u00e9able ap\u00e9ritif chez Nicole Debeauvais (aussi organis\u00e9 par Fran\u00e7oise et Pierre Pesnelle). Merci \u00e0 eux pour ce moment convivial dans un beau cadre et sous le soleil.                              Nous avons pu aussi appr\u00e9cier la gastronomie locale qui en plus d\u2019\u00eatre bonne nous a oblig\u00e9s \u00e0 nous mettre \u00e0 la di\u00e8te au retour !!!<br \/>\nIl a \u00e9t\u00e9 distribu\u00e9 27 colis de fin d\u2019ann\u00e9e aux membres de l\u2019association ayant plus de 77 ans.<br \/>\nCe rapport d\u2019activit\u00e9 a \u00e9t\u00e9 adopt\u00e9 \u00e0 l\u2019unanimit\u00e9 par l\u2019assembl\u00e9e.<\/p>\n<p><strong>RAPPORT FINANCIER<\/strong><br \/>\nEn tant que tr\u00e9sorier et en l\u2019absence de Sylvie K\u00e9raron, Patrice Defontenay pr\u00e9sente les comptes pour la p\u00e9riode du 1er d\u00e9cembre 2016 au 30 novembre 2017.<br \/>\nLes d\u00e9penses s\u2019\u00e9l\u00e8vent \u00e0 10.474 \u20ac    et les recettes \u00e0 7.131 \u20ac<br \/>\nAucune observation ou question n\u2019ayant \u00e9t\u00e9 formul\u00e9e, la gestion est approuv\u00e9e et la Soci\u00e9t\u00e9 Givaudan est remerci\u00e9e pour sa g\u00e9n\u00e9reuse participation.<br \/>\nNB : Sylvie K\u00e9raron ne souhaite pas poursuivre son r\u00f4le de comptable qu\u2019elle a exerc\u00e9 pr\u00e8s de 20 ans. En l\u2019absence de volontaire Patrice Defontenay accepte de prendre cette charge.<\/p>\n<p><strong>DIVERS<\/strong><br \/>\nMarie-Christine \u00e9voque les projets possibles pour 2017.<br \/>\n\u2022\tUne sortie spectacle au \u00ab Th\u00e9\u00e2tre des 2 Anes \u00bb. Une option a \u00e9t\u00e9 prise de 35 places le dimanche 25 mars \u00e0 15 h 00. A ce jour il ne reste plus que quelques places de disponibles.<br \/>\n\u2022\tUne visite du S\u00e9nat, \u00e0 l\u2019initiative de Benito Belogi, est pr\u00e9vue le 15 janvier, il est probable qu\u2019une autre date soit propos\u00e9e plus tard.<br \/>\n\u2022\tLes id\u00e9es et propositions de chacun(e) seront toujours les bienvenues.<br \/>\nNous avons eu le plaisir d\u2019accueillir de nouveaux membres au cours de cette ann\u00e9e : Ir\u00e8ne Bruet, Alain Garossi, Patricia Burgat, Raymonde Bourgeois, Francine Danvers-Ludomir, Bernard Fargeas, Marie Basciano et Christian Tardivel.<br \/>\nPar ailleurs nous d\u00e9plorons la disparition de Francis Le Bras en juin, Mireille Guillo en septembre suivie de Jean-Fran\u00e7ois son mari quelques semaines apr\u00e8s.<br \/>\nMarie-Christine donne des nouvelles de certains membres absents contact\u00e9s.<\/p>\n<p>Carmine Strangi informe l\u2019assistance qu\u2019un changement de mutualiste devrait intervenir au sein d\u2019AON au 1er janvier 2018 qui devrait tenir compte d\u2019un certain nombre de nos suggestions et ajouter certaines garanties. Tout cela doit nous \u00eatre confirm\u00e9 par un courrier AON en janvier.<\/p>\n<p>Carmine en tant qu\u2019auteur d\u2019ouvrages litt\u00e9raires nous a pr\u00e9sent\u00e9 quelques-uns de ses livres.<\/p>\n<p>L\u2019AG se termine par le traditionnel pot de l\u2019amiti\u00e9 au cours duquel nous avons eu le plaisir d\u2019\u00eatre rejoint par quelques actifs.<\/p>\n<p><strong>Les membres du bureau vous pr\u00e9sentent leurs meilleurs v\u0153ux pour 2018, que cette nouvelle ann\u00e9e vous apporte joie, bonheur, sant\u00e9 et succ\u00e8s dans vos projets.<\/strong><\/p>\n","protected":false},"excerpt":{"rendered":"<p>COMPTE RENDU DE L\u2019ASSEMBLEE GENERALE DU MERCREDI 13 DECEMBRE 2017. PRESENCE Membres pr\u00e9sents 43 Membres repr\u00e9sent\u00e9s 36 Membres inscrits 91 Merci aux pr\u00e9sents ainsi qu\u2019\u00e0 ceux qui, n\u2019ayant pu \u00eatre l\u00e0, ont envoy\u00e9 leur pouvoir t\u00e9moignant ainsi leur int\u00e9r\u00eat pour l\u2019association. RAPPORT D\u2019ACTIVITE 2017. Sortie du 25 f\u00e9vrier 2017 : visite de l\u2019Assembl\u00e9e Nationale Pour&hellip;<\/p>\n","protected":false},"author":1,"featured_media":0,"parent":0,"menu_order":0,"comment_status":"closed","ping_status":"closed","template":"","meta":{"footnotes":""},"class_list":["post-1573","page","type-page","status-publish","hentry","entry","no-media"],"_links":{"self":[{"href":"https:\/\/www.assoargr.fr\/wp-argr\/wp-json\/wp\/v2\/pages\/1573"}],"collection":[{"href":"https:\/\/www.assoargr.fr\/wp-argr\/wp-json\/wp\/v2\/pages"}],"about":[{"href":"https:\/\/www.assoargr.fr\/wp-argr\/wp-json\/wp\/v2\/types\/page"}],"author":[{"embeddable":true,"href":"https:\/\/www.assoargr.fr\/wp-argr\/wp-json\/wp\/v2\/users\/1"}],"replies":[{"embeddable":true,"href":"https:\/\/www.assoargr.fr\/wp-argr\/wp-json\/wp\/v2\/comments?post=1573"}],"version-history":[{"count":5,"href":"https:\/\/www.assoargr.fr\/wp-argr\/wp-json\/wp\/v2\/pages\/1573\/revisions"}],"predecessor-version":[{"id":1579,"href":"https:\/\/www.assoargr.fr\/wp-argr\/wp-json\/wp\/v2\/pages\/1573\/revisions\/1579"}],"wp:attachment":[{"href":"https:\/\/www.assoargr.fr\/wp-argr\/wp-json\/wp\/v2\/media?parent=1573"}],"curies":[{"name":"wp","href":"https:\/\/api.w.org\/{rel}","templated":true}]}}