{"id":1545,"date":"2017-10-26T18:30:43","date_gmt":"2017-10-26T17:30:43","guid":{"rendered":"http:\/\/www.assoargr.fr\/wp-argr\/?page_id=1545"},"modified":"2017-10-26T18:30:43","modified_gmt":"2017-10-26T17:30:43","slug":"viree-dans-le-cotentin","status":"publish","type":"page","link":"https:\/\/www.assoargr.fr\/wp-argr\/viree-dans-le-cotentin\/","title":{"rendered":"Vir\u00e9e dans le Cotentin"},"content":{"rendered":"<p>&nbsp;<\/p>\n<div>D\u00e9but octobre un groupe de 23 personnes, adh\u00e9rents et leurs conjoints ont sillonn\u00e9 le nord du Cotentin :<\/div>\n<div>&#8211; Cherbourg, la \u00ab\u00a0cit\u00e9 de la mer\u00a0\u00bb, visite du sous marin \u00ab\u00a0le Redoutable\u00a0\u00bb et du p\u00f4le Titanic ainsi que l&rsquo;aquarium.<\/div>\n<div>&#8211; le lendemain,\u00a0 Saint-Vaast la Hougue, promenade en cal\u00e8che, d\u00e9gustation d&rsquo;hu\u00eetres chez un ostr\u00e9iculteur puis d\u00e9couverte de l&rsquo;\u00eele de Tatihou.<\/div>\n<div>En fin de journ\u00e9e, invitation de tous pour un ap\u00e9ritif chaleureux chez Nicole organis\u00e9 par celle-ci et Pierre.<\/div>\n<div>Enfin, dernier jour, cap au bout du monde par la route\u00a0 de la Hague.<\/div>\n<div>Apr\u00e8s 3 journ\u00e9es bien remplies, retour \u00e0 Argenteuil.<\/div>\n<hr \/>\n\n\t\t<!-- MasterSlider -->\n\t\t<div id=\"P_MS5a32758a28f54\" class=\"master-slider-parent msl ms-parent-id-61\" style=\"max-width:945px;\"  >\n\n\t\t\t\n\t\t\t<!-- MasterSlider Main -->\n\t\t\t<div id=\"MS5a32758a28f54\" class=\"master-slider ms-skin-default\" >\n\t\t\t\t \t\t\t\t \n\t\t\t\t<div  class=\"ms-slide\" data-delay=\"3\" data-fill-mode=\"fill\"  >\n\t\t\t\t\t<img decoding=\"async\" src=\"http:\/\/www.assoargr.fr\/wp-argr\/wp-content\/plugins\/master-slider\/public\/assets\/css\/blank.gif\" alt=\"\" title=\"\" data-src=\"http:\/\/www.assoargr.fr\/wp-argr\/wp-content\/uploads\/2017\/10\/DSC06242bis.jpg\" \/>\n\n\n\t<img decoding=\"async\" class=\"ms-thumb\" src=\"http:\/\/www.assoargr.fr\/wp-argr\/wp-content\/uploads\/2017\/10\/DSC06242bis-140x80.jpg\" alt=\"\" \/>\n\t<div class=\"ms-thumb\" ><div class=\"ms-tab-context\"><div class=&quot;ms-tab-context&quot;><\/div><\/div>\n<\/div>\n\t\t\t\t<\/div>\n\t\t\t\t<div  class=\"ms-slide\" data-delay=\"3\" data-fill-mode=\"fill\"  >\n\t\t\t\t\t<img decoding=\"async\" src=\"http:\/\/www.assoargr.fr\/wp-argr\/wp-content\/plugins\/master-slider\/public\/assets\/css\/blank.gif\" alt=\"\" title=\"\" data-src=\"http:\/\/www.assoargr.fr\/wp-argr\/wp-content\/uploads\/2017\/10\/DSC06243bis.jpg\" \/>\n\n\n\t<img decoding=\"async\" class=\"ms-thumb\" src=\"http:\/\/www.assoargr.fr\/wp-argr\/wp-content\/uploads\/2017\/10\/DSC06243bis-140x80.jpg\" alt=\"\" \/>\n\t<div class=\"ms-thumb\" ><div class=\"ms-tab-context\"><div class=&quot;ms-tab-context&quot;><\/div><\/div>\n<\/div>\n\t\t\t\t<\/div>\n\t\t\t\t<div  class=\"ms-slide\" data-delay=\"3\" data-fill-mode=\"fill\"  >\n\t\t\t\t\t<img decoding=\"async\" src=\"http:\/\/www.assoargr.fr\/wp-argr\/wp-content\/plugins\/master-slider\/public\/assets\/css\/blank.gif\" alt=\"\" title=\"\" data-src=\"http:\/\/www.assoargr.fr\/wp-argr\/wp-content\/uploads\/2017\/10\/DSC06267bis.jpg\" \/>\n\n\n\t<img decoding=\"async\" class=\"ms-thumb\" src=\"http:\/\/www.assoargr.fr\/wp-argr\/wp-content\/uploads\/2017\/10\/DSC06267bis-140x80.jpg\" alt=\"\" \/>\n\t<div class=\"ms-thumb\" ><div class=\"ms-tab-context\"><div class=&quot;ms-tab-context&quot;><\/div><\/div>\n<\/div>\n\t\t\t\t<\/div>\n\t\t\t\t<div  class=\"ms-slide\" data-delay=\"3\" data-fill-mode=\"fill\"  >\n\t\t\t\t\t<img decoding=\"async\" src=\"http:\/\/www.assoargr.fr\/wp-argr\/wp-content\/plugins\/master-slider\/public\/assets\/css\/blank.gif\" alt=\"\" title=\"\" data-src=\"http:\/\/www.assoargr.fr\/wp-argr\/wp-content\/uploads\/2017\/10\/DSC06268bis.jpg\" \/>\n\n\n\t<img decoding=\"async\" class=\"ms-thumb\" src=\"http:\/\/www.assoargr.fr\/wp-argr\/wp-content\/uploads\/2017\/10\/DSC06268bis-140x80.jpg\" alt=\"\" \/>\n\t<div class=\"ms-thumb\" ><div class=\"ms-tab-context\"><div class=&quot;ms-tab-context&quot;><\/div><\/div>\n<\/div>\n\t\t\t\t<\/div>\n\t\t\t\t<div  class=\"ms-slide\" data-delay=\"3\" data-fill-mode=\"fill\"  >\n\t\t\t\t\t<img decoding=\"async\" src=\"http:\/\/www.assoargr.fr\/wp-argr\/wp-content\/plugins\/master-slider\/public\/assets\/css\/blank.gif\" alt=\"\" title=\"\" data-src=\"http:\/\/www.assoargr.fr\/wp-argr\/wp-content\/uploads\/2017\/10\/DSC06273bis.jpg\" \/>\n\n\n\t<img decoding=\"async\" class=\"ms-thumb\" src=\"http:\/\/www.assoargr.fr\/wp-argr\/wp-content\/uploads\/2017\/10\/DSC06273bis-140x80.jpg\" alt=\"\" \/>\n\t<div class=\"ms-thumb\" ><div class=\"ms-tab-context\"><div class=&quot;ms-tab-context&quot;><\/div><\/div>\n<\/div>\n\t\t\t\t<\/div>\n\t\t\t\t<div  class=\"ms-slide\" data-delay=\"3\" data-fill-mode=\"fill\"  >\n\t\t\t\t\t<img decoding=\"async\" src=\"http:\/\/www.assoargr.fr\/wp-argr\/wp-content\/plugins\/master-slider\/public\/assets\/css\/blank.gif\" alt=\"\" title=\"\" data-src=\"http:\/\/www.assoargr.fr\/wp-argr\/wp-content\/uploads\/2017\/10\/DSC06279bis.jpg\" \/>\n\n\n\t<img decoding=\"async\" class=\"ms-thumb\" src=\"http:\/\/www.assoargr.fr\/wp-argr\/wp-content\/uploads\/2017\/10\/DSC06279bis-140x80.jpg\" alt=\"\" \/>\n\t<div class=\"ms-thumb\" ><div class=\"ms-tab-context\"><div class=&quot;ms-tab-context&quot;><\/div><\/div>\n<\/div>\n\t\t\t\t<\/div>\n\t\t\t\t<div  class=\"ms-slide\" data-delay=\"3\" data-fill-mode=\"fill\"  >\n\t\t\t\t\t<img decoding=\"async\" src=\"http:\/\/www.assoargr.fr\/wp-argr\/wp-content\/plugins\/master-slider\/public\/assets\/css\/blank.gif\" alt=\"\" title=\"\" data-src=\"http:\/\/www.assoargr.fr\/wp-argr\/wp-content\/uploads\/2017\/10\/DSC06287bis.jpg\" \/>\n\n\n\t<img decoding=\"async\" class=\"ms-thumb\" src=\"http:\/\/www.assoargr.fr\/wp-argr\/wp-content\/uploads\/2017\/10\/DSC06287bis-140x80.jpg\" alt=\"\" \/>\n\t<div class=\"ms-thumb\" ><div class=\"ms-tab-context\"><div class=&quot;ms-tab-context&quot;><\/div><\/div>\n<\/div>\n\t\t\t\t<\/div>\n\t\t\t\t<div  class=\"ms-slide\" data-delay=\"3\" data-fill-mode=\"fill\"  >\n\t\t\t\t\t<img decoding=\"async\" src=\"http:\/\/www.assoargr.fr\/wp-argr\/wp-content\/plugins\/master-slider\/public\/assets\/css\/blank.gif\" alt=\"\" title=\"\" data-src=\"http:\/\/www.assoargr.fr\/wp-argr\/wp-content\/uploads\/2017\/10\/DSC06303bis.jpg\" \/>\n\n\n\t<img decoding=\"async\" class=\"ms-thumb\" src=\"http:\/\/www.assoargr.fr\/wp-argr\/wp-content\/uploads\/2017\/10\/DSC06303bis-140x80.jpg\" alt=\"\" \/>\n\t<div class=\"ms-thumb\" ><div class=\"ms-tab-context\"><div class=&quot;ms-tab-context&quot;><\/div><\/div>\n<\/div>\n\t\t\t\t<\/div>\n\n\t\t\t<\/div>\n\t\t\t<!-- END MasterSlider Main -->\n\n\t\t\t \n\t\t<\/div>\n\t\t<!-- END MasterSlider -->\n\n\t\t<script>\n\t\t(function ( $ ) {\n\t\t\t\"use strict\";\n\n\t\t\t$(function () {\n\t\t\t\tvar masterslider_8f54 = new MasterSlider();\n\n\t\t\t\t\/\/ slider controls\n\t\t\t\tmasterslider_8f54.control('arrows'     ,{ autohide:false, overVideo:true  });\t\t\t\tmasterslider_8f54.control('bullets'    ,{ autohide:false, overVideo:true, dir:'h', align:'bottom' , margin:10  });\n\n\t\t\t\tmasterslider_8f54.control('thumblist'  ,{ autohide:false, overVideo:true, dir:'v', speed:17, inset:false, arrows:false, hover:false, customClass:'', align:'right',type:'thumbs', margin:5, width:140, height:80, space:5, fillMode:'fill'  });\n\t\t\t\t\/\/ slider setup\n\t\t\t\tmasterslider_8f54.setup(\"MS5a32758a28f54\", {\n\t\t\t\t\t\twidth           : 800,\n\t\t\t\t\t\theight          : 480,\n\t\t\t\t\t\tminHeight       : 0,\n\t\t\t\t\t\tspace           : 0,\n\t\t\t\t\t\tstart           : 1,\n\t\t\t\t\t\tgrabCursor      : true,\n\t\t\t\t\t\tswipe           : true,\n\t\t\t\t\t\tmouse           : true,\n\t\t\t\t\t\tlayout          : \"boxed\",\n\t\t\t\t\t\twheel           : false,\n\t\t\t\t\t\tautoplay        : false,\n\t\t\t\t\t\tinstantStartLayers:false,\n\t\t\t\t\t\tloop            : true,\n\t\t\t\t\t\tshuffle         : false,\n\t\t\t\t\t\tpreload         : 0,\n\t\t\t\t\t\theightLimit     : true,\n\t\t\t\t\t\tautoHeight      : false,\n\t\t\t\t\t\tsmoothHeight    : true,\n\t\t\t\t\t\tendPause        : false,\n\t\t\t\t\t\toverPause       : true,\n\t\t\t\t\t\tfillMode        : \"fill\",\n\t\t\t\t\t\tcenterControls  : true,\n\t\t\t\t\t\tstartOnAppear   : false,\n\t\t\t\t\t\tlayersMode      : \"center\",\n\t\t\t\t\t\thideLayers      : false,\n\t\t\t\t\t\tfullscreenMargin: 0,\n\t\t\t\t\t\tspeed           : 20,\n\t\t\t\t\t\tdir             : \"h\",\n\t\t\t\t\t\tparallaxMode    : 'swipe',\n\t\t\t\t\t\tview            : \"basic\"\n\t\t\t\t});\n\n\t\t\t\t\n\t\t\t\twindow.masterslider_instances = window.masterslider_instances || [];\n\t\t\t\twindow.masterslider_instances.push( masterslider_8f54 );\n\t\t\t });\n\n\t\t})(jQuery);\n\t\t<\/script>\n\n\n","protected":false},"excerpt":{"rendered":"<p>&nbsp; D\u00e9but octobre un groupe de 23 personnes, adh\u00e9rents et leurs conjoints ont sillonn\u00e9 le nord du Cotentin : &#8211; Cherbourg, la \u00ab\u00a0cit\u00e9 de la mer\u00a0\u00bb, visite du sous marin \u00ab\u00a0le Redoutable\u00a0\u00bb et du p\u00f4le Titanic ainsi que l&rsquo;aquarium. &#8211; le lendemain,\u00a0 Saint-Vaast la Hougue, promenade en cal\u00e8che, d\u00e9gustation d&rsquo;hu\u00eetres chez un ostr\u00e9iculteur puis d\u00e9couverte&hellip;<\/p>\n","protected":false},"author":1,"featured_media":0,"parent":0,"menu_order":0,"comment_status":"closed","ping_status":"closed","template":"","meta":{"footnotes":""},"class_list":["post-1545","page","type-page","status-publish","hentry","entry","no-media"],"_links":{"self":[{"href":"https:\/\/www.assoargr.fr\/wp-argr\/wp-json\/wp\/v2\/pages\/1545"}],"collection":[{"href":"https:\/\/www.assoargr.fr\/wp-argr\/wp-json\/wp\/v2\/pages"}],"about":[{"href":"https:\/\/www.assoargr.fr\/wp-argr\/wp-json\/wp\/v2\/types\/page"}],"author":[{"embeddable":true,"href":"https:\/\/www.assoargr.fr\/wp-argr\/wp-json\/wp\/v2\/users\/1"}],"replies":[{"embeddable":true,"href":"https:\/\/www.assoargr.fr\/wp-argr\/wp-json\/wp\/v2\/comments?post=1545"}],"version-history":[{"count":5,"href":"https:\/\/www.assoargr.fr\/wp-argr\/wp-json\/wp\/v2\/pages\/1545\/revisions"}],"predecessor-version":[{"id":1558,"href":"https:\/\/www.assoargr.fr\/wp-argr\/wp-json\/wp\/v2\/pages\/1545\/revisions\/1558"}],"wp:attachment":[{"href":"https:\/\/www.assoargr.fr\/wp-argr\/wp-json\/wp\/v2\/media?parent=1545"}],"curies":[{"name":"wp","href":"https:\/\/api.w.org\/{rel}","templated":true}]}}