{"id":1474,"date":"2017-01-20T09:29:51","date_gmt":"2017-01-20T08:29:51","guid":{"rendered":"http:\/\/www.assoargr.fr\/wp-argr\/?page_id=1474"},"modified":"2019-12-19T11:23:40","modified_gmt":"2019-12-19T10:23:40","slug":"assemblee-generale-2016","status":"publish","type":"page","link":"https:\/\/www.assoargr.fr\/wp-argr\/assemblee-generale-2016\/","title":{"rendered":"Assembl\u00e9e g\u00e9n\u00e9rale 2016"},"content":{"rendered":"<p><strong>COMPTE RENDU DE L\u2019ASSEMBLEE GENERALE&nbsp;<\/strong><strong>DU MERCREDI 14 DECEMBRE 2016.<\/strong><\/p>\n<p><strong>&nbsp;<\/strong><strong><u>PRESENCE<\/u><\/strong><\/p>\n<p>Membres pr\u00e9sents&nbsp; &nbsp;&nbsp;&nbsp;&nbsp;&nbsp;&nbsp;42<br \/>\nMembres repr\u00e9sent\u00e9s&nbsp;&nbsp; 29<br \/>\nInscrits&nbsp;&nbsp;&nbsp;&nbsp;&nbsp;&nbsp;&nbsp;&nbsp;&nbsp;&nbsp;&nbsp;&nbsp;&nbsp;&nbsp;&nbsp;&nbsp;&nbsp;&nbsp;&nbsp;&nbsp;&nbsp;&nbsp;&nbsp;&nbsp; 84<\/p>\n<p>Merci aux pr\u00e9sents ainsi qu\u2019\u00e0 ceux qui, n\u2019ayant pu \u00eatre l\u00e0, ont envoy\u00e9 leur pouvoir t\u00e9moignant ainsi leur int\u00e9r\u00eat pour l\u2019association.<\/p>\n<p><strong><u>RAPPORT D\u2019ACTIVITES 2016<\/u><\/strong><\/p>\n<p><strong>Sortie du 9 f\u00e9vrier 2016= visite du site GIVAUDAN d\u2019Argenteuil<\/strong><\/p>\n<p>Nous \u00e9tions un groupe de 30 personnes.<br \/>\nChacun a pu prendre conscience de l\u2019\u00e9volution du site d\u2019Argenteuil depuis leur d\u00e9part.<br \/>\nLes participants ont d\u00e9couvert le service Fragrance Land, le service d\u00e9veloppement, le laboratoire de cr\u00e9ation, l\u2019\u00e9cole de parfumerie, la division ar\u00f4mes\u2026sous la conduite de Martine Uzan. En plus des explications d\u00e9j\u00e0 tr\u00e8s document\u00e9es de Martine nous avons \u00e9t\u00e9 accueilli au sein de chaque service par un(e) responsable qui nous a expliqu\u00e9 plus en d\u00e9tail et a r\u00e9pondu \u00e0 toutes nos questions.<br \/>\nUn copieux buffet pr\u00e9par\u00e9 par l\u2019\u00e9quipe MRS a cl\u00f4tur\u00e9 la matin\u00e9e.<\/p>\n<p><strong>Sortie du 19 juin 2016 au Mus\u00e9e de Montmartre.<\/strong><\/p>\n<p>Malgr\u00e9 de cons\u00e9quentes gr\u00e8ves \u00e0 cette p\u00e9riode, 25 personnes se sont retrouv\u00e9es pour visiter ce charmant petit mus\u00e9e compos\u00e9 de 2 demeures. La premi\u00e8re abrite une multitude de souvenirs de la grande \u00e9poque de Montmartre en commen\u00e7ant par des gravures du si\u00e8ge de 1870. Des salles sont consacr\u00e9es aux heures de gloire de cette colline&nbsp;: le French Cancan, le Th\u00e9\u00e2tre d\u2019Ombres, les cabarets\u2026L\u2019autre demeure abrite l\u2019atelier-appartement o\u00f9 v\u00e9curent Suzanne Valadon, son fils Maurice Utrillo et son ami Andr\u00e9 Utter. On peut y voir des tableaux de ces artistes et de quelques uns de leurs contemporains.<br \/>\nUn agr\u00e9able petit jardin (malheureusement parcouru sous la pluie&nbsp;!) fut le cadre choisi par Renoir pour y peindre \u00ab&nbsp;la Balan\u00e7oire&nbsp;\u00bb et surplombe les c\u00e9l\u00e8bres vignes dont les vendanges font partie du folklore du quartier.<br \/>\nUne jeune conf\u00e9renci\u00e8re anglaise a su nous faire revivre les lieux et a passionn\u00e9 son auditoire.<br \/>\nLa visite s\u2019est achev\u00e9e par un d\u00e9jeuner Place du Tertre, \u00e0 proximit\u00e9 des touristes et des incontournables caricaturistes.<\/p>\n<p><strong>Sortie du 29 novembre 2016&nbsp;: La Cit\u00e9 Universitaire.<\/strong><\/p>\n<p>La vocation initiale de ce lieu \u00e9tait de contribuer apr\u00e8s la 1<sup>\u00e8re<\/sup> guerre mondiale \u00e0 l\u2019entente entre les peuples en favorisant les amiti\u00e9s entre les \u00e9tudiants, les chercheurs et les artistes du monde entier. La plupart des pavillons ont \u00e9t\u00e9 construits entre 1923 et 1969, chaque fondateur de la maison ayant le libre choix de son architecture.<br \/>\nActuellement il existe 40 maisons et 3 sont en construction dans un parc de 45 ha.<br \/>\nElles h\u00e9bergent environ 10.000 \u00e9tudiants par an.<br \/>\nNous \u00e9tions divis\u00e9s en 2 groupes et avons pu visiter plus particuli\u00e8rement les maisons du Maroc, de la Suisse, du Japon et de la Belgique.<\/p>\n<p>La caf\u00e9t\u00e9ria de la maison de l\u2019Espagne nous a accueillis pour un d\u00e9jeuner simple mais tr\u00e8s chaleureux.<\/p>\n<p><strong>Il a \u00e9t\u00e9 distribu\u00e9 27 colis de fin d\u2019ann\u00e9e aux membres de l\u2019association ayant plus de 77 ans.<\/strong><\/p>\n<p>Ce rapport d\u2019activit\u00e9 a \u00e9t\u00e9 adopt\u00e9 \u00e0 l\u2019unanimit\u00e9 par l\u2019assembl\u00e9e.<\/p>\n<p><strong><u>RAPPORT FINANCIER.<\/u><\/strong><\/p>\n<p>En tant que tr\u00e9sorier et en l\u2019absence de Sylvie K\u00e9raron, Patrice Defontenay pr\u00e9sente les comptes pour la p\u00e9riode 1<sup>er<\/sup> d\u00e9cembre 2015-30 novembre 2016.<br \/>\nLes d\u00e9penses s\u2019\u00e9l\u00e8vent \u00e0 4789 \u20ac et les recettes \u00e0 8918 \u20ac.<br \/>\nAucune observation ou question n\u2019ayant \u00e9t\u00e9 formul\u00e9e, la gestion est approuv\u00e9e et la Soci\u00e9t\u00e9 GIVAUDAN est remerci\u00e9e pour sa g\u00e9n\u00e9reuse participation.<\/p>\n<p><strong><u>DIVERS.<\/u><\/strong><\/p>\n<p>Marie-Christine \u00e9voque les projets pour 2017.<\/p>\n<ul>\n<li>Une option a \u00e9t\u00e9 prise pour la com\u00e9die musicale \u00ab&nbsp;Les Choristes&nbsp;\u00bb aux Folies Berg\u00e8res. D\u00e9but janvier, 26 places ont \u00e9t\u00e9 confirm\u00e9es sur 2 dates.<\/li>\n<\/ul>\n<ul>\n<li>La visite de l\u2019Assembl\u00e9e Nationale reste toujours d\u2019actualit\u00e9, les contacts pris par Benito Belogi devraient aboutir mais la date est difficile \u00e0 fixer tant due aux conditions de s\u00e9curit\u00e9 qu\u2019aux disponibilit\u00e9s des guides accompagnateurs.<\/li>\n<\/ul>\n<ul>\n<li>Une excursion de 3 jours d\u00e9but octobre se pr\u00e9cise, un programme int\u00e9ressant a \u00e9t\u00e9 propos\u00e9 par Cotentin Tourisme pour la visite de Cherbourg et sa r\u00e9gion. Il reste \u00e0 prendre contact avec une compagnie de cars.<\/li>\n<\/ul>\n<p>Nous avons eu le plaisir d\u2019accueillir de nouveaux membres&nbsp;: Carmine Strangi, Denise Gruaz, Dominique Gallant-Bleuse, G\u00e9rard Th\u00e9ron.<\/p>\n<p>Mais h\u00e9las certains nous ont quitt\u00e9s&nbsp;: Magda Caudrillier, Andr\u00e9 Gerber et Guy Leriverend.<\/p>\n<p>Marie-Christine donne des nouvelles des membres absents qui l\u2019ont contact\u00e9e.<\/p>\n<p>Une r\u00e9union avec la Mutuelle AON a \u00e9t\u00e9 demand\u00e9e par certains membres, Mme Pinel se propose de l\u2019organiser, une date est \u00e0 fixer.<\/p>\n<p>L\u2019assembl\u00e9e g\u00e9n\u00e9rale se termine par le traditionnel pot de l\u2019amiti\u00e9 au cours duquel quelques actifs sont venus nous rejoindre. Merci \u00e0 Jacky Portier pour son cocktail toujours bien appr\u00e9ci\u00e9.<\/p>\n<p><strong>Les membres du bureau vous pr\u00e9sentent leurs meilleurs v\u0153ux pour 2017, que cette nouvelle ann\u00e9e vous apporte joie, bonheur, sant\u00e9 et r\u00e9alisation de vos projets.<\/strong><\/p>\n","protected":false},"excerpt":{"rendered":"<p>COMPTE RENDU DE L\u2019ASSEMBLEE GENERALE&nbsp;DU MERCREDI 14 DECEMBRE 2016. &nbsp;PRESENCE Membres pr\u00e9sents&nbsp; &nbsp;&nbsp;&nbsp;&nbsp;&nbsp;&nbsp;42 Membres repr\u00e9sent\u00e9s&nbsp;&nbsp; 29 Inscrits&nbsp;&nbsp;&nbsp;&nbsp;&nbsp;&nbsp;&nbsp;&nbsp;&nbsp;&nbsp;&nbsp;&nbsp;&nbsp;&nbsp;&nbsp;&nbsp;&nbsp;&nbsp;&nbsp;&nbsp;&nbsp;&nbsp;&nbsp;&nbsp; 84 Merci aux pr\u00e9sents ainsi qu\u2019\u00e0 ceux qui, n\u2019ayant pu \u00eatre l\u00e0, ont envoy\u00e9 leur pouvoir t\u00e9moignant ainsi leur int\u00e9r\u00eat pour l\u2019association. RAPPORT D\u2019ACTIVITES 2016 Sortie du 9 f\u00e9vrier 2016= visite du site GIVAUDAN d\u2019Argenteuil Nous \u00e9tions un&hellip;<\/p>\n","protected":false},"author":1,"featured_media":0,"parent":0,"menu_order":0,"comment_status":"closed","ping_status":"closed","template":"","meta":{"footnotes":""},"class_list":["post-1474","page","type-page","status-publish","hentry","entry","no-media"],"_links":{"self":[{"href":"https:\/\/www.assoargr.fr\/wp-argr\/wp-json\/wp\/v2\/pages\/1474"}],"collection":[{"href":"https:\/\/www.assoargr.fr\/wp-argr\/wp-json\/wp\/v2\/pages"}],"about":[{"href":"https:\/\/www.assoargr.fr\/wp-argr\/wp-json\/wp\/v2\/types\/page"}],"author":[{"embeddable":true,"href":"https:\/\/www.assoargr.fr\/wp-argr\/wp-json\/wp\/v2\/users\/1"}],"replies":[{"embeddable":true,"href":"https:\/\/www.assoargr.fr\/wp-argr\/wp-json\/wp\/v2\/comments?post=1474"}],"version-history":[{"count":2,"href":"https:\/\/www.assoargr.fr\/wp-argr\/wp-json\/wp\/v2\/pages\/1474\/revisions"}],"predecessor-version":[{"id":1807,"href":"https:\/\/www.assoargr.fr\/wp-argr\/wp-json\/wp\/v2\/pages\/1474\/revisions\/1807"}],"wp:attachment":[{"href":"https:\/\/www.assoargr.fr\/wp-argr\/wp-json\/wp\/v2\/media?parent=1474"}],"curies":[{"name":"wp","href":"https:\/\/api.w.org\/{rel}","templated":true}]}}