{"id":1129,"date":"2016-03-25T17:18:11","date_gmt":"2016-03-25T16:18:11","guid":{"rendered":"http:\/\/www.assoargr.fr\/wp-argr\/?page_id=1129"},"modified":"2016-03-25T17:18:11","modified_gmt":"2016-03-25T16:18:11","slug":"assemblee-generale-2009","status":"publish","type":"page","link":"https:\/\/www.assoargr.fr\/wp-argr\/assemblee-generale-2009\/","title":{"rendered":"Assembl\u00e9e g\u00e9n\u00e9rale 2009"},"content":{"rendered":"<p>Pr\u00e9sents ou repr\u00e9sent\u00e9s\u00a0:\u00a065 (\u00e0 compl\u00e9ter)<\/p>\n<p><strong>1) Rapport d\u2019activit\u00e9s 2009.<\/strong><br \/>\nMarie-Christine Huan fait le point des sorties r\u00e9alis\u00e9es en 2009.<br \/>\n-Sortie du 11 juin = 28 personnes pr\u00e9sentes.<br \/>\nLa visite du jardin de Giverny et de la maison de Claude Monet a permis \u00e0 chacun de d\u00e9couvrir ou de red\u00e9couvrir le magnifique cadre fleuri compos\u00e9 par le peintre  et qui a si bien inspir\u00e9 son \u0153uvre.<br \/>\nLe d\u00e9jeuner, juste en face du site, prolongeait de fa\u00e7on agr\u00e9able cette vision.<br \/>\nCette sortie s\u2019est faite en car et malgr\u00e9 le co\u00fbt plus \u00e9lev\u00e9 d\u2019une telle journ\u00e9e les participants souhaitent que cette formule puisse se renouveler, ce qui permet d\u2019\u00e9largir le choix des visites (il est bien entendu que la subvention de l\u2019amicale \u00e9tant plus cons\u00e9quente cela ne pourra se faire qu\u2019occasionnellement).<\/p>\n<p>-Sortie du 13 octobre = 22 personnes pr\u00e9sentes.<br \/>\n \tLa \u00ab\u00a0journ\u00e9e au cirque\u00a0\u00bb \u00e0 Villeneuve la Garenne.<br \/>\nApr\u00e8s un d\u00e9jeuner sous un tr\u00e8s beau chapiteau ancien appartenant \u00e0 la famille Micheletty, un spectacle r\u00e9unissant grands et petits a cl\u00f4tur\u00e9 l\u2019apr\u00e8s midi festif\u00a0. <\/p>\n<p><strong>2)   Bilan comptable 2009.<\/strong><br \/>\nPatrick Rouillier pr\u00e9sente les comptes de l\u2019association\u00a0:<br \/>\nPar le vote des pr\u00e9sents et des repr\u00e9sent\u00e9s la gestion de l\u2019ARGR est acquiesc\u00e9e.<br \/>\n<strong>3) Cotisations 2010.<\/strong><br \/>\nLes comptes de l\u2019amicale \u00e9tant \u00e9quilibr\u00e9s, la cotisation est maintenue \u00e0 16 \u20ac pour les membres et \u00e0 80 \u20ac pour les membres bienfaiteurs (un merci est tout particuli\u00e8rement adress\u00e9 \u00e0 la direction de la soci\u00e9t\u00e9 GIVAUDAN pour sa g\u00e9n\u00e9reuse participation).<\/p>\n<p><strong>4) Questions diverses.<\/strong><br \/>\nCette ann\u00e9e, \u00e0 la demande de certains membres et d\u2019argenteuillais, le traditionnel couscous pr\u00e9c\u00e9dant l\u2019AG a eu lieu au restaurant d\u2019Argenteuil le \u00ab\u00a0Terminus\u00a0\u00bb. L\u2019assembl\u00e9e a d\u00e9cid\u00e9, vu les prestations et leurs co\u00fbts, de renouveler ce choix l\u2019an prochain.<br \/>\nComme toujours le Pr\u00e9sident remercie les membres pr\u00e9sents et ceux qui, m\u00eame \u00e9loign\u00e9s, t\u00e9moignent de leur fid\u00e9lit\u00e9 et s\u2019acquittent de la cotisation.<br \/>\nIl est rappel\u00e9 la disparition de 3 membres pendant l\u2019ann\u00e9e, en y ajoutant les noms de G\u00e9rard Chesta (que beaucoup connaissait m\u00eame s\u2019il ne faisait pas partie de l\u2019ARGR) et celui du mari d\u2019Alice Porte.<br \/>\nDes nouvelles des absents sont partag\u00e9es et le \u00ab\u00a0pot de l\u2019amiti\u00e9\u00a0\u00bbauquel participent de nombreux actifs, termine agr\u00e9ablement cette journ\u00e9e\t\t\t\t\t\t\t   <\/p>\n<p>Le Bureau<\/p>\n","protected":false},"excerpt":{"rendered":"<p>Pr\u00e9sents ou repr\u00e9sent\u00e9s\u00a0:\u00a065 (\u00e0 compl\u00e9ter) 1) Rapport d\u2019activit\u00e9s 2009. Marie-Christine Huan fait le point des sorties r\u00e9alis\u00e9es en 2009. -Sortie du 11 juin = 28 personnes pr\u00e9sentes. La visite du jardin de Giverny et de la maison de Claude Monet a permis \u00e0 chacun de d\u00e9couvrir ou de red\u00e9couvrir le magnifique cadre fleuri compos\u00e9 par&hellip;<\/p>\n","protected":false},"author":1,"featured_media":0,"parent":0,"menu_order":0,"comment_status":"closed","ping_status":"closed","template":"","meta":{"footnotes":""},"class_list":["post-1129","page","type-page","status-publish","hentry","entry","no-media"],"_links":{"self":[{"href":"https:\/\/www.assoargr.fr\/wp-argr\/wp-json\/wp\/v2\/pages\/1129"}],"collection":[{"href":"https:\/\/www.assoargr.fr\/wp-argr\/wp-json\/wp\/v2\/pages"}],"about":[{"href":"https:\/\/www.assoargr.fr\/wp-argr\/wp-json\/wp\/v2\/types\/page"}],"author":[{"embeddable":true,"href":"https:\/\/www.assoargr.fr\/wp-argr\/wp-json\/wp\/v2\/users\/1"}],"replies":[{"embeddable":true,"href":"https:\/\/www.assoargr.fr\/wp-argr\/wp-json\/wp\/v2\/comments?post=1129"}],"version-history":[{"count":1,"href":"https:\/\/www.assoargr.fr\/wp-argr\/wp-json\/wp\/v2\/pages\/1129\/revisions"}],"predecessor-version":[{"id":1130,"href":"https:\/\/www.assoargr.fr\/wp-argr\/wp-json\/wp\/v2\/pages\/1129\/revisions\/1130"}],"wp:attachment":[{"href":"https:\/\/www.assoargr.fr\/wp-argr\/wp-json\/wp\/v2\/media?parent=1129"}],"curies":[{"name":"wp","href":"https:\/\/api.w.org\/{rel}","templated":true}]}}