{"id":108,"date":"2016-03-22T11:37:53","date_gmt":"2016-03-22T10:37:53","guid":{"rendered":"http:\/\/www.assoargr.fr\/wp-argr\/?page_id=108"},"modified":"2016-03-22T11:42:52","modified_gmt":"2016-03-22T10:42:52","slug":"assemblee-generale-2015","status":"publish","type":"page","link":"https:\/\/www.assoargr.fr\/wp-argr\/assemblee-generale-2015\/","title":{"rendered":"Assembl\u00e9e g\u00e9n\u00e9rale 2015"},"content":{"rendered":"\n\t\t<!-- MasterSlider -->\n\t\t<div id=\"P_MS56ff7984dbf4d\" class=\"master-slider-parent msl ms-parent-id-1\" style=\"max-width:800px;\"  >\n\n\t\t\t\n\t\t\t<!-- MasterSlider Main -->\n\t\t\t<div id=\"MS56ff7984dbf4d\" class=\"master-slider ms-skin-default\" >\n\t\t\t\t \t\t\t\t \n\t\t\t\t<div  class=\"ms-slide\" data-delay=\"3\" data-fill-mode=\"fill\"  >\n\t\t\t\t\t<img decoding=\"async\" src=\"http:\/\/www.assoargr.fr\/wp-argr\/wp-content\/plugins\/master-slider\/public\/assets\/css\/blank.gif\" alt=\"\" title=\"\" data-src=\"http:\/\/www.assoargr.fr\/wp-argr\/wp-content\/uploads\/2016\/03\/img1.jpg\" \/>\n\n\n\t<img decoding=\"async\" class=\"ms-thumb\" src=\"http:\/\/www.assoargr.fr\/wp-argr\/wp-content\/uploads\/2016\/03\/img1-140x80.jpg\" alt=\"\" \/>\n\t<div class=\"ms-thumb\" ><div class=\"ms-tab-context\"><div class=&quot;ms-tab-context&quot;><\/div><\/div>\n<\/div>\n\t\t\t\t<\/div>\n\t\t\t\t<div  class=\"ms-slide\" data-delay=\"3\" data-fill-mode=\"fill\"  >\n\t\t\t\t\t<img decoding=\"async\" src=\"http:\/\/www.assoargr.fr\/wp-argr\/wp-content\/plugins\/master-slider\/public\/assets\/css\/blank.gif\" alt=\"\" title=\"\" data-src=\"http:\/\/www.assoargr.fr\/wp-argr\/wp-content\/uploads\/2016\/03\/img3.jpg\" \/>\n\n\n\t<img decoding=\"async\" class=\"ms-thumb\" src=\"http:\/\/www.assoargr.fr\/wp-argr\/wp-content\/uploads\/2016\/03\/img3-140x80.jpg\" alt=\"\" \/>\n\t<div class=\"ms-thumb\" ><div class=\"ms-tab-context\"><div class=&quot;ms-tab-context&quot;><\/div><\/div>\n<\/div>\n\t\t\t\t<\/div>\n\t\t\t\t<div  class=\"ms-slide\" data-delay=\"3\" data-fill-mode=\"fill\"  >\n\t\t\t\t\t<img decoding=\"async\" src=\"http:\/\/www.assoargr.fr\/wp-argr\/wp-content\/plugins\/master-slider\/public\/assets\/css\/blank.gif\" alt=\"\" title=\"\" data-src=\"http:\/\/www.assoargr.fr\/wp-argr\/wp-content\/uploads\/2016\/03\/img2.jpg\" \/>\n\n\n\t<img decoding=\"async\" class=\"ms-thumb\" src=\"http:\/\/www.assoargr.fr\/wp-argr\/wp-content\/uploads\/2016\/03\/img2-140x80.jpg\" alt=\"\" \/>\n\t<div class=\"ms-thumb\" ><div class=\"ms-tab-context\"><div class=&quot;ms-tab-context&quot;><\/div><\/div>\n<\/div>\n\t\t\t\t<\/div>\n\t\t\t\t<div  class=\"ms-slide\" data-delay=\"3\" data-fill-mode=\"fill\"  >\n\t\t\t\t\t<img decoding=\"async\" src=\"http:\/\/www.assoargr.fr\/wp-argr\/wp-content\/plugins\/master-slider\/public\/assets\/css\/blank.gif\" alt=\"\" title=\"\" data-src=\"http:\/\/www.assoargr.fr\/wp-argr\/wp-content\/uploads\/2016\/03\/img4.jpg\" \/>\n\n\n\t<img decoding=\"async\" class=\"ms-thumb\" src=\"http:\/\/www.assoargr.fr\/wp-argr\/wp-content\/uploads\/2016\/03\/img4-140x80.jpg\" alt=\"\" \/>\n\t<div class=\"ms-thumb\" ><div class=\"ms-tab-context\"><div class=&quot;ms-tab-context&quot;><\/div><\/div>\n<\/div>\n\t\t\t\t<\/div>\n\t\t\t\t<div  class=\"ms-slide\" data-delay=\"3\" data-fill-mode=\"fill\"  >\n\t\t\t\t\t<img decoding=\"async\" src=\"http:\/\/www.assoargr.fr\/wp-argr\/wp-content\/plugins\/master-slider\/public\/assets\/css\/blank.gif\" alt=\"\" title=\"\" data-src=\"http:\/\/www.assoargr.fr\/wp-argr\/wp-content\/uploads\/2016\/03\/img5.jpg\" \/>\n\n\n\t<img decoding=\"async\" class=\"ms-thumb\" src=\"http:\/\/www.assoargr.fr\/wp-argr\/wp-content\/uploads\/2016\/03\/img5-140x80.jpg\" alt=\"\" \/>\n\t<div class=\"ms-thumb\" ><div class=\"ms-tab-context\"><div class=&quot;ms-tab-context&quot;><\/div><\/div>\n<\/div>\n\t\t\t\t<\/div>\n\t\t\t\t<div  class=\"ms-slide\" data-delay=\"3\" data-fill-mode=\"fill\"  >\n\t\t\t\t\t<img decoding=\"async\" src=\"http:\/\/www.assoargr.fr\/wp-argr\/wp-content\/plugins\/master-slider\/public\/assets\/css\/blank.gif\" alt=\"\" title=\"\" data-src=\"http:\/\/www.assoargr.fr\/wp-argr\/wp-content\/uploads\/2016\/03\/img6.jpg\" \/>\n\n\n\t<img decoding=\"async\" class=\"ms-thumb\" src=\"http:\/\/www.assoargr.fr\/wp-argr\/wp-content\/uploads\/2016\/03\/img6-140x80.jpg\" alt=\"\" \/>\n\t<div class=\"ms-thumb\" ><div class=\"ms-tab-context\"><div class=&quot;ms-tab-context&quot;><\/div><\/div>\n<\/div>\n\t\t\t\t<\/div>\n\t\t\t\t<div  class=\"ms-slide\" data-delay=\"3\" data-fill-mode=\"fill\"  >\n\t\t\t\t\t<img decoding=\"async\" src=\"http:\/\/www.assoargr.fr\/wp-argr\/wp-content\/plugins\/master-slider\/public\/assets\/css\/blank.gif\" alt=\"\" title=\"\" data-src=\"http:\/\/www.assoargr.fr\/wp-argr\/wp-content\/uploads\/2016\/03\/img8.jpg\" \/>\n\n\n\t<img decoding=\"async\" class=\"ms-thumb\" src=\"http:\/\/www.assoargr.fr\/wp-argr\/wp-content\/uploads\/2016\/03\/img8-140x80.jpg\" alt=\"\" \/>\n\t<div class=\"ms-thumb\" ><div class=\"ms-tab-context\"><div class=&quot;ms-tab-context&quot;><\/div><\/div>\n<\/div>\n\t\t\t\t<\/div>\n\t\t\t\t<div  class=\"ms-slide\" data-delay=\"3\" data-fill-mode=\"fill\"  >\n\t\t\t\t\t<img decoding=\"async\" src=\"http:\/\/www.assoargr.fr\/wp-argr\/wp-content\/plugins\/master-slider\/public\/assets\/css\/blank.gif\" alt=\"\" title=\"\" data-src=\"http:\/\/www.assoargr.fr\/wp-argr\/wp-content\/uploads\/2016\/03\/img7.jpg\" \/>\n\n\n\t<img decoding=\"async\" class=\"ms-thumb\" src=\"http:\/\/www.assoargr.fr\/wp-argr\/wp-content\/uploads\/2016\/03\/img7-140x80.jpg\" alt=\"\" \/>\n\t<div class=\"ms-thumb\" ><div class=\"ms-tab-context\"><div class=&quot;ms-tab-context&quot;><\/div><\/div>\n<\/div>\n\t\t\t\t<\/div>\n\t\t\t\t<div  class=\"ms-slide\" data-delay=\"3\" data-fill-mode=\"fill\"  >\n\t\t\t\t\t<img decoding=\"async\" src=\"http:\/\/www.assoargr.fr\/wp-argr\/wp-content\/plugins\/master-slider\/public\/assets\/css\/blank.gif\" alt=\"\" title=\"\" data-src=\"http:\/\/www.assoargr.fr\/wp-argr\/wp-content\/uploads\/2016\/03\/img10.jpg\" \/>\n\n\n\t<img decoding=\"async\" class=\"ms-thumb\" src=\"http:\/\/www.assoargr.fr\/wp-argr\/wp-content\/uploads\/2016\/03\/img10-140x80.jpg\" alt=\"\" \/>\n\t<div class=\"ms-thumb\" ><div class=\"ms-tab-context\"><div class=&quot;ms-tab-context&quot;><\/div><\/div>\n<\/div>\n\t\t\t\t<\/div>\n\t\t\t\t<div  class=\"ms-slide\" data-delay=\"3\" data-fill-mode=\"fill\"  >\n\t\t\t\t\t<img decoding=\"async\" src=\"http:\/\/www.assoargr.fr\/wp-argr\/wp-content\/plugins\/master-slider\/public\/assets\/css\/blank.gif\" alt=\"\" title=\"\" data-src=\"http:\/\/www.assoargr.fr\/wp-argr\/wp-content\/uploads\/2016\/03\/img9.jpg\" \/>\n\n\n\t<img decoding=\"async\" class=\"ms-thumb\" src=\"http:\/\/www.assoargr.fr\/wp-argr\/wp-content\/uploads\/2016\/03\/img9-140x80.jpg\" alt=\"\" \/>\n\t<div class=\"ms-thumb\" ><div class=\"ms-tab-context\"><div class=&quot;ms-tab-context&quot;><\/div><\/div>\n<\/div>\n\t\t\t\t<\/div>\n\t\t\t\t<div  class=\"ms-slide\" data-delay=\"3\" data-fill-mode=\"fill\"  >\n\t\t\t\t\t<img decoding=\"async\" src=\"http:\/\/www.assoargr.fr\/wp-argr\/wp-content\/plugins\/master-slider\/public\/assets\/css\/blank.gif\" alt=\"\" title=\"\" data-src=\"http:\/\/www.assoargr.fr\/wp-argr\/wp-content\/uploads\/2016\/03\/img12.jpg\" \/>\n\n\n\t<img decoding=\"async\" class=\"ms-thumb\" src=\"http:\/\/www.assoargr.fr\/wp-argr\/wp-content\/uploads\/2016\/03\/img12-140x80.jpg\" alt=\"\" \/>\n\t<div class=\"ms-thumb\" ><div class=\"ms-tab-context\"><div class=&quot;ms-tab-context&quot;><\/div><\/div>\n<\/div>\n\t\t\t\t<\/div>\n\t\t\t\t<div  class=\"ms-slide\" data-delay=\"3\" data-fill-mode=\"fill\"  >\n\t\t\t\t\t<img decoding=\"async\" src=\"http:\/\/www.assoargr.fr\/wp-argr\/wp-content\/plugins\/master-slider\/public\/assets\/css\/blank.gif\" alt=\"\" title=\"\" data-src=\"http:\/\/www.assoargr.fr\/wp-argr\/wp-content\/uploads\/2016\/03\/img11.jpg\" \/>\n\n\n\t<img decoding=\"async\" class=\"ms-thumb\" src=\"http:\/\/www.assoargr.fr\/wp-argr\/wp-content\/uploads\/2016\/03\/img11-140x80.jpg\" alt=\"\" \/>\n\t<div class=\"ms-thumb\" ><div class=\"ms-tab-context\"><div class=&quot;ms-tab-context&quot;><\/div><\/div>\n<\/div>\n\t\t\t\t<\/div>\n\t\t\t\t<div  class=\"ms-slide\" data-delay=\"3\" data-fill-mode=\"fill\"  >\n\t\t\t\t\t<img decoding=\"async\" src=\"http:\/\/www.assoargr.fr\/wp-argr\/wp-content\/plugins\/master-slider\/public\/assets\/css\/blank.gif\" alt=\"\" title=\"\" data-src=\"http:\/\/www.assoargr.fr\/wp-argr\/wp-content\/uploads\/2016\/03\/img13.jpg\" \/>\n\n\n\t<img decoding=\"async\" class=\"ms-thumb\" src=\"http:\/\/www.assoargr.fr\/wp-argr\/wp-content\/uploads\/2016\/03\/img13-140x80.jpg\" alt=\"\" \/>\n\t<div class=\"ms-thumb\" ><div class=\"ms-tab-context\"><div class=&quot;ms-tab-context&quot;><\/div><\/div>\n<\/div>\n\t\t\t\t<\/div>\n\t\t\t\t<div  class=\"ms-slide\" data-delay=\"3\" data-fill-mode=\"fill\"  >\n\t\t\t\t\t<img decoding=\"async\" src=\"http:\/\/www.assoargr.fr\/wp-argr\/wp-content\/plugins\/master-slider\/public\/assets\/css\/blank.gif\" alt=\"\" title=\"\" data-src=\"http:\/\/www.assoargr.fr\/wp-argr\/wp-content\/uploads\/2016\/03\/img15.jpg\" \/>\n\n\n\t<img decoding=\"async\" class=\"ms-thumb\" src=\"http:\/\/www.assoargr.fr\/wp-argr\/wp-content\/uploads\/2016\/03\/img15-140x80.jpg\" alt=\"\" \/>\n\t<div class=\"ms-thumb\" ><div class=\"ms-tab-context\"><div class=&quot;ms-tab-context&quot;><\/div><\/div>\n<\/div>\n\t\t\t\t<\/div>\n\t\t\t\t<div  class=\"ms-slide\" data-delay=\"3\" data-fill-mode=\"fill\"  >\n\t\t\t\t\t<img decoding=\"async\" src=\"http:\/\/www.assoargr.fr\/wp-argr\/wp-content\/plugins\/master-slider\/public\/assets\/css\/blank.gif\" alt=\"\" title=\"\" data-src=\"http:\/\/www.assoargr.fr\/wp-argr\/wp-content\/uploads\/2016\/03\/img14.jpg\" \/>\n\n\n\t<img decoding=\"async\" class=\"ms-thumb\" src=\"http:\/\/www.assoargr.fr\/wp-argr\/wp-content\/uploads\/2016\/03\/img14-140x80.jpg\" alt=\"\" \/>\n\t<div class=\"ms-thumb\" ><div class=\"ms-tab-context\"><div class=&quot;ms-tab-context&quot;><\/div><\/div>\n<\/div>\n\t\t\t\t<\/div>\n\t\t\t\t<div  class=\"ms-slide\" data-delay=\"3\" data-fill-mode=\"fill\"  >\n\t\t\t\t\t<img decoding=\"async\" src=\"http:\/\/www.assoargr.fr\/wp-argr\/wp-content\/plugins\/master-slider\/public\/assets\/css\/blank.gif\" alt=\"\" title=\"\" data-src=\"http:\/\/www.assoargr.fr\/wp-argr\/wp-content\/uploads\/2016\/03\/img17.jpg\" \/>\n\n\n\t<img decoding=\"async\" class=\"ms-thumb\" src=\"http:\/\/www.assoargr.fr\/wp-argr\/wp-content\/uploads\/2016\/03\/img17-140x80.jpg\" alt=\"\" \/>\n\t<div class=\"ms-thumb\" ><div class=\"ms-tab-context\"><div class=&quot;ms-tab-context&quot;><\/div><\/div>\n<\/div>\n\t\t\t\t<\/div>\n\t\t\t\t<div  class=\"ms-slide\" data-delay=\"3\" data-fill-mode=\"fill\"  >\n\t\t\t\t\t<img decoding=\"async\" src=\"http:\/\/www.assoargr.fr\/wp-argr\/wp-content\/plugins\/master-slider\/public\/assets\/css\/blank.gif\" alt=\"\" title=\"\" data-src=\"http:\/\/www.assoargr.fr\/wp-argr\/wp-content\/uploads\/2016\/03\/img16.jpg\" \/>\n\n\n\t<img decoding=\"async\" class=\"ms-thumb\" src=\"http:\/\/www.assoargr.fr\/wp-argr\/wp-content\/uploads\/2016\/03\/img16-140x80.jpg\" alt=\"\" \/>\n\t<div class=\"ms-thumb\" ><div class=\"ms-tab-context\"><div class=&quot;ms-tab-context&quot;><\/div><\/div>\n<\/div>\n\t\t\t\t<\/div>\n\n\t\t\t<\/div>\n\t\t\t<!-- END MasterSlider Main -->\n\n\t\t\t \n\t\t<\/div>\n\t\t<!-- END MasterSlider -->\n\n\t\t<script>\n\t\t(function ( $ ) {\n\t\t\t\"use strict\";\n\n\t\t\t$(function () {\n\t\t\t\tvar masterslider_bf4d = new MasterSlider();\n\n\t\t\t\t\/\/ slider controls\n\t\t\t\tmasterslider_bf4d.control('arrows'     ,{ autohide:false, overVideo:true  });\t\t\t\tmasterslider_bf4d.control('bullets'    ,{ autohide:false, overVideo:true, dir:'h', align:'bottom' , margin:10  });\n\n\t\t\t\tmasterslider_bf4d.control('thumblist'  ,{ autohide:false, overVideo:true, dir:'h', speed:17, inset:false, arrows:false, hover:false, customClass:'', align:'bottom',type:'thumbs', margin:5, width:140, height:80, space:5, fillMode:'fill'  });\n\t\t\t\t\/\/ slider setup\n\t\t\t\tmasterslider_bf4d.setup(\"MS56ff7984dbf4d\", {\n\t\t\t\t\t\twidth           : 800,\n\t\t\t\t\t\theight          : 480,\n\t\t\t\t\t\tminHeight       : 0,\n\t\t\t\t\t\tspace           : 0,\n\t\t\t\t\t\tstart           : 1,\n\t\t\t\t\t\tgrabCursor      : true,\n\t\t\t\t\t\tswipe           : true,\n\t\t\t\t\t\tmouse           : true,\n\t\t\t\t\t\tlayout          : \"boxed\",\n\t\t\t\t\t\twheel           : false,\n\t\t\t\t\t\tautoplay        : false,\n\t\t\t\t\t\tinstantStartLayers:false,\n\t\t\t\t\t\tloop            : false,\n\t\t\t\t\t\tshuffle         : false,\n\t\t\t\t\t\tpreload         : 0,\n\t\t\t\t\t\theightLimit     : true,\n\t\t\t\t\t\tautoHeight      : false,\n\t\t\t\t\t\tsmoothHeight    : true,\n\t\t\t\t\t\tendPause        : false,\n\t\t\t\t\t\toverPause       : true,\n\t\t\t\t\t\tfillMode        : \"fill\",\n\t\t\t\t\t\tcenterControls  : true,\n\t\t\t\t\t\tstartOnAppear   : false,\n\t\t\t\t\t\tlayersMode      : \"center\",\n\t\t\t\t\t\thideLayers      : false,\n\t\t\t\t\t\tfullscreenMargin: 0,\n\t\t\t\t\t\tspeed           : 20,\n\t\t\t\t\t\tdir             : \"h\",\n\t\t\t\t\t\tparallaxMode    : 'swipe',\n\t\t\t\t\t\tview            : \"basic\"\n\t\t\t\t});\n\n\t\t\t\t\n\t\t\t\twindow.masterslider_instances = window.masterslider_instances || [];\n\t\t\t\twindow.masterslider_instances.push( masterslider_bf4d );\n\t\t\t });\n\n\t\t})(jQuery);\n\t\t<\/script>\n\n\n<h2>Compte rendu de l&rsquo;assembl\u00e9e g\u00e9n\u00e9rale<\/h2>\n<p><b>PRESENCE <\/b> <\/p>\n<p>                                                                                            Membres pr\u00e9sents         35  <br \/>                                                                                                                        Membres repr\u00e9sent\u00e9s   29   <br \/>                                                                                                                        Membres inscrits            76 <br \/> <br \/>\nMerci aux pr\u00e9sents et \u00e0 ceux qui n\u2019ayant pu \u00eatre l\u00e0 ont envoy\u00e9 leur pouvoir, t\u00e9moignant ainsi leur int\u00e9r\u00eat pour l\u2019association. <\/p>\n<p><b>RAPPORT D\u2019ACTIVITES 2015. <\/b><\/p>\n<p>Voyage \u00e0 Londres du 7 au 9 avril 2015\u00a0: <\/p>\n<p>22 participants ont d\u00e9couvert ou red\u00e9couvert la capitale anglaise. Apr\u00e8s un voyage par l\u2019Eurostar, c\u2019est un guide tr\u00e8s \u00abbritish\u00bb qui nous a guid\u00e9 \u00e0 travers Londres et ses principales curiosit\u00e9s\u00a0: la Tour de Londres, Westminter, une croisi\u00e8re sur la Tamise, un tour de ville en car\u2026sans oublier quelques pubs. Quelques heures de temps libre ont permis \u00e0 chacun de visiter mus\u00e9es ou de se balader au gr\u00e9 de l\u2019envie et bien s\u00fbr de faire des achats. Nous avons b\u00e9n\u00e9fici\u00e9 d\u2019une m\u00e9t\u00e9o tr\u00e8s cl\u00e9mente pour ne rien g\u00e2ter. <\/p>\n<p>Sortie du 9 juin 2015 \u00e0 la Manufacture des Gobelins\u00a0: <\/p>\n<p>Ce sont 26 participants qui ont arpent\u00e9 ce bel ensemble architectural de Paris qui abrite une partie des locaux o\u00f9 se tissent encore de fa\u00e7on ancestrale de magnifiques tapisseries. Elles ne sont pas \u00e0 vendre mais sont destin\u00e9es \u00e0 l\u2019\u00e9tat pour d\u00e9corer des \u00e9difices publics ou \u00e0 \u00eatre offertes lors de missions diplomatiques. Les techniques de haute et basse lisse sont utilis\u00e9es et une \u00e9cole sur les lieux forme les futurs lissiers  qui travailleront d\u2019apr\u00e8s des cartons d\u2019artistes contemporains. Ce lieu abrite aussi les ateliers du Mobilier National, mais ne se visite pas, des expositions temporaires permettent toutefois d\u2019admirer le savoir faire de ces \u00e9b\u00e9nistes cr\u00e9ateurs et r\u00e9parateurs.                                                                                                                                           La visite avait \u00e9t\u00e9 pr\u00e9c\u00e9d\u00e9e d\u2019un d\u00e9jeuner dans une brasserie proche o\u00f9 un soleil bienvenu nous a permis de se tenir en ext\u00e9rieur. <\/p>\n<p>Sortie du 5 novembre 2015\u00a0:\u00a0 \u00ab les Coulisses du Ch\u00e2telet\u00a0\u00bb <\/p>\n<p>39 personnes pr\u00e9sentes et c\u2019est en 2 groupes que s\u2019est effectu\u00e9e la visite.             Apr\u00e8s avoir admir\u00e9 la vue \u00e0 partir de la terrasse du th\u00e9\u00e2tre nous avons d\u00e9couvert les diff\u00e9rentes pi\u00e8ces r\u00e9serv\u00e9es au travail des danseurs, les foyers, la galerie du 1er \u00e9tage avec sa fresque moderne, les salons, les sous sols et leurs machineries, mais aussi un entassement d\u2019objets h\u00e9t\u00e9roclites. On a aussi pu voir la grande et belle salle qui accueille au cours de l\u2019ann\u00e9e concerts, op\u00e9rettes, ballets, op\u00e9ras et vari\u00e9t\u00e9s sans oublier la c\u00e9l\u00e8bre c\u00e9r\u00e9monie de remise des C\u00e9sars.  <br \/>                                                                                               Pour clore notre sortie, nous nous sommes retrouv\u00e9s pour un repas \u00e0 la brasserie adjacente au th\u00e9\u00e2tre. En plus de se sustenter nous avons pu nous remettre de notre fatigue suite aux nombreux escaliers pratiqu\u00e9s\u2026\u00a0!!! <\/p>\n<p><b>RAPPORT FINANCIER\u00a0: <\/b><\/p>\n<p>En tant que tr\u00e9sorier, Patrice pr\u00e9sente les comptes pour la p\u00e9riode du 1er d\u00e9cembre 2014 au 30 novembre 2015. Les d\u00e9penses pour l\u2019ann\u00e9e s\u2019\u00e9l\u00e8vent \u00e0 10.776 \u20ac pour 6.297 \u20ac de recettes. Le voyage \u00e0 Londres explique l\u2019importance des d\u00e9penses par rapport aux recettes qui ont \u00e9t\u00e9 compens\u00e9es par une partie du solde des comptes courants et sur livret. <br \/> <br \/>\nAucune observation ou question n\u2019ayant \u00e9t\u00e9 formul\u00e9e, la gestion est approuv\u00e9e et la Soci\u00e9t\u00e9 Givaudan est remerci\u00e9e pour sa g\u00e9n\u00e9reuse participation. <\/p>\n<p><b>DIVERS\u00a0: <\/b><\/p>\n<p>Marie-Christine \u00e9voque les projets pour 2016\u00a0:  <br \/> <br \/>\n Le 9 f\u00e9vrier, Martine Uzan fera visiter l\u2019ECC et d\u2019autres services du site d\u2019Argenteuil que les plus anciens ne connaissent pas.<br \/>\nBenito Belogi est en pourparler pour une visite de l\u2019Assembl\u00e9e Nationale.<br \/>\nUne vir\u00e9e en baie de Somme ou dans le Cotentin est \u00e0 l\u2019\u00e9tude.<br \/>\nMarie-Christine donne quelques nouvelles des absents qui ont donn\u00e9 signe de vie.<br \/>\nMarie-Christine remercie les membres du bureau pour leur participation \u00e0 la bonne gestion de l\u2019association. Il est propos\u00e9 \u00e0 chacun dans l\u2019assistance de venir rejoindre le bureau, pas de volontaire\u2026\u00a0!!! <br \/> <br \/>\nNous avons eu le plaisir d\u2019accueillir de nouveaux membres au cours de cette ann\u00e9e\u00a0: Jocelyne Le Hir, Pascal Frelon, Bernard Escano, B\u00e9atrice Gapaillard et d\u2019autres membres viennent nous rejoindre \u00e0 l\u2019issue de cette AG\u00a0: Raymonde Menu, G\u00e9rard Th\u00e9ron, Brigitte Bardalou, Philippe Trouillet, Jean-Marc Lecerf, Ginette et Philippe Brombach, Bernard Calin. Bienvenue aux nouveaux et que chacun n\u2019h\u00e9site pas \u00e0 parler de notre association autour de lui. <br \/> <br \/>\nL\u2019assembl\u00e9e g\u00e9n\u00e9rale se termine par le pot traditionnel de l\u2019amiti\u00e9 au cours duquel quelques actifs sont venus nous rejoindre.  <br \/> <br \/>\nMerci \u00e0 Jacky qui nous a concoct\u00e9 son toujours tr\u00e8s savoureux cocktail gourmand.   <\/p>\n<p><b>Les membres du bureau vous pr\u00e9sentent leurs meilleurs v\u0153ux pour l\u2019ann\u00e9e 2016, que cette nouvelle ann\u00e9e vous apporte joie, r\u00e9ussite et sant\u00e9 \u00e0 vous et votre famille.<\/b><br \/>\n<\/span><\/p>\n","protected":false},"excerpt":{"rendered":"<p>Compte rendu de l&rsquo;assembl\u00e9e g\u00e9n\u00e9rale PRESENCE Membres pr\u00e9sents 35 Membres repr\u00e9sent\u00e9s 29 Membres inscrits 76 Merci aux pr\u00e9sents et \u00e0 ceux qui n\u2019ayant pu \u00eatre l\u00e0 ont envoy\u00e9 leur pouvoir, t\u00e9moignant ainsi leur int\u00e9r\u00eat pour l\u2019association. RAPPORT D\u2019ACTIVITES 2015. Voyage \u00e0 Londres du 7 au 9 avril 2015\u00a0: 22 participants ont d\u00e9couvert ou red\u00e9couvert la&hellip;<\/p>\n","protected":false},"author":1,"featured_media":0,"parent":0,"menu_order":0,"comment_status":"closed","ping_status":"closed","template":"","meta":{"footnotes":""},"class_list":["post-108","page","type-page","status-publish","hentry","entry","no-media"],"_links":{"self":[{"href":"https:\/\/www.assoargr.fr\/wp-argr\/wp-json\/wp\/v2\/pages\/108"}],"collection":[{"href":"https:\/\/www.assoargr.fr\/wp-argr\/wp-json\/wp\/v2\/pages"}],"about":[{"href":"https:\/\/www.assoargr.fr\/wp-argr\/wp-json\/wp\/v2\/types\/page"}],"author":[{"embeddable":true,"href":"https:\/\/www.assoargr.fr\/wp-argr\/wp-json\/wp\/v2\/users\/1"}],"replies":[{"embeddable":true,"href":"https:\/\/www.assoargr.fr\/wp-argr\/wp-json\/wp\/v2\/comments?post=108"}],"version-history":[{"count":2,"href":"https:\/\/www.assoargr.fr\/wp-argr\/wp-json\/wp\/v2\/pages\/108\/revisions"}],"predecessor-version":[{"id":138,"href":"https:\/\/www.assoargr.fr\/wp-argr\/wp-json\/wp\/v2\/pages\/108\/revisions\/138"}],"wp:attachment":[{"href":"https:\/\/www.assoargr.fr\/wp-argr\/wp-json\/wp\/v2\/media?parent=108"}],"curies":[{"name":"wp","href":"https:\/\/api.w.org\/{rel}","templated":true}]}}